{"id":3493,"date":"2019-05-29T18:37:31","date_gmt":"2019-05-29T16:37:31","guid":{"rendered":"https:\/\/fontanalsgolfclub.com\/aviso-legal-y-politica-de-privacidad\/"},"modified":"2025-05-23T11:18:18","modified_gmt":"2025-05-23T09:18:18","slug":"avis-legal","status":"publish","type":"page","link":"https:\/\/fontanalsgolfclub.com\/ca\/avis-legal\/","title":{"rendered":"Av\u00eds Legal"},"content":{"rendered":"[vc_row type=&#8221;full_width_background&#8221; full_screen_row_position=&#8221;middle&#8221; column_margin=&#8221;default&#8221; column_direction=&#8221;default&#8221; column_direction_tablet=&#8221;default&#8221; column_direction_phone=&#8221;default&#8221; scene_position=&#8221;center&#8221; top_padding=&#8221;50&#8243; bottom_padding=&#8221;100&#8243; text_color=&#8221;custom&#8221; custom_text_color=&#8221;#30323b&#8221; text_align=&#8221;left&#8221; row_border_radius=&#8221;none&#8221; row_border_radius_applies=&#8221;bg&#8221; overlay_strength=&#8221;0.3&#8243; gradient_direction=&#8221;left_to_right&#8221; shape_divider_position=&#8221;bottom&#8221; bg_image_animation=&#8221;none&#8221; shape_type=&#8221;&#8221;][vc_column column_padding=&#8221;no-extra-padding&#8221; column_padding_tablet=&#8221;inherit&#8221; column_padding_phone=&#8221;inherit&#8221; column_padding_position=&#8221;all&#8221; background_color_opacity=&#8221;1&#8243; background_hover_color_opacity=&#8221;1&#8243; column_shadow=&#8221;none&#8221; column_border_radius=&#8221;none&#8221; column_link_target=&#8221;_self&#8221; gradient_direction=&#8221;left_to_right&#8221; overlay_strength=&#8221;0.3&#8243; width=&#8221;1\/6&#8243; tablet_width_inherit=&#8221;default&#8221; tablet_text_alignment=&#8221;default&#8221; phone_text_alignment=&#8221;default&#8221; column_border_width=&#8221;none&#8221; column_border_style=&#8221;solid&#8221; bg_image_animation=&#8221;none&#8221; enable_animation=&#8221;true&#8221; animation=&#8221;fade-in&#8221;][\/vc_column][vc_column column_padding=&#8221;no-extra-padding&#8221; column_padding_tablet=&#8221;inherit&#8221; column_padding_phone=&#8221;inherit&#8221; column_padding_position=&#8221;all&#8221; background_color_opacity=&#8221;1&#8243; background_hover_color_opacity=&#8221;1&#8243; column_shadow=&#8221;none&#8221; column_border_radius=&#8221;none&#8221; column_link_target=&#8221;_self&#8221; gradient_direction=&#8221;left_to_right&#8221; overlay_strength=&#8221;0.3&#8243; width=&#8221;2\/3&#8243; tablet_width_inherit=&#8221;default&#8221; tablet_text_alignment=&#8221;default&#8221; phone_text_alignment=&#8221;default&#8221; column_border_width=&#8221;none&#8221; column_border_style=&#8221;solid&#8221; bg_image_animation=&#8221;none&#8221;][vc_column_text]\n<h1 style=\"color: #b28d56;\">Av\u00eds Legal<\/h1>\n[\/vc_column_text][vc_column_text]En compliment de la Llei 34\/2002, d&#8217;11 de juliol, de Serveis de la Societat de la Informaci\u00f3 i de Comer\u00e7 Electr\u00f2nic (LSSI-CE), FONTANALS\u00a0ESPORTIVA\u00a0SA informa que \u00e9s titular del lloc web. D&#8217;acord amb l&#8217;exig\u00e8ncia de l&#8217;article 10 de la citada Llei, FONTANALS\u00a0ESPORTIVA\u00a0SA informa de les seg\u00fcents dades:<\/p>\n<p>RA\u00d3 SOCIAL: FONTANALS\u00a0ESPORTIVA\u00a0SA<br \/>\nNIF: A59985234<br \/>\nADRE\u00c7A POSTAL: MALLORCA, 228 2n 1\u00aa 08008, BARCELONA<br \/>\nADRE\u00c7A ELECTR\u00d2NICA: hola@fontanalsgolfclub.com<br \/>\nTEL\u00c8FONS: 972144374<br \/>\nREGISTRO MERCANTIL: tomo 21806, folio 0033, hoja 27330 e inscripci\u00f3n<br \/>\nOBJETO PRINCIPAL: Club deportivo de golf<\/p>\n<p><em>USUARI I R\u00c8GIM DE RESPONSABILITATS<\/em><br \/>\nLa navegaci\u00f3, acc\u00e9s i \u00fas pel lloc web de FONTANALS\u00a0ESPORTIVA\u00a0SA confereix la condici\u00f3 d&#8217;usuari, per la qual s&#8217;accepten, des de la navegaci\u00f3 pel lloc web de FONTANALS\u00a0ESPORTIVA\u00a0SA, totes les condicions d&#8217;\u00fas aqu\u00ed establertes sense perjudici de l&#8217;aplicaci\u00f3 de la corresponent normativa d&#8217;obligat compliment legal segons el cas.<\/p>\n<p>El lloc web de FONTANALS\u00a0ESPORTIVA\u00a0SA proporciona gran diversitat d&#8217;informaci\u00f3, serveis i dades. L&#8217;usuari assumeix la seva responsabilitat en l&#8217;\u00fas correcte del lloc web. Aquesta responsabilitat s&#8217;estendr\u00e0 a:<\/p>\n<p>La veracitat i licitud de les informacions aportades per l&#8217;usuari en els formularis estesos per FONTANALS\u00a0ESPORTIVA\u00a0SA per a l&#8217;acc\u00e9s a uns certs continguts o serveis oferts pel web.<\/p>\n<p>L&#8217;\u00fas de la informaci\u00f3, serveis i dades ofertes per FONTANALS\u00a0ESPORTIVA\u00a0SA contr\u00e0riament al que es disposa per les presents condicions, la Llei, la moral, els bons costums o l&#8217;ordre p\u00fablic, o que de qualsevol altra manera puguin suposar lesi\u00f3 dels drets de tercers o del mateix funcionament del lloc web.<\/p>\n<p><em>POL\u00cdTICA D&#8217;ENLLA\u00c7OS I EXEMPCIONS DE RESPONSABILITAT<br \/>\n<\/em>FONTANALS ESPORTIVA SA no es fa responsable del contingut dels llocs web als quals l&#8217;usuari pugui accedir a trav\u00e9s dels enlla\u00e7os establerts en el seu lloc web i declara que en cap cas procedir\u00e0 a examinar o exercitar cap mena de control sobre el contingut d&#8217;altres llocs de la xarxa. Aix\u00ed mateix, tampoc garantir\u00e0 la disponibilitat t\u00e8cnica, exactitud, veracitat, validesa o legalitat de llocs aliens a la seva propietat als quals es pugui accedir per mitj\u00e0 dels enlla\u00e7os.<\/p>\n<p>FONTANALS\u00a0ESPORTIVA\u00a0SA declara haver adoptat totes les mesures necess\u00e0ries per a evitar qualsevol mal als usuaris del seu lloc web, que poguessin derivar-se de la navegaci\u00f3 pel seu lloc web. En conseq\u00fc\u00e8ncia, FONTANALS\u00a0ESPORTIVA\u00a0SA no es fa responsable, en cap cas, dels eventuals danys que per la navegaci\u00f3 per Internet pogu\u00e9s sofrir l&#8217;usuari.<\/p>\n<p><em>MODIFICACIONS<\/em><br \/>\nFONTANALS\u00a0ESPORTIVA\u00a0SA es reserva el dret a realitzar les modificacions que consideri oportunes, sense av\u00eds previ, en el contingut del seu lloc web. Tant referent als continguts del lloc web, com en les condicions d&#8217;\u00fas d&#8217;aquest, o en les condicions generals de contractaci\u00f3. Aquestes modificacions podran realitzar-se a trav\u00e9s del seu lloc web per qualsevol forma admissible en dret i seran d&#8217;obligat compliment durant el temps en qu\u00e8 es trobin publicades en el web i fins que no siguin modificades v\u00e0lidament per altres posteriors.<\/p>\n<p><em>PROPIETAT INTEL\u00b7LECTUAL I INDUSTRIAL<\/em><br \/>\nFONTANALS\u00a0ESPORTIVA\u00a0SA per si mateixa o com a cession\u00e0ria, \u00e9s titular de tots els drets de propietat intel\u00b7lectual i industrial de la seva p\u00e0gina web, aix\u00ed com dels elements continguts en la mateixa (a t\u00edtol enunciatiu, imatges, so, \u00e0udio, v\u00eddeo, programari o textos; marques o logotips, combinacions de colors, estructura i disseny, selecci\u00f3 de materials usats, programes d&#8217;ordinador necessaris per al seu funcionament, acc\u00e9s i \u00fas, etc.), titularitat de FONTANALS\u00a0ESPORTIVA\u00a0SA. Seran, per conseg\u00fcent, obres protegides com a propietat intel\u00b7lectual per l&#8217;ordenament jur\u00eddic espanyol, sent-los aplicables tant la normativa espanyola i comunit\u00e0ria en aquest camp, com els tractats internacionals relatius a la mat\u00e8ria i subscrits per Espanya.<\/p>\n<p>Tots els drets reservats. En virtut del que es disposa en la Llei de Propietat Intel\u00b7lectual, queden expressament prohibides la reproducci\u00f3, la distribuci\u00f3 i la comunicaci\u00f3 p\u00fablica, inclosa la seva modalitat de posada a disposici\u00f3, de la totalitat o part dels continguts d&#8217;aquesta p\u00e0gina web, amb finalitats comercials, en qualsevol suport i per qualsevol mitj\u00e0 t\u00e8cnic, sense l&#8217;autoritzaci\u00f3 de FONTANALS\u00a0ESPORTIVA\u00a0SA.<\/p>\n<p>L&#8217;usuari es compromet a respectar els drets de Propietat Intel\u00b7lectual i Industrial titularitat de FONTANALS\u00a0ESPORTIVA\u00a0SA. Podr\u00e0 visualitzar els elements del portal i fins i tot imprimir-los, copiar-los i emmagatzemar-los en el disc dur del seu ordinador o en qualsevol altre suport f\u00edsic sempre que sigui, exclusivament, per al seu \u00fas personal i privat. L&#8217;usuari haur\u00e0 d&#8217;abstenir-se de suprimir, alterar, eludir o manipular qualsevol dispositiu de protecci\u00f3 o sistema de seguretat que estigu\u00e9s instal\u00b7lat en les p\u00e0gines de FONTANALS\u00a0ESPORTIVA\u00a0SA.<\/p>\n<p><em>CERTIFICAT SSL (SECURE\u00a0SOCKETS\u00a0LAYER)<\/em><br \/>\nEl CERTIFICAT SSL proporciona autenticaci\u00f3, privacitat i seguretat de la informaci\u00f3 entre FONTANALS\u00a0ESPORTIVA\u00a0SA i l&#8217;usuari.<\/p>\n<p>FONTANALS\u00a0ESPORTIVA\u00a0SA disposa d&#8217;un certificat de seguretat que s&#8217;utilitza per CERTIFICAT SSL per a realitzar connexions segures.<br \/>\nEn aquest proc\u00e9s s&#8217;estableixen diversos par\u00e0metres per a realitzar la connexi\u00f3 de manera segura i s&#8217;estableix usant claus preestablertes, codificant i descodificant totes les dades enviades fins que la connexi\u00f3 sigui tancada.<\/p>\n<p><em>ACCIONS LEGALS, LEGISLACI\u00d3 APLICABLE I JURISDICCI\u00d3<\/em><br \/>\nFONTANALS\u00a0ESPORTIVA\u00a0SA es reserva, aix\u00ed mateix, la facultat de presentar les accions civils o penals que consideri oportunes per la utilitzaci\u00f3 indeguda del seu lloc web i continguts, o per l&#8217;incompliment de les presents condicions.<\/p>\n<p>La relaci\u00f3 entre l&#8217;usuari i el prestador es regir\u00e0 per la normativa vigent i d&#8217;aplicaci\u00f3 en el territori espanyol. De sorgir qualsevol controv\u00e8rsia les parts podran sotmetre els seus conflictes a arbitratge o acudir a la jurisdicci\u00f3 ordin\u00e0ria complint amb les normes sobre jurisdicci\u00f3 i compet\u00e8ncia sobre aquest tema. FONTANALS\u00a0ESPORTIVA\u00a0SA t\u00e9 el seu domicili a BARCELONA, Espanya.<\/p>\n<p>Els contractes subscrits per via electr\u00f2nica en els quals intervingui com a part un consumidor es presumiran celebrats en el lloc en qu\u00e8 aquest tingui la seva resid\u00e8ncia habitual.<\/p>\n<p>Els contractes electr\u00f2nics entre empresaris o professionals, a falta de pacte entre les parts, es presumiran celebrats en el lloc en qu\u00e8 estigui establert el prestador de serveis.<\/p>\n<p><strong>\u00daLTIMA ACTUALITZACI\u00d3: 9 de desembre de 2021<\/strong>[\/vc_column_text][\/vc_column][vc_column column_padding=&#8221;no-extra-padding&#8221; column_padding_tablet=&#8221;inherit&#8221; column_padding_phone=&#8221;inherit&#8221; column_padding_position=&#8221;all&#8221; background_color_opacity=&#8221;1&#8243; background_hover_color_opacity=&#8221;1&#8243; column_shadow=&#8221;none&#8221; column_border_radius=&#8221;none&#8221; column_link_target=&#8221;_self&#8221; gradient_direction=&#8221;left_to_right&#8221; overlay_strength=&#8221;0.3&#8243; width=&#8221;1\/6&#8243; tablet_width_inherit=&#8221;default&#8221; tablet_text_alignment=&#8221;default&#8221; phone_text_alignment=&#8221;default&#8221; column_border_width=&#8221;none&#8221; column_border_style=&#8221;solid&#8221; bg_image_animation=&#8221;none&#8221;][\/vc_column][\/vc_row]\n","protected":false},"excerpt":{"rendered":"<p>[vc_row type=&#8221;full_width_background&#8221; full_screen_row_position=&#8221;middle&#8221; column_margin=&#8221;default&#8221; column_direction=&#8221;default&#8221; column_direction_tablet=&#8221;default&#8221; column_direction_phone=&#8221;default&#8221; scene_position=&#8221;center&#8221; top_padding=&#8221;50&#8243; bottom_padding=&#8221;100&#8243; text_color=&#8221;custom&#8221; custom_text_color=&#8221;#30323b&#8221; text_align=&#8221;left&#8221; row_border_radius=&#8221;none&#8221; row_border_radius_applies=&#8221;bg&#8221; overlay_strength=&#8221;0.3&#8243; gradient_direction=&#8221;left_to_right&#8221; shape_divider_position=&#8221;bottom&#8221; bg_image_animation=&#8221;none&#8221; shape_type=&#8221;&#8221;][vc_column column_padding=&#8221;no-extra-padding&#8221; column_padding_tablet=&#8221;inherit&#8221; column_padding_phone=&#8221;inherit&#8221; column_padding_position=&#8221;all&#8221; background_color_opacity=&#8221;1&#8243; background_hover_color_opacity=&#8221;1&#8243; column_shadow=&#8221;none&#8221; column_border_radius=&#8221;none&#8221; column_link_target=&#8221;_self&#8221; gradient_direction=&#8221;left_to_right&#8221;&#8230;<\/p>\n","protected":false},"author":1,"featured_media":0,"parent":0,"menu_order":0,"comment_status":"closed","ping_status":"closed","template":"","meta":{"footnotes":""},"class_list":["post-3493","page","type-page","status-publish"],"yoast_head":"<!-- This site is optimized with the Yoast SEO plugin v27.5 - https:\/\/yoast.com\/product\/yoast-seo-wordpress\/ -->\n<title>Av\u00eds Legal - Fontanals Golf Club<\/title>\n<meta name=\"description\" content=\"Av\u00eds Legal i Pol\u00edtica de Privacitat del web de Fontanals Golf Club. Si tens algun dubte, no dubtis a contactar-nos.\" \/>\n<meta name=\"robots\" content=\"index, follow, max-snippet:-1, max-image-preview:large, max-video-preview:-1\" \/>\n<link rel=\"canonical\" href=\"https:\/\/fontanalsgolfclub.com\/ca\/avis-legal\/\" \/>\n<meta property=\"og:locale\" content=\"ca_ES\" \/>\n<meta property=\"og:type\" content=\"article\" \/>\n<meta property=\"og:title\" content=\"Av\u00eds Legal - Fontanals Golf Club\" \/>\n<meta property=\"og:description\" content=\"Av\u00eds Legal i Pol\u00edtica de Privacitat del web de Fontanals Golf Club. Si tens algun dubte, no dubtis a contactar-nos.\" \/>\n<meta property=\"og:url\" content=\"https:\/\/fontanalsgolfclub.com\/ca\/avis-legal\/\" \/>\n<meta property=\"og:site_name\" content=\"Fontanals Golf Club\" \/>\n<meta property=\"article:publisher\" content=\"https:\/\/www.facebook.com\/fontanalsgolfclub\/\" \/>\n<meta property=\"article:modified_time\" content=\"2025-05-23T09:18:18+00:00\" \/>\n<meta name=\"twitter:card\" content=\"summary_large_image\" \/>\n<meta name=\"twitter:site\" content=\"@FontanalsGolf\" \/>\n<meta name=\"twitter:label1\" content=\"Temps estimat de lectura\" \/>\n\t<meta name=\"twitter:data1\" content=\"5 minuts\" \/>\n<script type=\"application\/ld+json\" class=\"yoast-schema-graph\">{\"@context\":\"https:\\\/\\\/schema.org\",\"@graph\":[{\"@type\":\"WebPage\",\"@id\":\"https:\\\/\\\/fontanalsgolfclub.com\\\/ca\\\/avis-legal\\\/\",\"url\":\"https:\\\/\\\/fontanalsgolfclub.com\\\/ca\\\/avis-legal\\\/\",\"name\":\"Av\u00eds Legal - Fontanals Golf Club\",\"isPartOf\":{\"@id\":\"https:\\\/\\\/fontanalsgolfclub.com\\\/ca\\\/#website\"},\"datePublished\":\"2019-05-29T16:37:31+00:00\",\"dateModified\":\"2025-05-23T09:18:18+00:00\",\"description\":\"Av\u00eds Legal i Pol\u00edtica de Privacitat del web de Fontanals Golf Club. Si tens algun dubte, no dubtis a contactar-nos.\",\"breadcrumb\":{\"@id\":\"https:\\\/\\\/fontanalsgolfclub.com\\\/ca\\\/avis-legal\\\/#breadcrumb\"},\"inLanguage\":\"ca\",\"potentialAction\":[{\"@type\":\"ReadAction\",\"target\":[\"https:\\\/\\\/fontanalsgolfclub.com\\\/ca\\\/avis-legal\\\/\"]}]},{\"@type\":\"BreadcrumbList\",\"@id\":\"https:\\\/\\\/fontanalsgolfclub.com\\\/ca\\\/avis-legal\\\/#breadcrumb\",\"itemListElement\":[{\"@type\":\"ListItem\",\"position\":1,\"name\":\"Portada\",\"item\":\"https:\\\/\\\/fontanalsgolfclub.com\\\/ca\\\/\"},{\"@type\":\"ListItem\",\"position\":2,\"name\":\"Av\u00eds Legal\"}]},{\"@type\":\"WebSite\",\"@id\":\"https:\\\/\\\/fontanalsgolfclub.com\\\/ca\\\/#website\",\"url\":\"https:\\\/\\\/fontanalsgolfclub.com\\\/ca\\\/\",\"name\":\"Fontanals Golf Club\",\"description\":\"Uno de los mejores campos de golf de Espa\u00f1a\",\"publisher\":{\"@id\":\"https:\\\/\\\/fontanalsgolfclub.com\\\/ca\\\/#organization\"},\"potentialAction\":[{\"@type\":\"SearchAction\",\"target\":{\"@type\":\"EntryPoint\",\"urlTemplate\":\"https:\\\/\\\/fontanalsgolfclub.com\\\/ca\\\/?s={search_term_string}\"},\"query-input\":{\"@type\":\"PropertyValueSpecification\",\"valueRequired\":true,\"valueName\":\"search_term_string\"}}],\"inLanguage\":\"ca\"},{\"@type\":\"Organization\",\"@id\":\"https:\\\/\\\/fontanalsgolfclub.com\\\/ca\\\/#organization\",\"name\":\"Fontanals Golf Club\",\"url\":\"https:\\\/\\\/fontanalsgolfclub.com\\\/ca\\\/\",\"logo\":{\"@type\":\"ImageObject\",\"inLanguage\":\"ca\",\"@id\":\"https:\\\/\\\/fontanalsgolfclub.com\\\/ca\\\/#\\\/schema\\\/logo\\\/image\\\/\",\"url\":\"https:\\\/\\\/fontanalsgolfclub.com\\\/wp-content\\\/uploads\\\/2019\\\/05\\\/logo_fontanals_fosc@2x.png\",\"contentUrl\":\"https:\\\/\\\/fontanalsgolfclub.com\\\/wp-content\\\/uploads\\\/2019\\\/05\\\/logo_fontanals_fosc@2x.png\",\"width\":320,\"height\":208,\"caption\":\"Fontanals Golf Club\"},\"image\":{\"@id\":\"https:\\\/\\\/fontanalsgolfclub.com\\\/ca\\\/#\\\/schema\\\/logo\\\/image\\\/\"},\"sameAs\":[\"https:\\\/\\\/www.facebook.com\\\/fontanalsgolfclub\\\/\",\"https:\\\/\\\/x.com\\\/FontanalsGolf\",\"https:\\\/\\\/www.instagram.com\\\/fontanalsgolfclub\\\/\"]}]}<\/script>\n<!-- \/ Yoast SEO plugin. -->","yoast_head_json":{"title":"Av\u00eds Legal - Fontanals Golf Club","description":"Av\u00eds Legal i Pol\u00edtica de Privacitat del web de Fontanals Golf Club. Si tens algun dubte, no dubtis a contactar-nos.","robots":{"index":"index","follow":"follow","max-snippet":"max-snippet:-1","max-image-preview":"max-image-preview:large","max-video-preview":"max-video-preview:-1"},"canonical":"https:\/\/fontanalsgolfclub.com\/ca\/avis-legal\/","og_locale":"ca_ES","og_type":"article","og_title":"Av\u00eds Legal - Fontanals Golf Club","og_description":"Av\u00eds Legal i Pol\u00edtica de Privacitat del web de Fontanals Golf Club. Si tens algun dubte, no dubtis a contactar-nos.","og_url":"https:\/\/fontanalsgolfclub.com\/ca\/avis-legal\/","og_site_name":"Fontanals Golf Club","article_publisher":"https:\/\/www.facebook.com\/fontanalsgolfclub\/","article_modified_time":"2025-05-23T09:18:18+00:00","twitter_card":"summary_large_image","twitter_site":"@FontanalsGolf","twitter_misc":{"Temps estimat de lectura":"5 minuts"},"schema":{"@context":"https:\/\/schema.org","@graph":[{"@type":"WebPage","@id":"https:\/\/fontanalsgolfclub.com\/ca\/avis-legal\/","url":"https:\/\/fontanalsgolfclub.com\/ca\/avis-legal\/","name":"Av\u00eds Legal - Fontanals Golf Club","isPartOf":{"@id":"https:\/\/fontanalsgolfclub.com\/ca\/#website"},"datePublished":"2019-05-29T16:37:31+00:00","dateModified":"2025-05-23T09:18:18+00:00","description":"Av\u00eds Legal i Pol\u00edtica de Privacitat del web de Fontanals Golf Club. Si tens algun dubte, no dubtis a contactar-nos.","breadcrumb":{"@id":"https:\/\/fontanalsgolfclub.com\/ca\/avis-legal\/#breadcrumb"},"inLanguage":"ca","potentialAction":[{"@type":"ReadAction","target":["https:\/\/fontanalsgolfclub.com\/ca\/avis-legal\/"]}]},{"@type":"BreadcrumbList","@id":"https:\/\/fontanalsgolfclub.com\/ca\/avis-legal\/#breadcrumb","itemListElement":[{"@type":"ListItem","position":1,"name":"Portada","item":"https:\/\/fontanalsgolfclub.com\/ca\/"},{"@type":"ListItem","position":2,"name":"Av\u00eds Legal"}]},{"@type":"WebSite","@id":"https:\/\/fontanalsgolfclub.com\/ca\/#website","url":"https:\/\/fontanalsgolfclub.com\/ca\/","name":"Fontanals Golf Club","description":"Uno de los mejores campos de golf de Espa\u00f1a","publisher":{"@id":"https:\/\/fontanalsgolfclub.com\/ca\/#organization"},"potentialAction":[{"@type":"SearchAction","target":{"@type":"EntryPoint","urlTemplate":"https:\/\/fontanalsgolfclub.com\/ca\/?s={search_term_string}"},"query-input":{"@type":"PropertyValueSpecification","valueRequired":true,"valueName":"search_term_string"}}],"inLanguage":"ca"},{"@type":"Organization","@id":"https:\/\/fontanalsgolfclub.com\/ca\/#organization","name":"Fontanals Golf Club","url":"https:\/\/fontanalsgolfclub.com\/ca\/","logo":{"@type":"ImageObject","inLanguage":"ca","@id":"https:\/\/fontanalsgolfclub.com\/ca\/#\/schema\/logo\/image\/","url":"https:\/\/fontanalsgolfclub.com\/wp-content\/uploads\/2019\/05\/logo_fontanals_fosc@2x.png","contentUrl":"https:\/\/fontanalsgolfclub.com\/wp-content\/uploads\/2019\/05\/logo_fontanals_fosc@2x.png","width":320,"height":208,"caption":"Fontanals Golf Club"},"image":{"@id":"https:\/\/fontanalsgolfclub.com\/ca\/#\/schema\/logo\/image\/"},"sameAs":["https:\/\/www.facebook.com\/fontanalsgolfclub\/","https:\/\/x.com\/FontanalsGolf","https:\/\/www.instagram.com\/fontanalsgolfclub\/"]}]}},"_links":{"self":[{"href":"https:\/\/fontanalsgolfclub.com\/ca\/wp-json\/wp\/v2\/pages\/3493","targetHints":{"allow":["GET"]}}],"collection":[{"href":"https:\/\/fontanalsgolfclub.com\/ca\/wp-json\/wp\/v2\/pages"}],"about":[{"href":"https:\/\/fontanalsgolfclub.com\/ca\/wp-json\/wp\/v2\/types\/page"}],"author":[{"embeddable":true,"href":"https:\/\/fontanalsgolfclub.com\/ca\/wp-json\/wp\/v2\/users\/1"}],"replies":[{"embeddable":true,"href":"https:\/\/fontanalsgolfclub.com\/ca\/wp-json\/wp\/v2\/comments?post=3493"}],"version-history":[{"count":14,"href":"https:\/\/fontanalsgolfclub.com\/ca\/wp-json\/wp\/v2\/pages\/3493\/revisions"}],"predecessor-version":[{"id":9437,"href":"https:\/\/fontanalsgolfclub.com\/ca\/wp-json\/wp\/v2\/pages\/3493\/revisions\/9437"}],"wp:attachment":[{"href":"https:\/\/fontanalsgolfclub.com\/ca\/wp-json\/wp\/v2\/media?parent=3493"}],"curies":[{"name":"wp","href":"https:\/\/api.w.org\/{rel}","templated":true}]}}