{"id":4643,"date":"2019-05-28T16:16:03","date_gmt":"2019-05-28T14:16:03","guid":{"rendered":"https:\/\/fontanalsgolfclub.com\/el-club\/reservar-una-visita\/"},"modified":"2020-08-04T10:49:18","modified_gmt":"2020-08-04T08:49:18","slug":"reservar-una-visita","status":"publish","type":"page","link":"https:\/\/fontanalsgolfclub.com\/ca\/club-social-familiar-de-referencia-a-la-cerdanya\/reservar-una-visita\/","title":{"rendered":"Reservar una visita per con\u00e8ixer el club"},"content":{"rendered":"[vc_row type=&#8221;full_width_background&#8221; full_screen_row_position=&#8221;middle&#8221; equal_height=&#8221;yes&#8221; content_placement=&#8221;top&#8221; column_margin=&#8221;default&#8221; scene_position=&#8221;center&#8221; text_color=&#8221;custom&#8221; custom_text_color=&#8221;#30323b&#8221; text_align=&#8221;left&#8221; top_padding=&#8221;50&#8243; bottom_padding=&#8221;100&#8243; overlay_strength=&#8221;0.3&#8243; shape_divider_position=&#8221;bottom&#8221; bg_image_animation=&#8221;none&#8221; shape_type=&#8221;&#8221;][vc_column column_padding=&#8221;no-extra-padding&#8221; column_padding_position=&#8221;left-right&#8221; background_color_opacity=&#8221;1&#8243; background_hover_color_opacity=&#8221;1&#8243; column_link_target=&#8221;_self&#8221; column_shadow=&#8221;none&#8221; column_border_radius=&#8221;none&#8221; width=&#8221;1\/2&#8243; tablet_width_inherit=&#8221;default&#8221; tablet_text_alignment=&#8221;default&#8221; phone_text_alignment=&#8221;default&#8221; overlay_strength=&#8221;0.3&#8243; column_border_width=&#8221;none&#8221; column_border_style=&#8221;solid&#8221; bg_image_animation=&#8221;none&#8221; enable_animation=&#8221;true&#8221; animation=&#8221;fade-in&#8221;][vc_column_text]\n<h3>Reserva una visita<\/h3>\n<h1 style=\"color: #b28d56;\">Descobreix-ho per tu mateix<\/h1>\n[\/vc_column_text][vc_column_text]Fontanals Golf Club est\u00e0 situat en plena natura, a la meravellosa vall de La Cerdanya, i \u00e9s un espai \u00fanic en el qual cada membre de la teva fam\u00edlia trobar\u00e0 el seu rac\u00f3, tant dins com fora del camp de golf.<\/p>\n<p>Si vols con\u00e8ixer-nos i viure l&#8217;experi\u00e8ncia Fontanals en la teva pr\u00f2pia pell, no dubtis en escriure&#8217;ns a trav\u00e9s d&#8217;aquest formulari i ens posarem en contacte amb tu el m\u00e9s aviat possible.[\/vc_column_text][divider line_type=&#8221;No Line&#8221; custom_height=&#8221;30&#8243;][image_with_animation image_url=&#8221;1370&#8243; alignment=&#8221;&#8221; animation=&#8221;Fade In From Bottom&#8221; img_link_large=&#8221;yes&#8221; hover_animation=&#8221;none&#8221; border_radius=&#8221;none&#8221; box_shadow=&#8221;none&#8221; image_loading=&#8221;default&#8221; max_width=&#8221;100%&#8221; max_width_mobile=&#8221;default&#8221;][\/vc_column][vc_column column_padding=&#8221;padding-6-percent&#8221; column_padding_position=&#8221;all&#8221; background_color=&#8221;#ede1ca&#8221; background_color_opacity=&#8221;1&#8243; background_hover_color_opacity=&#8221;1&#8243; column_link_target=&#8221;_self&#8221; column_shadow=&#8221;none&#8221; column_border_radius=&#8221;none&#8221; width=&#8221;1\/2&#8243; tablet_width_inherit=&#8221;default&#8221; tablet_text_alignment=&#8221;default&#8221; phone_text_alignment=&#8221;default&#8221; overlay_strength=&#8221;0.3&#8243; column_border_width=&#8221;none&#8221; column_border_style=&#8221;solid&#8221; bg_image_animation=&#8221;none&#8221;][vc_column_text]\n<h5 style=\"color: #b28d56;\">Escriu-nos per concertar una visita o per resoldre qualsevol dubte<\/h5>\n[\/vc_column_text]\n<div class=\"wpcf7 no-js\" id=\"wpcf7-f4871-o1\" lang=\"es-ES\" dir=\"ltr\" data-wpcf7-id=\"4871\">\n<div class=\"screen-reader-response\"><p role=\"status\" aria-live=\"polite\" aria-atomic=\"true\"><\/p> <ul><\/ul><\/div>\n<form action=\"\/ca\/wp-json\/wp\/v2\/pages\/4643#wpcf7-f4871-o1\" method=\"post\" class=\"wpcf7-form init\" aria-label=\"Formulario de contacto\" novalidate=\"novalidate\" data-status=\"init\">\n<fieldset class=\"hidden-fields-container\"><input type=\"hidden\" name=\"_wpcf7\" value=\"4871\" \/><input type=\"hidden\" name=\"_wpcf7_version\" value=\"6.1.5\" \/><input type=\"hidden\" name=\"_wpcf7_locale\" value=\"es_ES\" \/><input type=\"hidden\" name=\"_wpcf7_unit_tag\" value=\"wpcf7-f4871-o1\" \/><input type=\"hidden\" name=\"_wpcf7_container_post\" value=\"0\" \/><input type=\"hidden\" name=\"_wpcf7_posted_data_hash\" value=\"\" \/>\n<\/fieldset>\n<p><label>Nom *<br \/>\n<span class=\"wpcf7-form-control-wrap\" data-name=\"your-name\"><input size=\"40\" maxlength=\"400\" class=\"wpcf7-form-control wpcf7-text wpcf7-validates-as-required\" aria-required=\"true\" aria-invalid=\"false\" value=\"\" type=\"text\" name=\"your-name\" \/><\/span> <\/label>\n<\/p>\n<p><label>Cognoms *<br \/>\n<span class=\"wpcf7-form-control-wrap\" data-name=\"your-surnames\"><input size=\"40\" maxlength=\"400\" class=\"wpcf7-form-control wpcf7-text wpcf7-validates-as-required\" aria-required=\"true\" aria-invalid=\"false\" value=\"\" type=\"text\" name=\"your-surnames\" \/><\/span> <\/label>\n<\/p>\n<p><label>Correu electr\u00f2nic *<br \/>\n<span class=\"wpcf7-form-control-wrap\" data-name=\"your-email\"><input size=\"40\" maxlength=\"400\" class=\"wpcf7-form-control wpcf7-email wpcf7-validates-as-required wpcf7-text wpcf7-validates-as-email\" aria-required=\"true\" aria-invalid=\"false\" value=\"\" type=\"email\" name=\"your-email\" \/><\/span> <\/label>\n<\/p>\n<p><label>Tel\u00e8fon *<br \/>\n<span class=\"wpcf7-form-control-wrap\" data-name=\"tel-669\"><input size=\"40\" maxlength=\"400\" class=\"wpcf7-form-control wpcf7-tel wpcf7-validates-as-required wpcf7-text wpcf7-validates-as-tel\" aria-required=\"true\" aria-invalid=\"false\" value=\"\" type=\"tel\" name=\"tel-669\" \/><\/span> <\/label>\n<\/p>\n<p><label>Localitat de resid\u00e8ncia habitual *<br \/>\n<span class=\"wpcf7-form-control-wrap\" data-name=\"text-590\"><input size=\"40\" maxlength=\"400\" class=\"wpcf7-form-control wpcf7-text wpcf7-validates-as-required\" aria-required=\"true\" aria-invalid=\"false\" value=\"\" type=\"text\" name=\"text-590\" \/><\/span> <\/label>\n<\/p>\n<p><label>En qu\u00e8 et podem ajudar? *<br \/>\n<span class=\"wpcf7-form-control-wrap\" data-name=\"serveis\"><select class=\"wpcf7-form-control wpcf7-select wpcf7-validates-as-required\" aria-required=\"true\" aria-invalid=\"false\" name=\"serveis\"><option value=\"Golf\">Golf<\/option><option value=\"Benestar\">Benestar<\/option><option value=\"P\u00e0del i Tennis\">P\u00e0del i Tennis<\/option><option value=\"Viatges\">Viatges<\/option><option value=\"Patrocinis\">Patrocinis<\/option><option value=\"Altres\">Altres<\/option><\/select><\/span><\/label>\n<\/p>\n<p><label>Missatge *<br \/>\n<span class=\"wpcf7-form-control-wrap\" data-name=\"your-message\"><textarea cols=\"40\" rows=\"10\" maxlength=\"2000\" class=\"wpcf7-form-control wpcf7-textarea wpcf7-validates-as-required\" aria-required=\"true\" aria-invalid=\"false\" name=\"your-message\"><\/textarea><\/span> <\/label>\n<\/p>\n<p><span class=\"wpcf7-form-control-wrap\" data-name=\"acceptance-41\"><span class=\"wpcf7-form-control wpcf7-acceptance\"><span class=\"wpcf7-list-item\"><input type=\"checkbox\" name=\"acceptance-41\" value=\"1\" aria-invalid=\"false\" \/><\/span><\/span><\/span> He llegit i accepto la <a href=\"https:\/\/fontanalsgolfclub.com\/ca\/avis-legal-i-politica-de-privacitat\/\" target=\"_blank\">Pol\u00edtica de Privacitat<\/a><br \/>\n<input class=\"wpcf7-form-control wpcf7-submit has-spinner\" type=\"submit\" value=\"Enviar\" \/>\n<\/p><div class=\"wpcf7-response-output\" aria-hidden=\"true\"><\/div>\n<\/form>\n<\/div>\n[\/vc_column][\/vc_row][vc_row type=&#8221;full_width_background&#8221; full_screen_row_position=&#8221;middle&#8221; column_margin=&#8221;default&#8221; bg_image=&#8221;1061&#8243; bg_position=&#8221;center center&#8221; bg_repeat=&#8221;no-repeat&#8221; bg_color=&#8221;#b28d56&#8243; scene_position=&#8221;center&#8221; text_color=&#8221;custom&#8221; custom_text_color=&#8221;#30323b&#8221; text_align=&#8221;left&#8221; overlay_strength=&#8221;0.8&#8243; shape_divider_position=&#8221;bottom&#8221; bg_image_animation=&#8221;fade-in&#8221; shape_type=&#8221;&#8221;][vc_column centered_text=&#8221;true&#8221; column_padding=&#8221;no-extra-padding&#8221; column_padding_position=&#8221;all&#8221; background_color_opacity=&#8221;1&#8243; background_hover_color_opacity=&#8221;1&#8243; column_link_target=&#8221;_self&#8221; column_shadow=&#8221;none&#8221; column_border_radius=&#8221;none&#8221; width=&#8221;1\/4&#8243; tablet_width_inherit=&#8221;default&#8221; tablet_text_alignment=&#8221;default&#8221; phone_text_alignment=&#8221;default&#8221; overlay_strength=&#8221;0.3&#8243; column_border_width=&#8221;none&#8221; column_border_style=&#8221;solid&#8221; bg_image_animation=&#8221;none&#8221; enable_animation=&#8221;true&#8221; animation=&#8221;fade-in-from-bottom&#8221;][\/vc_column][vc_column centered_text=&#8221;true&#8221; column_padding=&#8221;padding-7-percent&#8221; column_padding_position=&#8221;top-bottom&#8221; background_color_opacity=&#8221;1&#8243; background_hover_color_opacity=&#8221;1&#8243; font_color=&#8221;#ffffff&#8221; column_link_target=&#8221;_self&#8221; column_shadow=&#8221;none&#8221; column_border_radius=&#8221;none&#8221; width=&#8221;1\/2&#8243; tablet_width_inherit=&#8221;default&#8221; tablet_text_alignment=&#8221;default&#8221; phone_text_alignment=&#8221;default&#8221; overlay_strength=&#8221;0.3&#8243; column_border_width=&#8221;none&#8221; column_border_style=&#8221;solid&#8221; bg_image_animation=&#8221;none&#8221; enable_animation=&#8221;true&#8221; animation=&#8221;fade-in-from-bottom&#8221;][vc_column_text]\n<h1>Converteix-te en soci de Fontanals Golf Club<\/h1>\n[\/vc_column_text][divider line_type=&#8221;No Line&#8221; custom_height=&#8221;10&#8243;][vc_column_text]\n<p style=\"color: #30323b; font-size: 20px; line-height: 26px;\">Descobreix el que Fontanals Golf Club i la vall m\u00e9s \u00e0mplia i assolellada d&#8217;Europa tenen per oferir-te<\/p>\n[\/vc_column_text][divider line_type=&#8221;No Line&#8221; custom_height=&#8221;20&#8243;][nectar_btn size=&#8221;large&#8221; button_style=&#8221;regular&#8221; button_color_2=&#8221;Extra-Color-1&#8243; solid_text_color_override=&#8221;#ffffff&#8221; icon_family=&#8221;none&#8221; el_class=&#8221;btn-mobile&#8221; url=&#8221;tel:+34972144374&#8243; text=&#8221;Truca&#8217;ns i coneix el Club&#8221;][nectar_btn size=&#8221;large&#8221; button_style=&#8221;regular&#8221; button_color_2=&#8221;Extra-Color-1&#8243; solid_text_color_override=&#8221;#ffffff&#8221; icon_family=&#8221;none&#8221; el_class=&#8221;btn-desktop&#8221; url=&#8221;https:\/\/fontanalsgolfclub.com\/club-social-familiar-de-referencia-en-la-cerdana\/&#8221; text=&#8221;Coneix el Club&#8221;][\/vc_column][vc_column column_padding=&#8221;no-extra-padding&#8221; column_padding_position=&#8221;all&#8221; background_color_opacity=&#8221;1&#8243; background_hover_color_opacity=&#8221;1&#8243; column_link_target=&#8221;_self&#8221; column_shadow=&#8221;none&#8221; column_border_radius=&#8221;none&#8221; width=&#8221;1\/4&#8243; tablet_width_inherit=&#8221;default&#8221; tablet_text_alignment=&#8221;default&#8221; phone_text_alignment=&#8221;default&#8221; overlay_strength=&#8221;0.3&#8243; column_border_width=&#8221;none&#8221; column_border_style=&#8221;solid&#8221; bg_image_animation=&#8221;none&#8221;][\/vc_column][\/vc_row]\n","protected":false},"excerpt":{"rendered":"<p>[vc_row type=&#8221;full_width_background&#8221; full_screen_row_position=&#8221;middle&#8221; equal_height=&#8221;yes&#8221; content_placement=&#8221;top&#8221; column_margin=&#8221;default&#8221; scene_position=&#8221;center&#8221; text_color=&#8221;custom&#8221; custom_text_color=&#8221;#30323b&#8221; text_align=&#8221;left&#8221; top_padding=&#8221;50&#8243; bottom_padding=&#8221;100&#8243; overlay_strength=&#8221;0.3&#8243; shape_divider_position=&#8221;bottom&#8221; bg_image_animation=&#8221;none&#8221; shape_type=&#8221;&#8221;][vc_column column_padding=&#8221;no-extra-padding&#8221; column_padding_position=&#8221;left-right&#8221; background_color_opacity=&#8221;1&#8243; background_hover_color_opacity=&#8221;1&#8243; column_link_target=&#8221;_self&#8221; column_shadow=&#8221;none&#8221; column_border_radius=&#8221;none&#8221; width=&#8221;1\/2&#8243; tablet_width_inherit=&#8221;default&#8221; tablet_text_alignment=&#8221;default&#8221; phone_text_alignment=&#8221;default&#8221; overlay_strength=&#8221;0.3&#8243; column_border_width=&#8221;none&#8221; column_border_style=&#8221;solid&#8221;&#8230;<\/p>\n","protected":false},"author":1,"featured_media":0,"parent":4309,"menu_order":0,"comment_status":"closed","ping_status":"closed","template":"","meta":{"footnotes":""},"class_list":["post-4643","page","type-page","status-publish"],"yoast_head":"<!-- This site is optimized with the Yoast SEO plugin v27.5 - https:\/\/yoast.com\/product\/yoast-seo-wordpress\/ -->\n<title>Reservar una visita per con\u00e8ixer el club - Fontanals Golf Club<\/title>\n<meta name=\"description\" content=\"Si vols con\u00e8ixer-nos i viure l&#039;experi\u00e8ncia Fontanals en la teva pr\u00f2pia pell, no dubtis en escriure&#039;ns per concertar una visita. No et penedir\u00e0s.\" \/>\n<meta name=\"robots\" content=\"index, follow, max-snippet:-1, max-image-preview:large, max-video-preview:-1\" \/>\n<link rel=\"canonical\" href=\"https:\/\/fontanalsgolfclub.com\/ca\/club-social-familiar-de-referencia-a-la-cerdanya\/reservar-una-visita\/\" \/>\n<meta property=\"og:locale\" content=\"ca_ES\" \/>\n<meta property=\"og:type\" content=\"article\" \/>\n<meta property=\"og:title\" content=\"Reservar una visita per con\u00e8ixer el club - Fontanals Golf Club\" \/>\n<meta property=\"og:description\" content=\"Si vols con\u00e8ixer-nos i viure l&#039;experi\u00e8ncia Fontanals en la teva pr\u00f2pia pell, no dubtis en escriure&#039;ns per concertar una visita. No et penedir\u00e0s.\" \/>\n<meta property=\"og:url\" content=\"https:\/\/fontanalsgolfclub.com\/ca\/club-social-familiar-de-referencia-a-la-cerdanya\/reservar-una-visita\/\" \/>\n<meta property=\"og:site_name\" content=\"Fontanals Golf Club\" \/>\n<meta property=\"article:publisher\" content=\"https:\/\/www.facebook.com\/fontanalsgolfclub\/\" \/>\n<meta property=\"article:modified_time\" content=\"2020-08-04T08:49:18+00:00\" \/>\n<meta name=\"twitter:card\" content=\"summary_large_image\" \/>\n<meta name=\"twitter:site\" content=\"@FontanalsGolf\" \/>\n<meta name=\"twitter:label1\" content=\"Temps estimat de lectura\" \/>\n\t<meta name=\"twitter:data1\" content=\"3 minuts\" \/>\n<script type=\"application\/ld+json\" class=\"yoast-schema-graph\">{\"@context\":\"https:\\\/\\\/schema.org\",\"@graph\":[{\"@type\":\"WebPage\",\"@id\":\"https:\\\/\\\/fontanalsgolfclub.com\\\/ca\\\/club-social-familiar-de-referencia-a-la-cerdanya\\\/reservar-una-visita\\\/\",\"url\":\"https:\\\/\\\/fontanalsgolfclub.com\\\/ca\\\/club-social-familiar-de-referencia-a-la-cerdanya\\\/reservar-una-visita\\\/\",\"name\":\"Reservar una visita per con\u00e8ixer el club - Fontanals Golf Club\",\"isPartOf\":{\"@id\":\"https:\\\/\\\/fontanalsgolfclub.com\\\/ca\\\/#website\"},\"datePublished\":\"2019-05-28T14:16:03+00:00\",\"dateModified\":\"2020-08-04T08:49:18+00:00\",\"description\":\"Si vols con\u00e8ixer-nos i viure l'experi\u00e8ncia Fontanals en la teva pr\u00f2pia pell, no dubtis en escriure'ns per concertar una visita. No et penedir\u00e0s.\",\"breadcrumb\":{\"@id\":\"https:\\\/\\\/fontanalsgolfclub.com\\\/ca\\\/club-social-familiar-de-referencia-a-la-cerdanya\\\/reservar-una-visita\\\/#breadcrumb\"},\"inLanguage\":\"ca\",\"potentialAction\":[{\"@type\":\"ReadAction\",\"target\":[\"https:\\\/\\\/fontanalsgolfclub.com\\\/ca\\\/club-social-familiar-de-referencia-a-la-cerdanya\\\/reservar-una-visita\\\/\"]}]},{\"@type\":\"BreadcrumbList\",\"@id\":\"https:\\\/\\\/fontanalsgolfclub.com\\\/ca\\\/club-social-familiar-de-referencia-a-la-cerdanya\\\/reservar-una-visita\\\/#breadcrumb\",\"itemListElement\":[{\"@type\":\"ListItem\",\"position\":1,\"name\":\"Portada\",\"item\":\"https:\\\/\\\/fontanalsgolfclub.com\\\/ca\\\/\"},{\"@type\":\"ListItem\",\"position\":2,\"name\":\"Club social i familiar de refer\u00e8ncia a La Cerdanya\",\"item\":\"https:\\\/\\\/fontanalsgolfclub.com\\\/ca\\\/club-social-familiar-de-referencia-en-la-cerdana\\\/\"},{\"@type\":\"ListItem\",\"position\":3,\"name\":\"Reservar una visita per con\u00e8ixer el club\"}]},{\"@type\":\"WebSite\",\"@id\":\"https:\\\/\\\/fontanalsgolfclub.com\\\/ca\\\/#website\",\"url\":\"https:\\\/\\\/fontanalsgolfclub.com\\\/ca\\\/\",\"name\":\"Fontanals Golf Club\",\"description\":\"Uno de los mejores campos de golf de Espa\u00f1a\",\"publisher\":{\"@id\":\"https:\\\/\\\/fontanalsgolfclub.com\\\/ca\\\/#organization\"},\"potentialAction\":[{\"@type\":\"SearchAction\",\"target\":{\"@type\":\"EntryPoint\",\"urlTemplate\":\"https:\\\/\\\/fontanalsgolfclub.com\\\/ca\\\/?s={search_term_string}\"},\"query-input\":{\"@type\":\"PropertyValueSpecification\",\"valueRequired\":true,\"valueName\":\"search_term_string\"}}],\"inLanguage\":\"ca\"},{\"@type\":\"Organization\",\"@id\":\"https:\\\/\\\/fontanalsgolfclub.com\\\/ca\\\/#organization\",\"name\":\"Fontanals Golf Club\",\"url\":\"https:\\\/\\\/fontanalsgolfclub.com\\\/ca\\\/\",\"logo\":{\"@type\":\"ImageObject\",\"inLanguage\":\"ca\",\"@id\":\"https:\\\/\\\/fontanalsgolfclub.com\\\/ca\\\/#\\\/schema\\\/logo\\\/image\\\/\",\"url\":\"https:\\\/\\\/fontanalsgolfclub.com\\\/wp-content\\\/uploads\\\/2019\\\/05\\\/logo_fontanals_fosc@2x.png\",\"contentUrl\":\"https:\\\/\\\/fontanalsgolfclub.com\\\/wp-content\\\/uploads\\\/2019\\\/05\\\/logo_fontanals_fosc@2x.png\",\"width\":320,\"height\":208,\"caption\":\"Fontanals Golf Club\"},\"image\":{\"@id\":\"https:\\\/\\\/fontanalsgolfclub.com\\\/ca\\\/#\\\/schema\\\/logo\\\/image\\\/\"},\"sameAs\":[\"https:\\\/\\\/www.facebook.com\\\/fontanalsgolfclub\\\/\",\"https:\\\/\\\/x.com\\\/FontanalsGolf\",\"https:\\\/\\\/www.instagram.com\\\/fontanalsgolfclub\\\/\"]}]}<\/script>\n<!-- \/ Yoast SEO plugin. -->","yoast_head_json":{"title":"Reservar una visita per con\u00e8ixer el club - Fontanals Golf Club","description":"Si vols con\u00e8ixer-nos i viure l'experi\u00e8ncia Fontanals en la teva pr\u00f2pia pell, no dubtis en escriure'ns per concertar una visita. No et penedir\u00e0s.","robots":{"index":"index","follow":"follow","max-snippet":"max-snippet:-1","max-image-preview":"max-image-preview:large","max-video-preview":"max-video-preview:-1"},"canonical":"https:\/\/fontanalsgolfclub.com\/ca\/club-social-familiar-de-referencia-a-la-cerdanya\/reservar-una-visita\/","og_locale":"ca_ES","og_type":"article","og_title":"Reservar una visita per con\u00e8ixer el club - Fontanals Golf Club","og_description":"Si vols con\u00e8ixer-nos i viure l'experi\u00e8ncia Fontanals en la teva pr\u00f2pia pell, no dubtis en escriure'ns per concertar una visita. No et penedir\u00e0s.","og_url":"https:\/\/fontanalsgolfclub.com\/ca\/club-social-familiar-de-referencia-a-la-cerdanya\/reservar-una-visita\/","og_site_name":"Fontanals Golf Club","article_publisher":"https:\/\/www.facebook.com\/fontanalsgolfclub\/","article_modified_time":"2020-08-04T08:49:18+00:00","twitter_card":"summary_large_image","twitter_site":"@FontanalsGolf","twitter_misc":{"Temps estimat de lectura":"3 minuts"},"schema":{"@context":"https:\/\/schema.org","@graph":[{"@type":"WebPage","@id":"https:\/\/fontanalsgolfclub.com\/ca\/club-social-familiar-de-referencia-a-la-cerdanya\/reservar-una-visita\/","url":"https:\/\/fontanalsgolfclub.com\/ca\/club-social-familiar-de-referencia-a-la-cerdanya\/reservar-una-visita\/","name":"Reservar una visita per con\u00e8ixer el club - Fontanals Golf Club","isPartOf":{"@id":"https:\/\/fontanalsgolfclub.com\/ca\/#website"},"datePublished":"2019-05-28T14:16:03+00:00","dateModified":"2020-08-04T08:49:18+00:00","description":"Si vols con\u00e8ixer-nos i viure l'experi\u00e8ncia Fontanals en la teva pr\u00f2pia pell, no dubtis en escriure'ns per concertar una visita. No et penedir\u00e0s.","breadcrumb":{"@id":"https:\/\/fontanalsgolfclub.com\/ca\/club-social-familiar-de-referencia-a-la-cerdanya\/reservar-una-visita\/#breadcrumb"},"inLanguage":"ca","potentialAction":[{"@type":"ReadAction","target":["https:\/\/fontanalsgolfclub.com\/ca\/club-social-familiar-de-referencia-a-la-cerdanya\/reservar-una-visita\/"]}]},{"@type":"BreadcrumbList","@id":"https:\/\/fontanalsgolfclub.com\/ca\/club-social-familiar-de-referencia-a-la-cerdanya\/reservar-una-visita\/#breadcrumb","itemListElement":[{"@type":"ListItem","position":1,"name":"Portada","item":"https:\/\/fontanalsgolfclub.com\/ca\/"},{"@type":"ListItem","position":2,"name":"Club social i familiar de refer\u00e8ncia a La Cerdanya","item":"https:\/\/fontanalsgolfclub.com\/ca\/club-social-familiar-de-referencia-en-la-cerdana\/"},{"@type":"ListItem","position":3,"name":"Reservar una visita per con\u00e8ixer el club"}]},{"@type":"WebSite","@id":"https:\/\/fontanalsgolfclub.com\/ca\/#website","url":"https:\/\/fontanalsgolfclub.com\/ca\/","name":"Fontanals Golf Club","description":"Uno de los mejores campos de golf de Espa\u00f1a","publisher":{"@id":"https:\/\/fontanalsgolfclub.com\/ca\/#organization"},"potentialAction":[{"@type":"SearchAction","target":{"@type":"EntryPoint","urlTemplate":"https:\/\/fontanalsgolfclub.com\/ca\/?s={search_term_string}"},"query-input":{"@type":"PropertyValueSpecification","valueRequired":true,"valueName":"search_term_string"}}],"inLanguage":"ca"},{"@type":"Organization","@id":"https:\/\/fontanalsgolfclub.com\/ca\/#organization","name":"Fontanals Golf Club","url":"https:\/\/fontanalsgolfclub.com\/ca\/","logo":{"@type":"ImageObject","inLanguage":"ca","@id":"https:\/\/fontanalsgolfclub.com\/ca\/#\/schema\/logo\/image\/","url":"https:\/\/fontanalsgolfclub.com\/wp-content\/uploads\/2019\/05\/logo_fontanals_fosc@2x.png","contentUrl":"https:\/\/fontanalsgolfclub.com\/wp-content\/uploads\/2019\/05\/logo_fontanals_fosc@2x.png","width":320,"height":208,"caption":"Fontanals Golf Club"},"image":{"@id":"https:\/\/fontanalsgolfclub.com\/ca\/#\/schema\/logo\/image\/"},"sameAs":["https:\/\/www.facebook.com\/fontanalsgolfclub\/","https:\/\/x.com\/FontanalsGolf","https:\/\/www.instagram.com\/fontanalsgolfclub\/"]}]}},"_links":{"self":[{"href":"https:\/\/fontanalsgolfclub.com\/ca\/wp-json\/wp\/v2\/pages\/4643","targetHints":{"allow":["GET"]}}],"collection":[{"href":"https:\/\/fontanalsgolfclub.com\/ca\/wp-json\/wp\/v2\/pages"}],"about":[{"href":"https:\/\/fontanalsgolfclub.com\/ca\/wp-json\/wp\/v2\/types\/page"}],"author":[{"embeddable":true,"href":"https:\/\/fontanalsgolfclub.com\/ca\/wp-json\/wp\/v2\/users\/1"}],"replies":[{"embeddable":true,"href":"https:\/\/fontanalsgolfclub.com\/ca\/wp-json\/wp\/v2\/comments?post=4643"}],"version-history":[{"count":20,"href":"https:\/\/fontanalsgolfclub.com\/ca\/wp-json\/wp\/v2\/pages\/4643\/revisions"}],"predecessor-version":[{"id":5936,"href":"https:\/\/fontanalsgolfclub.com\/ca\/wp-json\/wp\/v2\/pages\/4643\/revisions\/5936"}],"up":[{"embeddable":true,"href":"https:\/\/fontanalsgolfclub.com\/ca\/wp-json\/wp\/v2\/pages\/4309"}],"wp:attachment":[{"href":"https:\/\/fontanalsgolfclub.com\/ca\/wp-json\/wp\/v2\/media?parent=4643"}],"curies":[{"name":"wp","href":"https:\/\/api.w.org\/{rel}","templated":true}]}}