{"id":4757,"date":"2019-07-04T11:43:02","date_gmt":"2019-07-04T09:43:02","guid":{"rendered":"https:\/\/fontanalsgolfclub.com\/politica-de-cookies\/"},"modified":"2021-09-23T15:54:50","modified_gmt":"2021-09-23T13:54:50","slug":"politica-de-cookies","status":"publish","type":"page","link":"https:\/\/fontanalsgolfclub.com\/ca\/politica-de-cookies\/","title":{"rendered":"Pol\u00edtica de Cookies"},"content":{"rendered":"[vc_row type=&#8221;full_width_background&#8221; full_screen_row_position=&#8221;middle&#8221; column_margin=&#8221;default&#8221; column_direction=&#8221;default&#8221; column_direction_tablet=&#8221;default&#8221; column_direction_phone=&#8221;default&#8221; scene_position=&#8221;center&#8221; top_padding=&#8221;50&#8243; bottom_padding=&#8221;100&#8243; text_color=&#8221;dark&#8221; text_align=&#8221;left&#8221; row_border_radius=&#8221;none&#8221; row_border_radius_applies=&#8221;bg&#8221; overlay_strength=&#8221;0.3&#8243; gradient_direction=&#8221;left_to_right&#8221; shape_divider_position=&#8221;bottom&#8221; bg_image_animation=&#8221;none&#8221; shape_type=&#8221;&#8221;][vc_column column_padding=&#8221;no-extra-padding&#8221; column_padding_tablet=&#8221;inherit&#8221; column_padding_phone=&#8221;inherit&#8221; column_padding_position=&#8221;all&#8221; background_color_opacity=&#8221;1&#8243; background_hover_color_opacity=&#8221;1&#8243; column_shadow=&#8221;none&#8221; column_border_radius=&#8221;none&#8221; column_link_target=&#8221;_self&#8221; gradient_direction=&#8221;left_to_right&#8221; overlay_strength=&#8221;0.3&#8243; width=&#8221;1\/6&#8243; tablet_width_inherit=&#8221;default&#8221; tablet_text_alignment=&#8221;default&#8221; phone_text_alignment=&#8221;default&#8221; column_border_width=&#8221;none&#8221; column_border_style=&#8221;solid&#8221; bg_image_animation=&#8221;none&#8221;][\/vc_column][vc_column column_padding=&#8221;no-extra-padding&#8221; column_padding_tablet=&#8221;inherit&#8221; column_padding_phone=&#8221;inherit&#8221; column_padding_position=&#8221;all&#8221; background_color_opacity=&#8221;1&#8243; background_hover_color_opacity=&#8221;1&#8243; column_shadow=&#8221;none&#8221; column_border_radius=&#8221;none&#8221; column_link_target=&#8221;_self&#8221; gradient_direction=&#8221;left_to_right&#8221; overlay_strength=&#8221;0.3&#8243; width=&#8221;2\/3&#8243; tablet_width_inherit=&#8221;default&#8221; tablet_text_alignment=&#8221;default&#8221; phone_text_alignment=&#8221;default&#8221; column_border_width=&#8221;none&#8221; column_border_style=&#8221;solid&#8221; bg_image_animation=&#8221;none&#8221;][vc_column_text]\n<h1 style=\"color: #b28d56;\">Pol\u00edtica de Cookies<\/h1>\n[\/vc_column_text][vc_column_text]Conforme al que es disposa en l&#8217;article 22.2 de la Llei 34\/2002, d&#8217;11 de juliol, de Serveis de la Societat de la Informaci\u00f3 i de Comer\u00e7 Electr\u00f2nic (LSSI-CE)\u00a0vigent, FONTANALS\u00a0ESPORTIVA\u00a0SA ha de complir amb l&#8217;obligaci\u00f3 d&#8217;informar sobre les cookies que utilitza i les seves finalitats.<\/p>\n<p>Aquest lloc web utilitza cookies i\/o tecnologies similars que emmagatzemen i recuperen informaci\u00f3 quan navegues. Les cookies permeten a una p\u00e0gina web, entre altres coses, emmagatzemar i recuperar informaci\u00f3 sobre els h\u00e0bits de navegaci\u00f3 d&#8217;un Usuari o del seu equip i, depenent de la informaci\u00f3 que contingui i de la forma en qu\u00e8 utilitzi el seu equip, poden utilitzar-se per a recon\u00e8ixer a l&#8217;Usuari.<\/p>\n<p>Les cookies s\u00f3n essencials per al funcionament d&#8217;internet, aportant innombrables avantatges en la prestaci\u00f3 de serveis interactius, facilitant-li a l&#8217;Usuari la navegaci\u00f3 i usabilitat de la nostra web.<\/p>\n<p>La informaci\u00f3 que li proporcionem a continuaci\u00f3, l&#8217;ajudar\u00e0 a comprendre els diferents tipus de cookies:<\/p>\n<p><em>SEGONS L&#8217;ENTITAT QUE LES GESTIONI<\/em><\/p>\n<p><strong>COOKIES PR\u00d2PIES<\/strong><br \/>\nS\u00f3n aquelles que s&#8217;envien a l&#8217;equip terminal de l&#8217;usuari des d&#8217;un equip o domini gestionat pel propi editor i des del qual es presta el servei sol\u00b7licitat per l&#8217;usuari.<\/p>\n<p><strong>COOKIES DE TERCER<\/strong><br \/>\nS\u00f3n aquelles que s&#8217;envien a l&#8217;equip terminal de l&#8217;usuari des d&#8217;un equip o domini que no \u00e9s gestionat per l&#8217;editor, sin\u00f3 per una altra entitat que tracta les dades obtingudes a trav\u00e9s de les cookies.<\/p>\n<p><em>SEGONS EL TERMINI DE TEMPS QUE ROMANGUIN ACTIVADES<\/em><\/p>\n<p><strong>COOKIES DE SESSI\u00d3<\/strong><br \/>\nS\u00f3n aquelles dissenyades per a recaptar i emmagatzemar dades mentre l&#8217;usuari accedeix a una p\u00e0gina web. Se solen emprar per a emmagatzemar informaci\u00f3 que nom\u00e9s interessa conservar per a la prestaci\u00f3 del servei sol\u00b7licitat per l&#8217;usuari en una sola ocasi\u00f3 (per exemple, una llista de productes adquirits) i desapareixen en acabar la sessi\u00f3.<\/p>\n<p><strong>COOKIES PERSISTENTS<\/strong><br \/>\nS\u00f3n aquelles en les quals les dades segueixen emmagatzemats en el terminal i poden ser accedits i tractats durant un per\u00edode definit pel responsable de la\u00a0cookie, i que pot anar d&#8217;uns minuts a diversos anys.<\/p>\n<p><em>SEGONS LA SEVA FINALITAT<\/em><\/p>\n<p><strong>COOKIES T\u00c8CNIQUES<\/strong><br \/>\nS\u00f3n aquelles que permeten a l&#8217;usuari la navegaci\u00f3 a trav\u00e9s d&#8217;una p\u00e0gina web, plataforma o aplicaci\u00f3 i la utilitzaci\u00f3 de les diferents opcions o serveis que en ella existeixin.<\/p>\n<p><strong>COOKIES DE PERSONALITZACIO\u0301<\/strong><br \/>\nPermeten aplicar caracter\u00edstiques pr\u00f2pies per a la navegaci\u00f3 de l&#8217;usuari pel website (Ex. idioma).<\/p>\n<p><strong>COOKIES D&#8217;AN\u00c0LISIS<\/strong><br \/>\nS\u00f3n aquelles que permeten al responsable de les mateixes el seguiment i an\u00e0lisi del comportament dels usuaris dels llocs web als quals estan vinculades, inclosa la quantificaci\u00f3 dels impactes dels anuncis. La informaci\u00f3 recollida mitjan\u00e7ant aquesta mena de cookies s&#8217;utilitza en el mesurament de l&#8217;activitat dels llocs web, aplicaci\u00f3 o plataforma, amb la finalitat d&#8217;introduir millores en funci\u00f3 de l&#8217;an\u00e0lisi de les dades d&#8217;\u00fas que fan els usuaris del servei.<\/p>\n<p><strong>COOKIES PUBLICIT\u00c0RIES<\/strong><br \/>\nPermeten a l&#8217;editor incloure en la p\u00e0gina web espais publicitaris, segons el contingut de la pr\u00f2pia web.<\/p>\n<p><strong>COOKIES DE PUBLICITAT COMPORTAMENTAL<\/strong><br \/>\nS\u00f3n aquelles que emmagatzemen informaci\u00f3 del comportament dels usuaris obtinguda a trav\u00e9s de l&#8217;observaci\u00f3 continuada dels seus h\u00e0bits de navegaci\u00f3, la qual cosa permet desenvolupar un perfil espec\u00edfic per a mostrar publicitat en funci\u00f3 d&#8217;aquest.<\/p>\n<p>Addicionalment, FONTANALS\u00a0ESPORTIVA\u00a0SA informa de manera m\u00e9s detallada de les cookies que utilitza els seus titulars, l&#8217;\u00fas o finalitat concreta, els terminis de conservaci\u00f3 aix\u00ed com de les Transfer\u00e8ncies Internacionals de dades de cadascuna d&#8217;elles utilitzades en la nostra p\u00e0gina web:[\/vc_column_text][vc_raw_js]JTNDc2NyaXB0JTIwaWQlM0QlMjJDb29raWVEZWNsYXJhdGlvbiUyMiUyMGRhdGEtY3VsdHVyZSUzRCUyMkNBJTIyJTIwc3JjJTNEJTIyaHR0cHMlM0ElMkYlMkZjb25zZW50LmNvb2tpZWJvdC5jb20lMkY1OGUxN2U5NS0xNjQyLTRjYzYtOTBjYy1hODgzMjg1ZWYyMzMlMkZjZC5qcyUyMiUyMHR5cGUlM0QlMjJ0ZXh0JTJGamF2YXNjcmlwdCUyMiUyMGFzeW5jJTNFJTNDJTJGc2NyaXB0JTNF[\/vc_raw_js][vc_column_text]A continuaci\u00f3 li proporcionem els enlla\u00e7os de diversos navegadors, a trav\u00e9s dels quals podr\u00e0 modificar la configuraci\u00f3 del seu navegador sobre l&#8217;\u00fas de cookies:<\/p>\n<ul>\n<li>Firefox des d&#8217;aqu\u00ed:<br \/>\n<a href=\"http:\/\/support.mozilla.org\/es\/kb\/habilitar-y-deshabilitar-cookies-que-los-sitios-web\">http:\/\/support.mozilla.org\/es\/kb\/habilitar-y-deshabilitar-cookies-que-los-sitios-we<\/a><\/li>\n<li>Chrome des d&#8217;aqu\u00ed:<br \/>\n<a href=\"http:\/\/support.google.com\/chrome\/bin\/answer.py?hl=es&amp;answer=95647\">http:\/\/support.google.com\/chrome\/bin\/answer.py?hl=es&amp;answer=95647<\/a><\/li>\n<li>Explorer des d&#8217;aqu\u00ed:<br \/>\n<a href=\"http:\/\/windows.microsoft.com\/es-es\/internet-explorer\/delete-manage-cookies#ie=*ie-10\">http:\/\/windows.microsoft.com\/es-es\/internet-explorer\/delete-manage-cookies#ie=*ie-10<\/a><\/li>\n<li>Safari des d&#8217;aqu\u00ed:<br \/>\n<a href=\"https:\/\/support.apple.com\/kb\/ph17191?locale=es_es\">https:\/\/support.apple.com\/kb\/ph17191?locale=es_es<\/a><\/li>\n<li>Opera des d&#8217;aqu\u00ed:<br \/>\n<a href=\"https:\/\/help.opera.com\/en\/latest\/web-preferences\/#cookies\">https:\/\/help.opera.com\/en\/latest\/web-preferences\/#cookies<\/a><\/li>\n<\/ul>\n<p>Per a con\u00e8ixer m\u00e9s informaci\u00f3 sobre el tractament de dades personals, li recomanem visitar el nostre apartat \u201cPol\u00edtica de Privacitat\u201d.<\/p>\n<p><strong>\u00daLTIMA ACTUALITZACI\u00d3: 19 de maig de 2021<\/strong>[\/vc_column_text][\/vc_column][vc_column column_padding=&#8221;no-extra-padding&#8221; column_padding_tablet=&#8221;inherit&#8221; column_padding_phone=&#8221;inherit&#8221; column_padding_position=&#8221;all&#8221; background_color_opacity=&#8221;1&#8243; background_hover_color_opacity=&#8221;1&#8243; column_shadow=&#8221;none&#8221; column_border_radius=&#8221;none&#8221; column_link_target=&#8221;_self&#8221; gradient_direction=&#8221;left_to_right&#8221; overlay_strength=&#8221;0.3&#8243; width=&#8221;1\/6&#8243; tablet_width_inherit=&#8221;default&#8221; tablet_text_alignment=&#8221;default&#8221; phone_text_alignment=&#8221;default&#8221; column_border_width=&#8221;none&#8221; column_border_style=&#8221;solid&#8221; bg_image_animation=&#8221;none&#8221;][\/vc_column][\/vc_row]\n","protected":false},"excerpt":{"rendered":"<p>[vc_row type=&#8221;full_width_background&#8221; full_screen_row_position=&#8221;middle&#8221; column_margin=&#8221;default&#8221; column_direction=&#8221;default&#8221; column_direction_tablet=&#8221;default&#8221; column_direction_phone=&#8221;default&#8221; scene_position=&#8221;center&#8221; top_padding=&#8221;50&#8243; bottom_padding=&#8221;100&#8243; text_color=&#8221;dark&#8221; text_align=&#8221;left&#8221; row_border_radius=&#8221;none&#8221; row_border_radius_applies=&#8221;bg&#8221; overlay_strength=&#8221;0.3&#8243; gradient_direction=&#8221;left_to_right&#8221; shape_divider_position=&#8221;bottom&#8221; bg_image_animation=&#8221;none&#8221; shape_type=&#8221;&#8221;][vc_column column_padding=&#8221;no-extra-padding&#8221; column_padding_tablet=&#8221;inherit&#8221; column_padding_phone=&#8221;inherit&#8221; column_padding_position=&#8221;all&#8221; background_color_opacity=&#8221;1&#8243; background_hover_color_opacity=&#8221;1&#8243; column_shadow=&#8221;none&#8221; column_border_radius=&#8221;none&#8221; column_link_target=&#8221;_self&#8221; gradient_direction=&#8221;left_to_right&#8221; overlay_strength=&#8221;0.3&#8243;&#8230;<\/p>\n","protected":false},"author":1,"featured_media":0,"parent":0,"menu_order":0,"comment_status":"closed","ping_status":"closed","template":"","meta":{"footnotes":""},"class_list":["post-4757","page","type-page","status-publish"],"yoast_head":"<!-- This site is optimized with the Yoast SEO plugin v27.5 - https:\/\/yoast.com\/product\/yoast-seo-wordpress\/ -->\n<title>Pol\u00edtica de Cookies - Fontanals Golf Club<\/title>\n<meta name=\"robots\" content=\"index, follow, max-snippet:-1, max-image-preview:large, max-video-preview:-1\" \/>\n<link rel=\"canonical\" href=\"https:\/\/fontanalsgolfclub.com\/ca\/politica-de-cookies\/\" \/>\n<meta property=\"og:locale\" content=\"ca_ES\" \/>\n<meta property=\"og:type\" content=\"article\" \/>\n<meta property=\"og:title\" content=\"Pol\u00edtica de Cookies - Fontanals Golf Club\" \/>\n<meta property=\"og:description\" content=\"[vc_row type=&#8221;full_width_background&#8221; full_screen_row_position=&#8221;middle&#8221; column_margin=&#8221;default&#8221; column_direction=&#8221;default&#8221; column_direction_tablet=&#8221;default&#8221; column_direction_phone=&#8221;default&#8221; scene_position=&#8221;center&#8221; top_padding=&#8221;50&#8243; bottom_padding=&#8221;100&#8243; text_color=&#8221;dark&#8221; text_align=&#8221;left&#8221; row_border_radius=&#8221;none&#8221; row_border_radius_applies=&#8221;bg&#8221; overlay_strength=&#8221;0.3&#8243; gradient_direction=&#8221;left_to_right&#8221; shape_divider_position=&#8221;bottom&#8221; bg_image_animation=&#8221;none&#8221; shape_type=&#8221;&#8221;][vc_column column_padding=&#8221;no-extra-padding&#8221; column_padding_tablet=&#8221;inherit&#8221; column_padding_phone=&#8221;inherit&#8221; column_padding_position=&#8221;all&#8221; background_color_opacity=&#8221;1&#8243; background_hover_color_opacity=&#8221;1&#8243; column_shadow=&#8221;none&#8221; column_border_radius=&#8221;none&#8221; column_link_target=&#8221;_self&#8221; gradient_direction=&#8221;left_to_right&#8221; overlay_strength=&#8221;0.3&#8243;...\" \/>\n<meta property=\"og:url\" content=\"https:\/\/fontanalsgolfclub.com\/ca\/politica-de-cookies\/\" \/>\n<meta property=\"og:site_name\" content=\"Fontanals Golf Club\" \/>\n<meta property=\"article:publisher\" content=\"https:\/\/www.facebook.com\/fontanalsgolfclub\/\" \/>\n<meta property=\"article:modified_time\" content=\"2021-09-23T13:54:50+00:00\" \/>\n<meta name=\"twitter:card\" content=\"summary_large_image\" \/>\n<meta name=\"twitter:site\" content=\"@FontanalsGolf\" \/>\n<meta name=\"twitter:label1\" content=\"Temps estimat de lectura\" \/>\n\t<meta name=\"twitter:data1\" content=\"5 minuts\" \/>\n<script type=\"application\/ld+json\" class=\"yoast-schema-graph\">{\"@context\":\"https:\\\/\\\/schema.org\",\"@graph\":[{\"@type\":\"WebPage\",\"@id\":\"https:\\\/\\\/fontanalsgolfclub.com\\\/ca\\\/politica-de-cookies\\\/\",\"url\":\"https:\\\/\\\/fontanalsgolfclub.com\\\/ca\\\/politica-de-cookies\\\/\",\"name\":\"Pol\u00edtica de Cookies - Fontanals Golf Club\",\"isPartOf\":{\"@id\":\"https:\\\/\\\/fontanalsgolfclub.com\\\/ca\\\/#website\"},\"datePublished\":\"2019-07-04T09:43:02+00:00\",\"dateModified\":\"2021-09-23T13:54:50+00:00\",\"breadcrumb\":{\"@id\":\"https:\\\/\\\/fontanalsgolfclub.com\\\/ca\\\/politica-de-cookies\\\/#breadcrumb\"},\"inLanguage\":\"ca\",\"potentialAction\":[{\"@type\":\"ReadAction\",\"target\":[\"https:\\\/\\\/fontanalsgolfclub.com\\\/ca\\\/politica-de-cookies\\\/\"]}]},{\"@type\":\"BreadcrumbList\",\"@id\":\"https:\\\/\\\/fontanalsgolfclub.com\\\/ca\\\/politica-de-cookies\\\/#breadcrumb\",\"itemListElement\":[{\"@type\":\"ListItem\",\"position\":1,\"name\":\"Portada\",\"item\":\"https:\\\/\\\/fontanalsgolfclub.com\\\/ca\\\/\"},{\"@type\":\"ListItem\",\"position\":2,\"name\":\"Pol\u00edtica de Cookies\"}]},{\"@type\":\"WebSite\",\"@id\":\"https:\\\/\\\/fontanalsgolfclub.com\\\/ca\\\/#website\",\"url\":\"https:\\\/\\\/fontanalsgolfclub.com\\\/ca\\\/\",\"name\":\"Fontanals Golf Club\",\"description\":\"Uno de los mejores campos de golf de Espa\u00f1a\",\"publisher\":{\"@id\":\"https:\\\/\\\/fontanalsgolfclub.com\\\/ca\\\/#organization\"},\"potentialAction\":[{\"@type\":\"SearchAction\",\"target\":{\"@type\":\"EntryPoint\",\"urlTemplate\":\"https:\\\/\\\/fontanalsgolfclub.com\\\/ca\\\/?s={search_term_string}\"},\"query-input\":{\"@type\":\"PropertyValueSpecification\",\"valueRequired\":true,\"valueName\":\"search_term_string\"}}],\"inLanguage\":\"ca\"},{\"@type\":\"Organization\",\"@id\":\"https:\\\/\\\/fontanalsgolfclub.com\\\/ca\\\/#organization\",\"name\":\"Fontanals Golf Club\",\"url\":\"https:\\\/\\\/fontanalsgolfclub.com\\\/ca\\\/\",\"logo\":{\"@type\":\"ImageObject\",\"inLanguage\":\"ca\",\"@id\":\"https:\\\/\\\/fontanalsgolfclub.com\\\/ca\\\/#\\\/schema\\\/logo\\\/image\\\/\",\"url\":\"https:\\\/\\\/fontanalsgolfclub.com\\\/wp-content\\\/uploads\\\/2019\\\/05\\\/logo_fontanals_fosc@2x.png\",\"contentUrl\":\"https:\\\/\\\/fontanalsgolfclub.com\\\/wp-content\\\/uploads\\\/2019\\\/05\\\/logo_fontanals_fosc@2x.png\",\"width\":320,\"height\":208,\"caption\":\"Fontanals Golf Club\"},\"image\":{\"@id\":\"https:\\\/\\\/fontanalsgolfclub.com\\\/ca\\\/#\\\/schema\\\/logo\\\/image\\\/\"},\"sameAs\":[\"https:\\\/\\\/www.facebook.com\\\/fontanalsgolfclub\\\/\",\"https:\\\/\\\/x.com\\\/FontanalsGolf\",\"https:\\\/\\\/www.instagram.com\\\/fontanalsgolfclub\\\/\"]}]}<\/script>\n<!-- \/ Yoast SEO plugin. -->","yoast_head_json":{"title":"Pol\u00edtica de Cookies - Fontanals Golf Club","robots":{"index":"index","follow":"follow","max-snippet":"max-snippet:-1","max-image-preview":"max-image-preview:large","max-video-preview":"max-video-preview:-1"},"canonical":"https:\/\/fontanalsgolfclub.com\/ca\/politica-de-cookies\/","og_locale":"ca_ES","og_type":"article","og_title":"Pol\u00edtica de Cookies - Fontanals Golf Club","og_description":"[vc_row type=&#8221;full_width_background&#8221; full_screen_row_position=&#8221;middle&#8221; column_margin=&#8221;default&#8221; column_direction=&#8221;default&#8221; column_direction_tablet=&#8221;default&#8221; column_direction_phone=&#8221;default&#8221; scene_position=&#8221;center&#8221; top_padding=&#8221;50&#8243; bottom_padding=&#8221;100&#8243; text_color=&#8221;dark&#8221; text_align=&#8221;left&#8221; row_border_radius=&#8221;none&#8221; row_border_radius_applies=&#8221;bg&#8221; overlay_strength=&#8221;0.3&#8243; gradient_direction=&#8221;left_to_right&#8221; shape_divider_position=&#8221;bottom&#8221; bg_image_animation=&#8221;none&#8221; shape_type=&#8221;&#8221;][vc_column column_padding=&#8221;no-extra-padding&#8221; column_padding_tablet=&#8221;inherit&#8221; column_padding_phone=&#8221;inherit&#8221; column_padding_position=&#8221;all&#8221; background_color_opacity=&#8221;1&#8243; background_hover_color_opacity=&#8221;1&#8243; column_shadow=&#8221;none&#8221; column_border_radius=&#8221;none&#8221; column_link_target=&#8221;_self&#8221; gradient_direction=&#8221;left_to_right&#8221; overlay_strength=&#8221;0.3&#8243;...","og_url":"https:\/\/fontanalsgolfclub.com\/ca\/politica-de-cookies\/","og_site_name":"Fontanals Golf Club","article_publisher":"https:\/\/www.facebook.com\/fontanalsgolfclub\/","article_modified_time":"2021-09-23T13:54:50+00:00","twitter_card":"summary_large_image","twitter_site":"@FontanalsGolf","twitter_misc":{"Temps estimat de lectura":"5 minuts"},"schema":{"@context":"https:\/\/schema.org","@graph":[{"@type":"WebPage","@id":"https:\/\/fontanalsgolfclub.com\/ca\/politica-de-cookies\/","url":"https:\/\/fontanalsgolfclub.com\/ca\/politica-de-cookies\/","name":"Pol\u00edtica de Cookies - Fontanals Golf Club","isPartOf":{"@id":"https:\/\/fontanalsgolfclub.com\/ca\/#website"},"datePublished":"2019-07-04T09:43:02+00:00","dateModified":"2021-09-23T13:54:50+00:00","breadcrumb":{"@id":"https:\/\/fontanalsgolfclub.com\/ca\/politica-de-cookies\/#breadcrumb"},"inLanguage":"ca","potentialAction":[{"@type":"ReadAction","target":["https:\/\/fontanalsgolfclub.com\/ca\/politica-de-cookies\/"]}]},{"@type":"BreadcrumbList","@id":"https:\/\/fontanalsgolfclub.com\/ca\/politica-de-cookies\/#breadcrumb","itemListElement":[{"@type":"ListItem","position":1,"name":"Portada","item":"https:\/\/fontanalsgolfclub.com\/ca\/"},{"@type":"ListItem","position":2,"name":"Pol\u00edtica de Cookies"}]},{"@type":"WebSite","@id":"https:\/\/fontanalsgolfclub.com\/ca\/#website","url":"https:\/\/fontanalsgolfclub.com\/ca\/","name":"Fontanals Golf Club","description":"Uno de los mejores campos de golf de Espa\u00f1a","publisher":{"@id":"https:\/\/fontanalsgolfclub.com\/ca\/#organization"},"potentialAction":[{"@type":"SearchAction","target":{"@type":"EntryPoint","urlTemplate":"https:\/\/fontanalsgolfclub.com\/ca\/?s={search_term_string}"},"query-input":{"@type":"PropertyValueSpecification","valueRequired":true,"valueName":"search_term_string"}}],"inLanguage":"ca"},{"@type":"Organization","@id":"https:\/\/fontanalsgolfclub.com\/ca\/#organization","name":"Fontanals Golf Club","url":"https:\/\/fontanalsgolfclub.com\/ca\/","logo":{"@type":"ImageObject","inLanguage":"ca","@id":"https:\/\/fontanalsgolfclub.com\/ca\/#\/schema\/logo\/image\/","url":"https:\/\/fontanalsgolfclub.com\/wp-content\/uploads\/2019\/05\/logo_fontanals_fosc@2x.png","contentUrl":"https:\/\/fontanalsgolfclub.com\/wp-content\/uploads\/2019\/05\/logo_fontanals_fosc@2x.png","width":320,"height":208,"caption":"Fontanals Golf Club"},"image":{"@id":"https:\/\/fontanalsgolfclub.com\/ca\/#\/schema\/logo\/image\/"},"sameAs":["https:\/\/www.facebook.com\/fontanalsgolfclub\/","https:\/\/x.com\/FontanalsGolf","https:\/\/www.instagram.com\/fontanalsgolfclub\/"]}]}},"_links":{"self":[{"href":"https:\/\/fontanalsgolfclub.com\/ca\/wp-json\/wp\/v2\/pages\/4757","targetHints":{"allow":["GET"]}}],"collection":[{"href":"https:\/\/fontanalsgolfclub.com\/ca\/wp-json\/wp\/v2\/pages"}],"about":[{"href":"https:\/\/fontanalsgolfclub.com\/ca\/wp-json\/wp\/v2\/types\/page"}],"author":[{"embeddable":true,"href":"https:\/\/fontanalsgolfclub.com\/ca\/wp-json\/wp\/v2\/users\/1"}],"replies":[{"embeddable":true,"href":"https:\/\/fontanalsgolfclub.com\/ca\/wp-json\/wp\/v2\/comments?post=4757"}],"version-history":[{"count":14,"href":"https:\/\/fontanalsgolfclub.com\/ca\/wp-json\/wp\/v2\/pages\/4757\/revisions"}],"predecessor-version":[{"id":6432,"href":"https:\/\/fontanalsgolfclub.com\/ca\/wp-json\/wp\/v2\/pages\/4757\/revisions\/6432"}],"wp:attachment":[{"href":"https:\/\/fontanalsgolfclub.com\/ca\/wp-json\/wp\/v2\/media?parent=4757"}],"curies":[{"name":"wp","href":"https:\/\/api.w.org\/{rel}","templated":true}]}}