{"id":6361,"date":"2021-09-07T13:08:07","date_gmt":"2021-09-07T11:08:07","guid":{"rendered":"https:\/\/fontanalsgolfclub.com\/politica-de-privacitat\/"},"modified":"2025-11-28T10:27:52","modified_gmt":"2025-11-28T09:27:52","slug":"politica-de-privacitat","status":"publish","type":"page","link":"https:\/\/fontanalsgolfclub.com\/ca\/politica-de-privacitat\/","title":{"rendered":"Pol\u00edtica de privacitat"},"content":{"rendered":"[vc_row type=&#8221;full_width_background&#8221; full_screen_row_position=&#8221;middle&#8221; column_margin=&#8221;default&#8221; column_direction=&#8221;default&#8221; column_direction_tablet=&#8221;default&#8221; column_direction_phone=&#8221;default&#8221; scene_position=&#8221;center&#8221; top_padding=&#8221;50&#8243; bottom_padding=&#8221;100&#8243; text_color=&#8221;dark&#8221; text_align=&#8221;left&#8221; row_border_radius=&#8221;none&#8221; row_border_radius_applies=&#8221;bg&#8221; overlay_strength=&#8221;0.3&#8243; gradient_direction=&#8221;left_to_right&#8221; shape_divider_position=&#8221;bottom&#8221; bg_image_animation=&#8221;none&#8221; shape_type=&#8221;&#8221;][vc_column column_padding=&#8221;no-extra-padding&#8221; column_padding_tablet=&#8221;inherit&#8221; column_padding_phone=&#8221;inherit&#8221; column_padding_position=&#8221;all&#8221; background_color_opacity=&#8221;1&#8243; background_hover_color_opacity=&#8221;1&#8243; column_shadow=&#8221;none&#8221; column_border_radius=&#8221;none&#8221; column_link_target=&#8221;_self&#8221; gradient_direction=&#8221;left_to_right&#8221; overlay_strength=&#8221;0.3&#8243; width=&#8221;1\/6&#8243; tablet_width_inherit=&#8221;default&#8221; tablet_text_alignment=&#8221;default&#8221; phone_text_alignment=&#8221;default&#8221; column_border_width=&#8221;none&#8221; column_border_style=&#8221;solid&#8221; bg_image_animation=&#8221;none&#8221;][\/vc_column][vc_column column_padding=&#8221;no-extra-padding&#8221; column_padding_tablet=&#8221;inherit&#8221; column_padding_phone=&#8221;inherit&#8221; column_padding_position=&#8221;all&#8221; background_color_opacity=&#8221;1&#8243; background_hover_color_opacity=&#8221;1&#8243; column_shadow=&#8221;none&#8221; column_border_radius=&#8221;none&#8221; column_link_target=&#8221;_self&#8221; gradient_direction=&#8221;left_to_right&#8221; overlay_strength=&#8221;0.3&#8243; width=&#8221;2\/3&#8243; tablet_width_inherit=&#8221;default&#8221; tablet_text_alignment=&#8221;default&#8221; phone_text_alignment=&#8221;default&#8221; column_border_width=&#8221;none&#8221; column_border_style=&#8221;solid&#8221; bg_image_animation=&#8221;none&#8221;][vc_column_text]\n<h1 style=\"color: #b28d56;\">Pol\u00edtica de Privacitat<\/h1>\n[\/vc_column_text][vc_column_text]Dades del propietari de la web:<\/p>\n<p>RA\u00d3 SOCIAL: FONTANALS\u00a0ESPORTIVA\u00a0SA<br \/>\nNIF: A59985234<br \/>\nADRE\u00c7A POSTAL:MALLORCA, 228 2\u00ba1\u00aa 08008, BARCELONA<br \/>\nADRE\u00c7A ELECTR\u00d2NICA: hola@fontanalsgolfclub.com<br \/>\nTEL\u00c8FONS: 972144374<br \/>\nREGISTRE MERCANTIL: tom 21806, foli 0033, fulla 27330 i inscripci\u00f3<br \/>\nOBJECTE PRINCIPAL: Club esportiu de golf<\/p>\n<p><em>POTECCI\u00d3 DE DADES<\/em><br \/>\nDe conformitat amb la normativa vigent i aplicable en protecci\u00f3 de dades de car\u00e0cter personal, l&#8217;informem que les seves dades seran incorporades al sistema de tractament titularitat de FONTANALS ESPORTIVA SA amb NIF A59985234 i domicili social situat en MALLORCA, 228 2\u00ba1\u00aa 08008, BARCELONA, i que a continuaci\u00f3 es relacionen les seves respectives finalitats, terminis de conservaci\u00f3 i bases legitimadores. Per a aquells tractaments que ho requereixin, s&#8217;informa tamb\u00e9 de la possible elaboraci\u00f3 de perfils i decisions automatitzades, aix\u00ed com les possibles cessions i les transfer\u00e8ncies internacionals que FONTANALS ESPORTIVA SA t\u00e9 previst realitzar:<\/p>\n<div class=\"page\" title=\"Page 17\">\n<div class=\"layoutArea\">\n<div class=\"column\">\n<p><em>TRACTAMENTS REALITZATS<br \/>\n<\/em><strong>Gesti\u00f3 de la p\u00e0gina web<\/strong><br \/>\nFinalitat: Tractament i gesti\u00f3 de les dades necess\u00e0ries per a la funcionalitat de la p\u00e0gina web<br \/>\nTermini de conservaci\u00f3: mentre perduri el consentiment prestat<br \/>\nBase leg\u00edtima: El consentiment de l&#8217;interessat<br \/>\nTipologia de Dades: Dades merament identificatives Cessions: No es preveuen<br \/>\nTransfer\u00e8ncies internacionals: No es preveuen Elaboracions de perfils: No es preveuen<\/p>\n<p><strong>Formulari web<\/strong><br \/>\nFinalitat: Atendre les seves consultes i\/o sol\u00b7licituds<br \/>\nTermini de conservaci\u00f3: mentre es mantingui el consentiment prestat. Base leg\u00edtima: El consentiment de l&#8217;interessat<br \/>\nTipologia de Dades: Dades merament identificatives<br \/>\nCessions: Cap<br \/>\nTransfer\u00e8ncies internacionals: No es preveuen<br \/>\nElaboracions de perfils: No es preveuen<\/p>\n<p><strong>Gesti\u00f3 del compliment normatiu<br \/>\n<\/strong>Finalitat: Gesti\u00f3 i tramitaci\u00f3 de les obligacions i deures que es derivin del compliment de la normativa a la qual est\u00e0 subjecta l&#8217;entitat<br \/>\nTermini de conservaci\u00f3: conservaci\u00f3 de les c\u00f2pies dels documents fins que prescriguin les accions per a reclamar-li una possible responsabilitat<br \/>\nBase leg\u00edtima: El compliment d&#8217;una llei<br \/>\nTipologia de Dades: Dades merament identificatives<br \/>\nCessions: les seves dades seran comunicades en cas de ser necessari a Organismes i\/o administraci\u00f3 p\u00fablica amb compet\u00e8ncia en la mat\u00e8ria amb la finalitat de complir amb les obligacions establertes en la normativa aplicable. A m\u00e9s, s&#8217;informa que la base legitimadora de la cessi\u00f3 \u00e9s complir amb les obligacions establertes en la normativa aplicable<br \/>\nTransfer\u00e8ncies internacionals: No es preveuen<br \/>\nElaboracions de perfils: No es preveuen<\/p>\n<p><strong>Accions Comercials<\/strong><br \/>\nFinalitat: Captaci\u00f3, registre i tractament de dades amb finalitats de publicitat i prospecci\u00f3 comercial dels nostres productes i\/o serveis<br \/>\nTermini de conservaci\u00f3: mentre es mantingui el consentiment prestat<br \/>\nBase leg\u00edtima: El consentiment de l&#8217;interessat<br \/>\nTipologia de Dades: Dades merament identificatives Cessions: Cap<br \/>\nTransfer\u00e8ncies internacionals: No es preveuen Elaboracions de perfils: No es preveuen<\/p>\n<\/div>\n<\/div>\n<\/div>\n<p><em>DRETS DELS INTERESSATS<\/em><br \/>\nFONTANALS\u00a0ESPORTIVA\u00a0SA informa els Usuaris que, podr\u00e0 exercir els drets d&#8217;acc\u00e9s, rectificaci\u00f3, limitaci\u00f3, supressi\u00f3, portabilitat i oposici\u00f3 al tractament de les seves dades de car\u00e0cter personal davant el Responsable del Tractament, aix\u00ed com a la retirada del consentiment prestat.<\/p>\n<div class=\"page\" title=\"Page 18\">\n<div class=\"layoutArea\">\n<div class=\"column\">\n<div class=\"page\" title=\"Page 19\">\n<div class=\"layoutArea\">\n<div class=\"column\">\n<div class=\"page\" title=\"Page 18\">\n<div class=\"layoutArea\">\n<div class=\"column\">\n<ul>\n<li>Dret d&#8217;Acc\u00e9s: \u00c9s el dret de l&#8217;usuari a obtenir informaci\u00f3 sobre les seves dades concretes de car\u00e0cter personal i del tractament que s&#8217;hagi realitzat o realitzi, aix\u00ed com de la informaci\u00f3 disponible sobre l&#8217;origen d&#8217;aquestes dades i les comunicacions realitzades o previstes d&#8217;aquests.<\/li>\n<li>Dret de Rectificaci\u00f3: \u00c9s el dret de l&#8217;afectat al fet que es modifiquin les dades que resultin ser inexactes o incomplets. Nom\u00e9s podr\u00e0 satisfer-se en relaci\u00f3 a aquella informaci\u00f3 que es trobi sota el control de FONTANALS ESPORTIVA SA, per exemple, eliminar comentaris publicats en la pr\u00f2pia p\u00e0gina, imatges o continguts web on constin dades de car\u00e0cter personal de l&#8217;usuari.<\/li>\n<li>Dret a la Limitaci\u00f3 de tractament: \u00c9s el dret al fet que es limitin els fins del tractament previstos de manera original pel responsable del tractament.<\/li>\n<li>Dret de Supressi\u00f3: \u00c9s el dret a suprimir les dades de car\u00e0cter personal de l&#8217;usuari, a excepci\u00f3 del que es preveu en el propi RGPD o en altres normatives aplicables que determinin l&#8217;obligatorietat de la conservaci\u00f3 d&#8217;aquests, #dins del termini i en la forma escaient.<\/li>\n<li>Dret de portabilitat: El dret a rebre les dades personals que l&#8217;usuari, hagi facilitat, en un format estructurat, d&#8217;\u00fas com\u00fa i lectura mec\u00e0nica, i a transmetre&#8217;ls a un altre responsable.<br \/>\nDret d&#8217;Oposici\u00f3: \u00c9s el dret de l&#8217;usuari al fet que no es dugui a terme el tractament de les seves dades de car\u00e0cter personal o se cessi el tractament dels mateixos per part de FONTANALS ESPORTIVA SA.<\/li>\n<\/ul>\n<p>Per a poder exercir qualsevol dels drets descrits anteriorment haur\u00e0 de complir amb els seg\u00fcents requisits:<\/p>\n<\/div>\n<\/div>\n<\/div>\n<div class=\"page\" title=\"Page 19\">\n<div class=\"layoutArea\">\n<div class=\"column\">\n<div class=\"page\" title=\"Page 18\">\n<div class=\"layoutArea\">\n<div class=\"column\">\n<div class=\"page\" title=\"Page 19\">\n<div class=\"layoutArea\">\n<div class=\"column\">\n<ul>\n<li>Presentaci\u00f3 d&#8217;un escrit a l&#8217;adre\u00e7a MALLORCA, 228 2\u00ba1\u00aa 08008, BARCELONA (a l&#8217;atenci\u00f3 de FONTANALS ESPORTIVA SA) o b\u00e9 a trav\u00e9s de correu electr\u00f2nic hola@fontanalsgolfclub.com<\/li>\n<li>L&#8217;escrit rem\u00e8s pel titular de les dades que sol\u00b7liciti l&#8217;exercici haur\u00e0 de complir els seg\u00fcents requisits legals:<\/li>\n<\/ul>\n<ol>\n<li>Nom, cognoms de l&#8217;interessat i c\u00f2pia del DNI\/NIE o qualsevol document identificatiu. En els excepcionals casos en qu\u00e8 s&#8217;admeti la representaci\u00f3, ser\u00e0 tamb\u00e9 necess\u00e0ria la identificaci\u00f3 pel mateix mitj\u00e0 de la persona que li representa, aix\u00ed com el document acreditatiu de la representaci\u00f3. La fotoc\u00f2pia del DNI podr\u00e0 ser substitu\u00efda sempre que s&#8217;acrediti la identitat per qualsevol altre mitj\u00e0 v\u00e0lid en dret.<\/li>\n<li>Petici\u00f3 en qu\u00e8 es concreta la sol\u00b7licitud. (Exercici en el qual se sol\u00b7licita la informaci\u00f3 a la qual es vol accedir). Si no fa refer\u00e8ncia a un fitxer concret se li facilitar\u00e0 tota la informaci\u00f3 que es tingui amb les seves dades de car\u00e0cter personal. Si sol\u00b7licita informaci\u00f3 d&#8217;un fitxer en concret, nom\u00e9s la informaci\u00f3 d&#8217;aquest fitxer. Si sol\u00b7licita informaci\u00f3 relativa a un tercer mai es podr\u00e0 facilitar. Si ho sol\u00b7licita per tel\u00e8fon se li indicar\u00e0 que ho faci per escrit i se l&#8217;informar\u00e0 de com ho pot fer i l&#8217;adre\u00e7a a la qual ha d&#8217;enviar-ho. Mai se li donar\u00e0 informaci\u00f3 per tel\u00e8fon.<\/li>\n<li>Domicili a l&#8217;efecte de notificacions.<\/li>\n<li>Data i signatura del sol\u00b7licitant.<\/li>\n<li>Documents acreditatius de la petici\u00f3 que formula.<\/li>\n<li>L&#8217;interessat ha d&#8217;utilitzar qualsevol mitj\u00e0 que permeti acreditar l&#8217;enviament i la recepci\u00f3 de la sol\u00b7licitud.<\/li>\n<\/ol>\n<\/div>\n<\/div>\n<p>Finalment, l&#8217;informem que Vost\u00e8 t\u00e9 dret a presentar una reclamaci\u00f3 davant l&#8217;Ag\u00e8ncia Espanyola de Protecci\u00f3 de Dades en cas que tingui coneixement o consideri que un fet pugui suposar un incompliment de la normativa aplicable en mat\u00e8ria de protecci\u00f3 de dades.<br \/>\nFONTANALS\u00a0ESPORTIVA\u00a0SA es compromet a adoptar les mesures t\u00e8cniques i organitzatives necess\u00e0ries, concorde al nivell de riscos que acompanyen els tractaments realitzats per aquestes i indicats en l&#8217;apartat dels termes i condicions d&#8217;\u00fas, de manera que garanteixin la seva integritat, confidencialitat i disponibilitat.<\/p>\n<p><strong>\u00daLTIMA ACTUALITZACI\u00d3: 19 de maig de 2021<\/strong><\/p>\n<\/div>\n<\/div>\n<\/div>\n<\/div>\n<\/div>\n<\/div>\n<\/div>\n<\/div>\n<\/div>\n<\/div>\n<\/div>\n<\/div>\n<\/div>\n[\/vc_column_text][\/vc_column][vc_column column_padding=&#8221;no-extra-padding&#8221; column_padding_tablet=&#8221;inherit&#8221; column_padding_phone=&#8221;inherit&#8221; column_padding_position=&#8221;all&#8221; background_color_opacity=&#8221;1&#8243; background_hover_color_opacity=&#8221;1&#8243; column_shadow=&#8221;none&#8221; column_border_radius=&#8221;none&#8221; column_link_target=&#8221;_self&#8221; gradient_direction=&#8221;left_to_right&#8221; overlay_strength=&#8221;0.3&#8243; width=&#8221;1\/6&#8243; tablet_width_inherit=&#8221;default&#8221; tablet_text_alignment=&#8221;default&#8221; phone_text_alignment=&#8221;default&#8221; column_border_width=&#8221;none&#8221; column_border_style=&#8221;solid&#8221; bg_image_animation=&#8221;none&#8221;][\/vc_column][\/vc_row]\n","protected":false},"excerpt":{"rendered":"<p>[vc_row type=&#8221;full_width_background&#8221; full_screen_row_position=&#8221;middle&#8221; column_margin=&#8221;default&#8221; column_direction=&#8221;default&#8221; column_direction_tablet=&#8221;default&#8221; column_direction_phone=&#8221;default&#8221; scene_position=&#8221;center&#8221; top_padding=&#8221;50&#8243; bottom_padding=&#8221;100&#8243; text_color=&#8221;dark&#8221; text_align=&#8221;left&#8221; row_border_radius=&#8221;none&#8221; row_border_radius_applies=&#8221;bg&#8221; overlay_strength=&#8221;0.3&#8243; gradient_direction=&#8221;left_to_right&#8221; shape_divider_position=&#8221;bottom&#8221; bg_image_animation=&#8221;none&#8221; shape_type=&#8221;&#8221;][vc_column column_padding=&#8221;no-extra-padding&#8221; column_padding_tablet=&#8221;inherit&#8221; column_padding_phone=&#8221;inherit&#8221; column_padding_position=&#8221;all&#8221; background_color_opacity=&#8221;1&#8243; background_hover_color_opacity=&#8221;1&#8243; column_shadow=&#8221;none&#8221; column_border_radius=&#8221;none&#8221; column_link_target=&#8221;_self&#8221; gradient_direction=&#8221;left_to_right&#8221; overlay_strength=&#8221;0.3&#8243;&#8230;<\/p>\n","protected":false},"author":1,"featured_media":0,"parent":0,"menu_order":0,"comment_status":"closed","ping_status":"closed","template":"","meta":{"footnotes":""},"class_list":["post-6361","page","type-page","status-publish"],"yoast_head":"<!-- This site is optimized with the Yoast SEO plugin v27.5 - https:\/\/yoast.com\/product\/yoast-seo-wordpress\/ -->\n<title>Pol\u00edtica de privacitat - Fontanals Golf Club<\/title>\n<meta name=\"robots\" content=\"index, follow, max-snippet:-1, max-image-preview:large, max-video-preview:-1\" \/>\n<link rel=\"canonical\" href=\"https:\/\/fontanalsgolfclub.com\/ca\/politica-de-privacitat\/\" \/>\n<meta property=\"og:locale\" content=\"ca_ES\" \/>\n<meta property=\"og:type\" content=\"article\" \/>\n<meta property=\"og:title\" content=\"Pol\u00edtica de privacitat - Fontanals Golf Club\" \/>\n<meta property=\"og:description\" content=\"[vc_row type=&#8221;full_width_background&#8221; full_screen_row_position=&#8221;middle&#8221; column_margin=&#8221;default&#8221; column_direction=&#8221;default&#8221; column_direction_tablet=&#8221;default&#8221; column_direction_phone=&#8221;default&#8221; scene_position=&#8221;center&#8221; top_padding=&#8221;50&#8243; bottom_padding=&#8221;100&#8243; text_color=&#8221;dark&#8221; text_align=&#8221;left&#8221; row_border_radius=&#8221;none&#8221; row_border_radius_applies=&#8221;bg&#8221; overlay_strength=&#8221;0.3&#8243; gradient_direction=&#8221;left_to_right&#8221; shape_divider_position=&#8221;bottom&#8221; bg_image_animation=&#8221;none&#8221; shape_type=&#8221;&#8221;][vc_column column_padding=&#8221;no-extra-padding&#8221; column_padding_tablet=&#8221;inherit&#8221; column_padding_phone=&#8221;inherit&#8221; column_padding_position=&#8221;all&#8221; background_color_opacity=&#8221;1&#8243; background_hover_color_opacity=&#8221;1&#8243; column_shadow=&#8221;none&#8221; column_border_radius=&#8221;none&#8221; column_link_target=&#8221;_self&#8221; gradient_direction=&#8221;left_to_right&#8221; overlay_strength=&#8221;0.3&#8243;...\" \/>\n<meta property=\"og:url\" content=\"https:\/\/fontanalsgolfclub.com\/ca\/politica-de-privacitat\/\" \/>\n<meta property=\"og:site_name\" content=\"Fontanals Golf Club\" \/>\n<meta property=\"article:publisher\" content=\"https:\/\/www.facebook.com\/fontanalsgolfclub\/\" \/>\n<meta property=\"article:modified_time\" content=\"2025-11-28T09:27:52+00:00\" \/>\n<meta name=\"twitter:card\" content=\"summary_large_image\" \/>\n<meta name=\"twitter:site\" content=\"@FontanalsGolf\" \/>\n<meta name=\"twitter:label1\" content=\"Temps estimat de lectura\" \/>\n\t<meta name=\"twitter:data1\" content=\"6 minuts\" \/>\n<script type=\"application\/ld+json\" class=\"yoast-schema-graph\">{\"@context\":\"https:\\\/\\\/schema.org\",\"@graph\":[{\"@type\":\"WebPage\",\"@id\":\"https:\\\/\\\/fontanalsgolfclub.com\\\/ca\\\/politica-de-privacitat\\\/\",\"url\":\"https:\\\/\\\/fontanalsgolfclub.com\\\/ca\\\/politica-de-privacitat\\\/\",\"name\":\"Pol\u00edtica de privacitat - Fontanals Golf Club\",\"isPartOf\":{\"@id\":\"https:\\\/\\\/fontanalsgolfclub.com\\\/ca\\\/#website\"},\"datePublished\":\"2021-09-07T11:08:07+00:00\",\"dateModified\":\"2025-11-28T09:27:52+00:00\",\"breadcrumb\":{\"@id\":\"https:\\\/\\\/fontanalsgolfclub.com\\\/ca\\\/politica-de-privacitat\\\/#breadcrumb\"},\"inLanguage\":\"ca\",\"potentialAction\":[{\"@type\":\"ReadAction\",\"target\":[\"https:\\\/\\\/fontanalsgolfclub.com\\\/ca\\\/politica-de-privacitat\\\/\"]}]},{\"@type\":\"BreadcrumbList\",\"@id\":\"https:\\\/\\\/fontanalsgolfclub.com\\\/ca\\\/politica-de-privacitat\\\/#breadcrumb\",\"itemListElement\":[{\"@type\":\"ListItem\",\"position\":1,\"name\":\"Portada\",\"item\":\"https:\\\/\\\/fontanalsgolfclub.com\\\/ca\\\/\"},{\"@type\":\"ListItem\",\"position\":2,\"name\":\"Pol\u00edtica de privacitat\"}]},{\"@type\":\"WebSite\",\"@id\":\"https:\\\/\\\/fontanalsgolfclub.com\\\/ca\\\/#website\",\"url\":\"https:\\\/\\\/fontanalsgolfclub.com\\\/ca\\\/\",\"name\":\"Fontanals Golf Club\",\"description\":\"Uno de los mejores campos de golf de Espa\u00f1a\",\"publisher\":{\"@id\":\"https:\\\/\\\/fontanalsgolfclub.com\\\/ca\\\/#organization\"},\"potentialAction\":[{\"@type\":\"SearchAction\",\"target\":{\"@type\":\"EntryPoint\",\"urlTemplate\":\"https:\\\/\\\/fontanalsgolfclub.com\\\/ca\\\/?s={search_term_string}\"},\"query-input\":{\"@type\":\"PropertyValueSpecification\",\"valueRequired\":true,\"valueName\":\"search_term_string\"}}],\"inLanguage\":\"ca\"},{\"@type\":\"Organization\",\"@id\":\"https:\\\/\\\/fontanalsgolfclub.com\\\/ca\\\/#organization\",\"name\":\"Fontanals Golf Club\",\"url\":\"https:\\\/\\\/fontanalsgolfclub.com\\\/ca\\\/\",\"logo\":{\"@type\":\"ImageObject\",\"inLanguage\":\"ca\",\"@id\":\"https:\\\/\\\/fontanalsgolfclub.com\\\/ca\\\/#\\\/schema\\\/logo\\\/image\\\/\",\"url\":\"https:\\\/\\\/fontanalsgolfclub.com\\\/wp-content\\\/uploads\\\/2019\\\/05\\\/logo_fontanals_fosc@2x.png\",\"contentUrl\":\"https:\\\/\\\/fontanalsgolfclub.com\\\/wp-content\\\/uploads\\\/2019\\\/05\\\/logo_fontanals_fosc@2x.png\",\"width\":320,\"height\":208,\"caption\":\"Fontanals Golf Club\"},\"image\":{\"@id\":\"https:\\\/\\\/fontanalsgolfclub.com\\\/ca\\\/#\\\/schema\\\/logo\\\/image\\\/\"},\"sameAs\":[\"https:\\\/\\\/www.facebook.com\\\/fontanalsgolfclub\\\/\",\"https:\\\/\\\/x.com\\\/FontanalsGolf\",\"https:\\\/\\\/www.instagram.com\\\/fontanalsgolfclub\\\/\"]}]}<\/script>\n<!-- \/ Yoast SEO plugin. -->","yoast_head_json":{"title":"Pol\u00edtica de privacitat - Fontanals Golf Club","robots":{"index":"index","follow":"follow","max-snippet":"max-snippet:-1","max-image-preview":"max-image-preview:large","max-video-preview":"max-video-preview:-1"},"canonical":"https:\/\/fontanalsgolfclub.com\/ca\/politica-de-privacitat\/","og_locale":"ca_ES","og_type":"article","og_title":"Pol\u00edtica de privacitat - Fontanals Golf Club","og_description":"[vc_row type=&#8221;full_width_background&#8221; full_screen_row_position=&#8221;middle&#8221; column_margin=&#8221;default&#8221; column_direction=&#8221;default&#8221; column_direction_tablet=&#8221;default&#8221; column_direction_phone=&#8221;default&#8221; scene_position=&#8221;center&#8221; top_padding=&#8221;50&#8243; bottom_padding=&#8221;100&#8243; text_color=&#8221;dark&#8221; text_align=&#8221;left&#8221; row_border_radius=&#8221;none&#8221; row_border_radius_applies=&#8221;bg&#8221; overlay_strength=&#8221;0.3&#8243; gradient_direction=&#8221;left_to_right&#8221; shape_divider_position=&#8221;bottom&#8221; bg_image_animation=&#8221;none&#8221; shape_type=&#8221;&#8221;][vc_column column_padding=&#8221;no-extra-padding&#8221; column_padding_tablet=&#8221;inherit&#8221; column_padding_phone=&#8221;inherit&#8221; column_padding_position=&#8221;all&#8221; background_color_opacity=&#8221;1&#8243; background_hover_color_opacity=&#8221;1&#8243; column_shadow=&#8221;none&#8221; column_border_radius=&#8221;none&#8221; column_link_target=&#8221;_self&#8221; gradient_direction=&#8221;left_to_right&#8221; overlay_strength=&#8221;0.3&#8243;...","og_url":"https:\/\/fontanalsgolfclub.com\/ca\/politica-de-privacitat\/","og_site_name":"Fontanals Golf Club","article_publisher":"https:\/\/www.facebook.com\/fontanalsgolfclub\/","article_modified_time":"2025-11-28T09:27:52+00:00","twitter_card":"summary_large_image","twitter_site":"@FontanalsGolf","twitter_misc":{"Temps estimat de lectura":"6 minuts"},"schema":{"@context":"https:\/\/schema.org","@graph":[{"@type":"WebPage","@id":"https:\/\/fontanalsgolfclub.com\/ca\/politica-de-privacitat\/","url":"https:\/\/fontanalsgolfclub.com\/ca\/politica-de-privacitat\/","name":"Pol\u00edtica de privacitat - Fontanals Golf Club","isPartOf":{"@id":"https:\/\/fontanalsgolfclub.com\/ca\/#website"},"datePublished":"2021-09-07T11:08:07+00:00","dateModified":"2025-11-28T09:27:52+00:00","breadcrumb":{"@id":"https:\/\/fontanalsgolfclub.com\/ca\/politica-de-privacitat\/#breadcrumb"},"inLanguage":"ca","potentialAction":[{"@type":"ReadAction","target":["https:\/\/fontanalsgolfclub.com\/ca\/politica-de-privacitat\/"]}]},{"@type":"BreadcrumbList","@id":"https:\/\/fontanalsgolfclub.com\/ca\/politica-de-privacitat\/#breadcrumb","itemListElement":[{"@type":"ListItem","position":1,"name":"Portada","item":"https:\/\/fontanalsgolfclub.com\/ca\/"},{"@type":"ListItem","position":2,"name":"Pol\u00edtica de privacitat"}]},{"@type":"WebSite","@id":"https:\/\/fontanalsgolfclub.com\/ca\/#website","url":"https:\/\/fontanalsgolfclub.com\/ca\/","name":"Fontanals Golf Club","description":"Uno de los mejores campos de golf de Espa\u00f1a","publisher":{"@id":"https:\/\/fontanalsgolfclub.com\/ca\/#organization"},"potentialAction":[{"@type":"SearchAction","target":{"@type":"EntryPoint","urlTemplate":"https:\/\/fontanalsgolfclub.com\/ca\/?s={search_term_string}"},"query-input":{"@type":"PropertyValueSpecification","valueRequired":true,"valueName":"search_term_string"}}],"inLanguage":"ca"},{"@type":"Organization","@id":"https:\/\/fontanalsgolfclub.com\/ca\/#organization","name":"Fontanals Golf Club","url":"https:\/\/fontanalsgolfclub.com\/ca\/","logo":{"@type":"ImageObject","inLanguage":"ca","@id":"https:\/\/fontanalsgolfclub.com\/ca\/#\/schema\/logo\/image\/","url":"https:\/\/fontanalsgolfclub.com\/wp-content\/uploads\/2019\/05\/logo_fontanals_fosc@2x.png","contentUrl":"https:\/\/fontanalsgolfclub.com\/wp-content\/uploads\/2019\/05\/logo_fontanals_fosc@2x.png","width":320,"height":208,"caption":"Fontanals Golf Club"},"image":{"@id":"https:\/\/fontanalsgolfclub.com\/ca\/#\/schema\/logo\/image\/"},"sameAs":["https:\/\/www.facebook.com\/fontanalsgolfclub\/","https:\/\/x.com\/FontanalsGolf","https:\/\/www.instagram.com\/fontanalsgolfclub\/"]}]}},"_links":{"self":[{"href":"https:\/\/fontanalsgolfclub.com\/ca\/wp-json\/wp\/v2\/pages\/6361","targetHints":{"allow":["GET"]}}],"collection":[{"href":"https:\/\/fontanalsgolfclub.com\/ca\/wp-json\/wp\/v2\/pages"}],"about":[{"href":"https:\/\/fontanalsgolfclub.com\/ca\/wp-json\/wp\/v2\/types\/page"}],"author":[{"embeddable":true,"href":"https:\/\/fontanalsgolfclub.com\/ca\/wp-json\/wp\/v2\/users\/1"}],"replies":[{"embeddable":true,"href":"https:\/\/fontanalsgolfclub.com\/ca\/wp-json\/wp\/v2\/comments?post=6361"}],"version-history":[{"count":3,"href":"https:\/\/fontanalsgolfclub.com\/ca\/wp-json\/wp\/v2\/pages\/6361\/revisions"}],"predecessor-version":[{"id":9571,"href":"https:\/\/fontanalsgolfclub.com\/ca\/wp-json\/wp\/v2\/pages\/6361\/revisions\/9571"}],"wp:attachment":[{"href":"https:\/\/fontanalsgolfclub.com\/ca\/wp-json\/wp\/v2\/media?parent=6361"}],"curies":[{"name":"wp","href":"https:\/\/api.w.org\/{rel}","templated":true}]}}