{"id":8392,"date":"2023-11-09T12:01:55","date_gmt":"2023-11-09T11:01:55","guid":{"rendered":"https:\/\/fontanalsgolfclub.com\/social-and-family-club-of-reference-in-la-cerdanya\/book-a-visit-to-get-to-know-the-club\/"},"modified":"2023-11-28T10:16:21","modified_gmt":"2023-11-28T09:16:21","slug":"book-a-visit-to-get-to-know-the-club","status":"publish","type":"page","link":"https:\/\/fontanalsgolfclub.com\/en\/social-and-family-club-of-reference-in-la-cerdanya\/book-a-visit-to-get-to-know-the-club\/","title":{"rendered":"Book a visit to get to know the club"},"content":{"rendered":"[vc_row type=&#8221;full_width_background&#8221; full_screen_row_position=&#8221;middle&#8221; equal_height=&#8221;yes&#8221; content_placement=&#8221;top&#8221; column_margin=&#8221;default&#8221; scene_position=&#8221;center&#8221; text_color=&#8221;custom&#8221; custom_text_color=&#8221;#30323b&#8221; text_align=&#8221;left&#8221; top_padding=&#8221;50&#8243; bottom_padding=&#8221;100&#8243; overlay_strength=&#8221;0.3&#8243; shape_divider_position=&#8221;bottom&#8221; bg_image_animation=&#8221;none&#8221; shape_type=&#8221;&#8221;][vc_column column_padding=&#8221;no-extra-padding&#8221; column_padding_position=&#8221;left-right&#8221; background_color_opacity=&#8221;1&#8243; background_hover_color_opacity=&#8221;1&#8243; column_link_target=&#8221;_self&#8221; column_shadow=&#8221;none&#8221; column_border_radius=&#8221;none&#8221; width=&#8221;1\/2&#8243; tablet_width_inherit=&#8221;default&#8221; tablet_text_alignment=&#8221;default&#8221; phone_text_alignment=&#8221;default&#8221; overlay_strength=&#8221;0.3&#8243; column_border_width=&#8221;none&#8221; column_border_style=&#8221;solid&#8221; bg_image_animation=&#8221;none&#8221; enable_animation=&#8221;true&#8221; animation=&#8221;fade-in&#8221;][vc_column_text]\n<h3>Book a visit<\/h3>\n<h1 style=\"color: #b28d56;\">See it with your own eyes<\/h1>\n[\/vc_column_text][vc_column_text]Fontanals Golf Club is located in the heart of nature, in the wonderful valley of La Cerdanya, and is a unique space where each member of your family will find their own corner, both inside and outside the golf course.<\/p>\n<p>If you want to get to know us and live the Fontanals experience in your own skin, do not hesitate to write us through this form and we will contact you as soon as possible.[\/vc_column_text][divider line_type=&#8221;No Line&#8221; custom_height=&#8221;30&#8243;][image_with_animation image_url=&#8221;1370&#8243; alignment=&#8221;&#8221; animation=&#8221;Fade In From Bottom&#8221; img_link_large=&#8221;yes&#8221; hover_animation=&#8221;none&#8221; border_radius=&#8221;none&#8221; box_shadow=&#8221;none&#8221; image_loading=&#8221;default&#8221; max_width=&#8221;100%&#8221; max_width_mobile=&#8221;default&#8221;][\/vc_column][vc_column column_padding=&#8221;padding-6-percent&#8221; column_padding_position=&#8221;all&#8221; background_color=&#8221;#ede1ca&#8221; background_color_opacity=&#8221;1&#8243; background_hover_color_opacity=&#8221;1&#8243; column_link_target=&#8221;_self&#8221; column_shadow=&#8221;none&#8221; column_border_radius=&#8221;none&#8221; width=&#8221;1\/2&#8243; tablet_width_inherit=&#8221;default&#8221; tablet_text_alignment=&#8221;default&#8221; phone_text_alignment=&#8221;default&#8221; overlay_strength=&#8221;0.3&#8243; column_border_width=&#8221;none&#8221; column_border_style=&#8221;solid&#8221; bg_image_animation=&#8221;none&#8221;][vc_column_text]\n<h5 style=\"color: #b28d56;\">Message us to arrange a visit or to answer any questions you may have.<\/h5>\n[\/vc_column_text]\n<div class=\"wpcf7 no-js\" id=\"wpcf7-f4869-o1\" lang=\"es-ES\" dir=\"ltr\" data-wpcf7-id=\"4869\">\n<div class=\"screen-reader-response\"><p role=\"status\" aria-live=\"polite\" aria-atomic=\"true\"><\/p> <ul><\/ul><\/div>\n<form action=\"\/en\/wp-json\/wp\/v2\/pages\/8392#wpcf7-f4869-o1\" method=\"post\" class=\"wpcf7-form init\" aria-label=\"Formulario de contacto\" novalidate=\"novalidate\" data-status=\"init\">\n<fieldset class=\"hidden-fields-container\"><input type=\"hidden\" name=\"_wpcf7\" value=\"4869\" \/><input type=\"hidden\" name=\"_wpcf7_version\" value=\"6.1.5\" \/><input type=\"hidden\" name=\"_wpcf7_locale\" value=\"es_ES\" \/><input type=\"hidden\" name=\"_wpcf7_unit_tag\" value=\"wpcf7-f4869-o1\" \/><input type=\"hidden\" name=\"_wpcf7_container_post\" value=\"0\" \/><input type=\"hidden\" name=\"_wpcf7_posted_data_hash\" value=\"\" \/>\n<\/fieldset>\n<p><label>Nombre *<br \/>\n<span class=\"wpcf7-form-control-wrap\" data-name=\"your-name\"><input size=\"40\" maxlength=\"400\" class=\"wpcf7-form-control wpcf7-text wpcf7-validates-as-required\" aria-required=\"true\" aria-invalid=\"false\" value=\"\" type=\"text\" name=\"your-name\" \/><\/span> <\/label>\n<\/p>\n<p><label>Apellidos *<br \/>\n<span class=\"wpcf7-form-control-wrap\" data-name=\"your-surnames\"><input size=\"40\" maxlength=\"400\" class=\"wpcf7-form-control wpcf7-text wpcf7-validates-as-required\" aria-required=\"true\" aria-invalid=\"false\" value=\"\" type=\"text\" name=\"your-surnames\" \/><\/span> <\/label>\n<\/p>\n<p><label>Correo electr\u00f3nico *<br \/>\n<span class=\"wpcf7-form-control-wrap\" data-name=\"your-email\"><input size=\"40\" maxlength=\"400\" class=\"wpcf7-form-control wpcf7-email wpcf7-validates-as-required wpcf7-text wpcf7-validates-as-email\" aria-required=\"true\" aria-invalid=\"false\" value=\"\" type=\"email\" name=\"your-email\" \/><\/span> <\/label>\n<\/p>\n<p><label>Tel\u00e9fono *<br \/>\n<span class=\"wpcf7-form-control-wrap\" data-name=\"tel-669\"><input size=\"40\" maxlength=\"400\" class=\"wpcf7-form-control wpcf7-tel wpcf7-validates-as-required wpcf7-text wpcf7-validates-as-tel\" aria-required=\"true\" aria-invalid=\"false\" value=\"\" type=\"tel\" name=\"tel-669\" \/><\/span> <\/label>\n<\/p>\n<p><label>Localidad de residencia habitual *<br \/>\n<span class=\"wpcf7-form-control-wrap\" data-name=\"text-590\"><input size=\"40\" maxlength=\"400\" class=\"wpcf7-form-control wpcf7-text wpcf7-validates-as-required\" aria-required=\"true\" aria-invalid=\"false\" value=\"\" type=\"text\" name=\"text-590\" \/><\/span> <\/label>\n<\/p>\n<p><label>En qu\u00e9 podemos ayudarte *<br \/>\n<span class=\"wpcf7-form-control-wrap\" data-name=\"servicios\"><select class=\"wpcf7-form-control wpcf7-select wpcf7-validates-as-required\" aria-required=\"true\" aria-invalid=\"false\" name=\"servicios\"><option value=\"Golf\">Golf<\/option><option value=\"Wellness\">Wellness<\/option><option value=\"Padel &amp; Tenis\">Padel &amp; Tenis<\/option><option value=\"Travel\">Travel<\/option><option value=\"Patrocinios\">Patrocinios<\/option><option value=\"Otros\">Otros<\/option><\/select><\/span><\/label>\n<\/p>\n<p><label>Mensaje *<br \/>\n<span class=\"wpcf7-form-control-wrap\" data-name=\"your-message\"><textarea cols=\"40\" rows=\"10\" maxlength=\"2000\" class=\"wpcf7-form-control wpcf7-textarea wpcf7-validates-as-required\" aria-required=\"true\" aria-invalid=\"false\" name=\"your-message\"><\/textarea><\/span> <\/label>\n<\/p>\n<p><span class=\"wpcf7-form-control-wrap\" data-name=\"acceptance-41\"><span class=\"wpcf7-form-control wpcf7-acceptance\"><span class=\"wpcf7-list-item\"><input type=\"checkbox\" name=\"acceptance-41\" value=\"1\" aria-invalid=\"false\" \/><\/span><\/span><\/span> He le\u00eddo y acepto la <a href=\"https:\/\/fontanalsgolfclub.com\/proteccion-de-datos\/\" target=\"_blank\">la informaci\u00f3n b\u00e1sica de protecci\u00f3n de datos<\/a>\n<\/p>\n<p><input class=\"wpcf7-form-control wpcf7-submit has-spinner\" type=\"submit\" value=\"Enviar\" \/>\n<\/p><div class=\"wpcf7-response-output\" aria-hidden=\"true\"><\/div>\n<\/form>\n<\/div>\n[\/vc_column][\/vc_row][vc_row type=&#8221;full_width_background&#8221; full_screen_row_position=&#8221;middle&#8221; column_margin=&#8221;default&#8221; bg_image=&#8221;1061&#8243; bg_position=&#8221;center center&#8221; bg_repeat=&#8221;no-repeat&#8221; bg_color=&#8221;#b28d56&#8243; scene_position=&#8221;center&#8221; text_color=&#8221;custom&#8221; custom_text_color=&#8221;#30323b&#8221; text_align=&#8221;left&#8221; overlay_strength=&#8221;0.8&#8243; shape_divider_position=&#8221;bottom&#8221; bg_image_animation=&#8221;fade-in&#8221; shape_type=&#8221;&#8221;][vc_column centered_text=&#8221;true&#8221; column_padding=&#8221;no-extra-padding&#8221; column_padding_position=&#8221;all&#8221; background_color_opacity=&#8221;1&#8243; background_hover_color_opacity=&#8221;1&#8243; column_link_target=&#8221;_self&#8221; column_shadow=&#8221;none&#8221; column_border_radius=&#8221;none&#8221; width=&#8221;1\/4&#8243; tablet_width_inherit=&#8221;default&#8221; tablet_text_alignment=&#8221;default&#8221; phone_text_alignment=&#8221;default&#8221; overlay_strength=&#8221;0.3&#8243; column_border_width=&#8221;none&#8221; column_border_style=&#8221;solid&#8221; bg_image_animation=&#8221;none&#8221; enable_animation=&#8221;true&#8221; animation=&#8221;fade-in-from-bottom&#8221;][\/vc_column][vc_column centered_text=&#8221;true&#8221; column_padding=&#8221;padding-7-percent&#8221; column_padding_position=&#8221;top-bottom&#8221; background_color_opacity=&#8221;1&#8243; background_hover_color_opacity=&#8221;1&#8243; font_color=&#8221;#ffffff&#8221; column_link_target=&#8221;_self&#8221; column_shadow=&#8221;none&#8221; column_border_radius=&#8221;none&#8221; width=&#8221;1\/2&#8243; tablet_width_inherit=&#8221;default&#8221; tablet_text_alignment=&#8221;default&#8221; phone_text_alignment=&#8221;default&#8221; overlay_strength=&#8221;0.3&#8243; column_border_width=&#8221;none&#8221; column_border_style=&#8221;solid&#8221; bg_image_animation=&#8221;none&#8221; enable_animation=&#8221;true&#8221; animation=&#8221;fade-in-from-bottom&#8221;][vc_column_text]\n<h1>Become a Fontanals Golf Club member<\/h1>\n[\/vc_column_text][divider line_type=&#8221;No Line&#8221; custom_height=&#8221;10&#8243;][vc_column_text]\n<p style=\"color: #30323b; font-size: 20px; line-height: 26px;\">Discover what Fontanals Golf Club and the widest and sunniest valley in Europe have to offer you.<\/p>\n[\/vc_column_text][divider line_type=&#8221;No Line&#8221; custom_height=&#8221;20&#8243;][nectar_btn size=&#8221;large&#8221; button_style=&#8221;regular&#8221; button_color_2=&#8221;Extra-Color-1&#8243; solid_text_color_override=&#8221;#ffffff&#8221; icon_family=&#8221;none&#8221; el_class=&#8221;btn-mobile&#8221; url=&#8221;phone:+34972144374&#8243; text=&#8221;Call us and get to know the Club&#8221;][nectar_btn size=&#8221;large&#8221; button_style=&#8221;regular&#8221; button_color_2=&#8221;Extra-Color-1&#8243; solid_text_color_override=&#8221;#ffffff&#8221; icon_family=&#8221;none&#8221; el_class=&#8221;btn-desktop&#8221; url=&#8221;https:\/\/fontanalsgolfclub.com\/en\/social-and-family-club-of-reference-in-la-cerdanya\/&#8221; text=&#8221;Discover the Club&#8221;][\/vc_column][vc_column column_padding=&#8221;no-extra-padding&#8221; column_padding_position=&#8221;all&#8221; background_color_opacity=&#8221;1&#8243; background_hover_color_opacity=&#8221;1&#8243; column_link_target=&#8221;_self&#8221; column_shadow=&#8221;none&#8221; column_border_radius=&#8221;none&#8221; width=&#8221;1\/4&#8243; tablet_width_inherit=&#8221;default&#8221; tablet_text_alignment=&#8221;default&#8221; phone_text_alignment=&#8221;default&#8221; overlay_strength=&#8221;0.3&#8243; column_border_width=&#8221;none&#8221; column_border_style=&#8221;solid&#8221; bg_image_animation=&#8221;none&#8221;][\/vc_column][\/vc_row]\n","protected":false},"excerpt":{"rendered":"<p>[vc_row type=&#8221;full_width_background&#8221; full_screen_row_position=&#8221;middle&#8221; equal_height=&#8221;yes&#8221; content_placement=&#8221;top&#8221; column_margin=&#8221;default&#8221; scene_position=&#8221;center&#8221; text_color=&#8221;custom&#8221; custom_text_color=&#8221;#30323b&#8221; text_align=&#8221;left&#8221; top_padding=&#8221;50&#8243; bottom_padding=&#8221;100&#8243; overlay_strength=&#8221;0.3&#8243; shape_divider_position=&#8221;bottom&#8221; bg_image_animation=&#8221;none&#8221; shape_type=&#8221;&#8221;][vc_column column_padding=&#8221;no-extra-padding&#8221; column_padding_position=&#8221;left-right&#8221; background_color_opacity=&#8221;1&#8243; background_hover_color_opacity=&#8221;1&#8243; column_link_target=&#8221;_self&#8221; column_shadow=&#8221;none&#8221; column_border_radius=&#8221;none&#8221; width=&#8221;1\/2&#8243; tablet_width_inherit=&#8221;default&#8221; tablet_text_alignment=&#8221;default&#8221; phone_text_alignment=&#8221;default&#8221; overlay_strength=&#8221;0.3&#8243; column_border_width=&#8221;none&#8221; column_border_style=&#8221;solid&#8221;&#8230;<\/p>\n","protected":false},"author":1,"featured_media":0,"parent":8378,"menu_order":0,"comment_status":"closed","ping_status":"closed","template":"","meta":{"footnotes":""},"class_list":["post-8392","page","type-page","status-publish"],"yoast_head":"<!-- This site is optimized with the Yoast SEO plugin v24.5 - https:\/\/yoast.com\/wordpress\/plugins\/seo\/ -->\n<title>Book a visit to get to know the club - Fontanals Golf Club<\/title>\n<meta name=\"description\" content=\"If you want to meet us and live the Fontanals experience in your own skin, do not hesitate to write to us to arrange a visit. You won&#039;t regret it.\" \/>\n<meta name=\"robots\" content=\"index, follow, max-snippet:-1, max-image-preview:large, max-video-preview:-1\" \/>\n<link rel=\"canonical\" href=\"https:\/\/fontanalsgolfclub.com\/en\/social-and-family-club-of-reference-in-la-cerdanya\/book-a-visit-to-get-to-know-the-club\/\" \/>\n<meta property=\"og:locale\" content=\"en_US\" \/>\n<meta property=\"og:type\" content=\"article\" \/>\n<meta property=\"og:title\" content=\"Book a visit to get to know the club - Fontanals Golf Club\" \/>\n<meta property=\"og:description\" content=\"If you want to meet us and live the Fontanals experience in your own skin, do not hesitate to write to us to arrange a visit. You won&#039;t regret it.\" \/>\n<meta property=\"og:url\" content=\"https:\/\/fontanalsgolfclub.com\/en\/social-and-family-club-of-reference-in-la-cerdanya\/book-a-visit-to-get-to-know-the-club\/\" \/>\n<meta property=\"og:site_name\" content=\"Fontanals Golf Club\" \/>\n<meta property=\"article:publisher\" content=\"https:\/\/www.facebook.com\/fontanalsgolfclub\/\" \/>\n<meta property=\"article:modified_time\" content=\"2023-11-28T09:16:21+00:00\" \/>\n<meta name=\"twitter:card\" content=\"summary_large_image\" \/>\n<meta name=\"twitter:site\" content=\"@FontanalsGolf\" \/>\n<meta name=\"twitter:label1\" content=\"Est. reading time\" \/>\n\t<meta name=\"twitter:data1\" content=\"3 minutes\" \/>\n<script type=\"application\/ld+json\" class=\"yoast-schema-graph\">{\"@context\":\"https:\/\/schema.org\",\"@graph\":[{\"@type\":\"WebPage\",\"@id\":\"https:\/\/fontanalsgolfclub.com\/en\/social-and-family-club-of-reference-in-la-cerdanya\/book-a-visit-to-get-to-know-the-club\/\",\"url\":\"https:\/\/fontanalsgolfclub.com\/en\/social-and-family-club-of-reference-in-la-cerdanya\/book-a-visit-to-get-to-know-the-club\/\",\"name\":\"Book a visit to get to know the club - Fontanals Golf Club\",\"isPartOf\":{\"@id\":\"https:\/\/fontanalsgolfclub.com\/en\/#website\"},\"datePublished\":\"2023-11-09T11:01:55+00:00\",\"dateModified\":\"2023-11-28T09:16:21+00:00\",\"description\":\"If you want to meet us and live the Fontanals experience in your own skin, do not hesitate to write to us to arrange a visit. You won't regret it.\",\"breadcrumb\":{\"@id\":\"https:\/\/fontanalsgolfclub.com\/en\/social-and-family-club-of-reference-in-la-cerdanya\/book-a-visit-to-get-to-know-the-club\/#breadcrumb\"},\"inLanguage\":\"en-US\",\"potentialAction\":[{\"@type\":\"ReadAction\",\"target\":[\"https:\/\/fontanalsgolfclub.com\/en\/social-and-family-club-of-reference-in-la-cerdanya\/book-a-visit-to-get-to-know-the-club\/\"]}]},{\"@type\":\"BreadcrumbList\",\"@id\":\"https:\/\/fontanalsgolfclub.com\/en\/social-and-family-club-of-reference-in-la-cerdanya\/book-a-visit-to-get-to-know-the-club\/#breadcrumb\",\"itemListElement\":[{\"@type\":\"ListItem\",\"position\":1,\"name\":\"Portada\",\"item\":\"https:\/\/fontanalsgolfclub.com\/en\/\"},{\"@type\":\"ListItem\",\"position\":2,\"name\":\"Social and family club of reference in La Cerdanya\",\"item\":\"https:\/\/fontanalsgolfclub.com\/en\/social-and-family-club-of-reference-in-la-cerdanya\/\"},{\"@type\":\"ListItem\",\"position\":3,\"name\":\"Book a visit to get to know the club\"}]},{\"@type\":\"WebSite\",\"@id\":\"https:\/\/fontanalsgolfclub.com\/en\/#website\",\"url\":\"https:\/\/fontanalsgolfclub.com\/en\/\",\"name\":\"Fontanals Golf Club\",\"description\":\"Uno de los mejores campos de golf de Espa\u00f1a\",\"publisher\":{\"@id\":\"https:\/\/fontanalsgolfclub.com\/en\/#organization\"},\"potentialAction\":[{\"@type\":\"SearchAction\",\"target\":{\"@type\":\"EntryPoint\",\"urlTemplate\":\"https:\/\/fontanalsgolfclub.com\/en\/?s={search_term_string}\"},\"query-input\":{\"@type\":\"PropertyValueSpecification\",\"valueRequired\":true,\"valueName\":\"search_term_string\"}}],\"inLanguage\":\"en-US\"},{\"@type\":\"Organization\",\"@id\":\"https:\/\/fontanalsgolfclub.com\/en\/#organization\",\"name\":\"Fontanals Golf Club\",\"url\":\"https:\/\/fontanalsgolfclub.com\/en\/\",\"logo\":{\"@type\":\"ImageObject\",\"inLanguage\":\"en-US\",\"@id\":\"https:\/\/fontanalsgolfclub.com\/en\/#\/schema\/logo\/image\/\",\"url\":\"https:\/\/fontanalsgolfclub.com\/wp-content\/uploads\/2019\/05\/logo_fontanals_fosc@2x.png\",\"contentUrl\":\"https:\/\/fontanalsgolfclub.com\/wp-content\/uploads\/2019\/05\/logo_fontanals_fosc@2x.png\",\"width\":320,\"height\":208,\"caption\":\"Fontanals Golf Club\"},\"image\":{\"@id\":\"https:\/\/fontanalsgolfclub.com\/en\/#\/schema\/logo\/image\/\"},\"sameAs\":[\"https:\/\/www.facebook.com\/fontanalsgolfclub\/\",\"https:\/\/x.com\/FontanalsGolf\",\"https:\/\/www.instagram.com\/fontanalsgolfclub\/\"]}]}<\/script>\n<!-- \/ Yoast SEO plugin. -->","yoast_head_json":{"title":"Book a visit to get to know the club - Fontanals Golf Club","description":"If you want to meet us and live the Fontanals experience in your own skin, do not hesitate to write to us to arrange a visit. You won't regret it.","robots":{"index":"index","follow":"follow","max-snippet":"max-snippet:-1","max-image-preview":"max-image-preview:large","max-video-preview":"max-video-preview:-1"},"canonical":"https:\/\/fontanalsgolfclub.com\/en\/social-and-family-club-of-reference-in-la-cerdanya\/book-a-visit-to-get-to-know-the-club\/","og_locale":"en_US","og_type":"article","og_title":"Book a visit to get to know the club - Fontanals Golf Club","og_description":"If you want to meet us and live the Fontanals experience in your own skin, do not hesitate to write to us to arrange a visit. You won't regret it.","og_url":"https:\/\/fontanalsgolfclub.com\/en\/social-and-family-club-of-reference-in-la-cerdanya\/book-a-visit-to-get-to-know-the-club\/","og_site_name":"Fontanals Golf Club","article_publisher":"https:\/\/www.facebook.com\/fontanalsgolfclub\/","article_modified_time":"2023-11-28T09:16:21+00:00","twitter_card":"summary_large_image","twitter_site":"@FontanalsGolf","twitter_misc":{"Est. reading time":"3 minutes"},"schema":{"@context":"https:\/\/schema.org","@graph":[{"@type":"WebPage","@id":"https:\/\/fontanalsgolfclub.com\/en\/social-and-family-club-of-reference-in-la-cerdanya\/book-a-visit-to-get-to-know-the-club\/","url":"https:\/\/fontanalsgolfclub.com\/en\/social-and-family-club-of-reference-in-la-cerdanya\/book-a-visit-to-get-to-know-the-club\/","name":"Book a visit to get to know the club - Fontanals Golf Club","isPartOf":{"@id":"https:\/\/fontanalsgolfclub.com\/en\/#website"},"datePublished":"2023-11-09T11:01:55+00:00","dateModified":"2023-11-28T09:16:21+00:00","description":"If you want to meet us and live the Fontanals experience in your own skin, do not hesitate to write to us to arrange a visit. You won't regret it.","breadcrumb":{"@id":"https:\/\/fontanalsgolfclub.com\/en\/social-and-family-club-of-reference-in-la-cerdanya\/book-a-visit-to-get-to-know-the-club\/#breadcrumb"},"inLanguage":"en-US","potentialAction":[{"@type":"ReadAction","target":["https:\/\/fontanalsgolfclub.com\/en\/social-and-family-club-of-reference-in-la-cerdanya\/book-a-visit-to-get-to-know-the-club\/"]}]},{"@type":"BreadcrumbList","@id":"https:\/\/fontanalsgolfclub.com\/en\/social-and-family-club-of-reference-in-la-cerdanya\/book-a-visit-to-get-to-know-the-club\/#breadcrumb","itemListElement":[{"@type":"ListItem","position":1,"name":"Portada","item":"https:\/\/fontanalsgolfclub.com\/en\/"},{"@type":"ListItem","position":2,"name":"Social and family club of reference in La Cerdanya","item":"https:\/\/fontanalsgolfclub.com\/en\/social-and-family-club-of-reference-in-la-cerdanya\/"},{"@type":"ListItem","position":3,"name":"Book a visit to get to know the club"}]},{"@type":"WebSite","@id":"https:\/\/fontanalsgolfclub.com\/en\/#website","url":"https:\/\/fontanalsgolfclub.com\/en\/","name":"Fontanals Golf Club","description":"Uno de los mejores campos de golf de Espa\u00f1a","publisher":{"@id":"https:\/\/fontanalsgolfclub.com\/en\/#organization"},"potentialAction":[{"@type":"SearchAction","target":{"@type":"EntryPoint","urlTemplate":"https:\/\/fontanalsgolfclub.com\/en\/?s={search_term_string}"},"query-input":{"@type":"PropertyValueSpecification","valueRequired":true,"valueName":"search_term_string"}}],"inLanguage":"en-US"},{"@type":"Organization","@id":"https:\/\/fontanalsgolfclub.com\/en\/#organization","name":"Fontanals Golf Club","url":"https:\/\/fontanalsgolfclub.com\/en\/","logo":{"@type":"ImageObject","inLanguage":"en-US","@id":"https:\/\/fontanalsgolfclub.com\/en\/#\/schema\/logo\/image\/","url":"https:\/\/fontanalsgolfclub.com\/wp-content\/uploads\/2019\/05\/logo_fontanals_fosc@2x.png","contentUrl":"https:\/\/fontanalsgolfclub.com\/wp-content\/uploads\/2019\/05\/logo_fontanals_fosc@2x.png","width":320,"height":208,"caption":"Fontanals Golf Club"},"image":{"@id":"https:\/\/fontanalsgolfclub.com\/en\/#\/schema\/logo\/image\/"},"sameAs":["https:\/\/www.facebook.com\/fontanalsgolfclub\/","https:\/\/x.com\/FontanalsGolf","https:\/\/www.instagram.com\/fontanalsgolfclub\/"]}]}},"_links":{"self":[{"href":"https:\/\/fontanalsgolfclub.com\/en\/wp-json\/wp\/v2\/pages\/8392","targetHints":{"allow":["GET"]}}],"collection":[{"href":"https:\/\/fontanalsgolfclub.com\/en\/wp-json\/wp\/v2\/pages"}],"about":[{"href":"https:\/\/fontanalsgolfclub.com\/en\/wp-json\/wp\/v2\/types\/page"}],"author":[{"embeddable":true,"href":"https:\/\/fontanalsgolfclub.com\/en\/wp-json\/wp\/v2\/users\/1"}],"replies":[{"embeddable":true,"href":"https:\/\/fontanalsgolfclub.com\/en\/wp-json\/wp\/v2\/comments?post=8392"}],"version-history":[{"count":5,"href":"https:\/\/fontanalsgolfclub.com\/en\/wp-json\/wp\/v2\/pages\/8392\/revisions"}],"predecessor-version":[{"id":8672,"href":"https:\/\/fontanalsgolfclub.com\/en\/wp-json\/wp\/v2\/pages\/8392\/revisions\/8672"}],"up":[{"embeddable":true,"href":"https:\/\/fontanalsgolfclub.com\/en\/wp-json\/wp\/v2\/pages\/8378"}],"wp:attachment":[{"href":"https:\/\/fontanalsgolfclub.com\/en\/wp-json\/wp\/v2\/media?parent=8392"}],"curies":[{"name":"wp","href":"https:\/\/api.w.org\/{rel}","templated":true}]}}