{"id":7269,"date":"2022-08-05T15:45:19","date_gmt":"2022-08-05T13:45:19","guid":{"rendered":"https:\/\/fontanalsgolfclub.com\/reservez-une-visite-pour-decouvrir-le-club\/"},"modified":"2022-08-08T20:57:51","modified_gmt":"2022-08-08T18:57:51","slug":"reservez-une-visite-pour-decouvrir-le-club","status":"publish","type":"page","link":"https:\/\/fontanalsgolfclub.com\/fr\/le-club-social-et-familial-de-reference-dans-la-cerdagne\/reservez-une-visite-pour-decouvrir-le-club\/","title":{"rendered":"R\u00e9servez une visite pour d\u00e9couvrir le club"},"content":{"rendered":"[vc_row type=\u00a0\u00bbfull_width_background\u00a0\u00bb full_screen_row_position=\u00a0\u00bbmiddle\u00a0\u00bb column_margin=\u00a0\u00bbdefault\u00a0\u00bb equal_height=\u00a0\u00bbyes\u00a0\u00bb content_placement=\u00a0\u00bbtop\u00a0\u00bb column_direction=\u00a0\u00bbdefault\u00a0\u00bb column_direction_tablet=\u00a0\u00bbdefault\u00a0\u00bb column_direction_phone=\u00a0\u00bbdefault\u00a0\u00bb scene_position=\u00a0\u00bbcenter\u00a0\u00bb top_padding=\u00a0\u00bb50&Prime; bottom_padding=\u00a0\u00bb100&Prime; text_color=\u00a0\u00bbcustom\u00a0\u00bb custom_text_color=\u00a0\u00bb#30323b\u00a0\u00bb text_align=\u00a0\u00bbleft\u00a0\u00bb row_border_radius=\u00a0\u00bbnone\u00a0\u00bb row_border_radius_applies=\u00a0\u00bbbg\u00a0\u00bb overlay_strength=\u00a0\u00bb0.3&Prime; gradient_direction=\u00a0\u00bbleft_to_right\u00a0\u00bb shape_divider_position=\u00a0\u00bbbottom\u00a0\u00bb bg_image_animation=\u00a0\u00bbnone\u00a0\u00bb shape_type=\u00a0\u00bb\u00a0\u00bb][vc_column column_padding=\u00a0\u00bbno-extra-padding\u00a0\u00bb column_padding_tablet=\u00a0\u00bbinherit\u00a0\u00bb column_padding_phone=\u00a0\u00bbinherit\u00a0\u00bb column_padding_position=\u00a0\u00bbleft-right\u00a0\u00bb background_color_opacity=\u00a0\u00bb1&Prime; background_hover_color_opacity=\u00a0\u00bb1&Prime; column_shadow=\u00a0\u00bbnone\u00a0\u00bb column_border_radius=\u00a0\u00bbnone\u00a0\u00bb column_link_target=\u00a0\u00bb_self\u00a0\u00bb gradient_direction=\u00a0\u00bbleft_to_right\u00a0\u00bb overlay_strength=\u00a0\u00bb0.3&Prime; width=\u00a0\u00bb1\/2&Prime; tablet_width_inherit=\u00a0\u00bbdefault\u00a0\u00bb tablet_text_alignment=\u00a0\u00bbdefault\u00a0\u00bb phone_text_alignment=\u00a0\u00bbdefault\u00a0\u00bb column_border_width=\u00a0\u00bbnone\u00a0\u00bb column_border_style=\u00a0\u00bbsolid\u00a0\u00bb bg_image_animation=\u00a0\u00bbnone\u00a0\u00bb enable_animation=\u00a0\u00bbtrue\u00a0\u00bb animation=\u00a0\u00bbfade-in\u00a0\u00bb][vc_column_text]\n<h3>R\u00e9server une visite<\/h3>\n<h1 style=\"color: #b28d56;\">D\u00e9couvrez-le vous-m\u00eame<\/h1>\n[\/vc_column_text][vc_column_text]Fontanals Golf Club est situ\u00e9 en pleine nature, dans la merveilleuse vall\u00e9e de la Cerdagne, et repr\u00e9sente un espace unique o\u00f9 chaque membre de votre famille trouvera ses propres rep\u00e8res, tant \u00e0 l\u2019int\u00e9rieur qu\u2019\u00e0 l\u2019ext\u00e9rieur du parcours de golf.<\/p>\n<p>Si vous souhaitez nous rencontrer et vivre l\u2019exp\u00e9rience Fontanals vous-m\u00eame, n\u2019h\u00e9sitez pas \u00e0 nous \u00e9crire via ce formulaire et nous vous contacterons d\u00e8s que possible.[\/vc_column_text][divider line_type=\u00a0\u00bbNo Line\u00a0\u00bb custom_height=\u00a0\u00bb30&Prime;][image_with_animation image_url=\u00a0\u00bb1370&Prime; animation=\u00a0\u00bbFade In From Bottom\u00a0\u00bb hover_animation=\u00a0\u00bbnone\u00a0\u00bb alignment=\u00a0\u00bb\u00a0\u00bb img_link_large=\u00a0\u00bbyes\u00a0\u00bb border_radius=\u00a0\u00bbnone\u00a0\u00bb box_shadow=\u00a0\u00bbnone\u00a0\u00bb image_loading=\u00a0\u00bbdefault\u00a0\u00bb max_width=\u00a0\u00bb100%\u00a0\u00bb max_width_mobile=\u00a0\u00bbdefault\u00a0\u00bb][\/vc_column][vc_column column_padding=\u00a0\u00bbpadding-6-percent\u00a0\u00bb column_padding_tablet=\u00a0\u00bbinherit\u00a0\u00bb column_padding_phone=\u00a0\u00bbinherit\u00a0\u00bb column_padding_position=\u00a0\u00bball\u00a0\u00bb background_color=\u00a0\u00bb#ede1ca\u00a0\u00bb background_color_opacity=\u00a0\u00bb1&Prime; background_hover_color_opacity=\u00a0\u00bb1&Prime; column_shadow=\u00a0\u00bbnone\u00a0\u00bb column_border_radius=\u00a0\u00bbnone\u00a0\u00bb column_link_target=\u00a0\u00bb_self\u00a0\u00bb gradient_direction=\u00a0\u00bbleft_to_right\u00a0\u00bb overlay_strength=\u00a0\u00bb0.3&Prime; width=\u00a0\u00bb1\/2&Prime; tablet_width_inherit=\u00a0\u00bbdefault\u00a0\u00bb tablet_text_alignment=\u00a0\u00bbdefault\u00a0\u00bb phone_text_alignment=\u00a0\u00bbdefault\u00a0\u00bb column_border_width=\u00a0\u00bbnone\u00a0\u00bb column_border_style=\u00a0\u00bbsolid\u00a0\u00bb bg_image_animation=\u00a0\u00bbnone\u00a0\u00bb][vc_column_text]\n<h5 style=\"color: #b28d56;\">\u00c9crivez-nous pour organiser une visite ou pour r\u00e9pondre \u00e0 vos questions<\/h5>\n[\/vc_column_text]\n<div class=\"wpcf7 no-js\" id=\"wpcf7-f7842-o1\" lang=\"es-ES\" dir=\"ltr\" data-wpcf7-id=\"7842\">\n<div class=\"screen-reader-response\"><p role=\"status\" aria-live=\"polite\" aria-atomic=\"true\"><\/p> <ul><\/ul><\/div>\n<form action=\"\/fr\/wp-json\/wp\/v2\/pages\/7269#wpcf7-f7842-o1\" method=\"post\" class=\"wpcf7-form init\" aria-label=\"Formulario de contacto\" novalidate=\"novalidate\" data-status=\"init\">\n<fieldset class=\"hidden-fields-container\"><input type=\"hidden\" name=\"_wpcf7\" value=\"7842\" \/><input type=\"hidden\" name=\"_wpcf7_version\" value=\"6.1.5\" \/><input type=\"hidden\" name=\"_wpcf7_locale\" value=\"es_ES\" \/><input type=\"hidden\" name=\"_wpcf7_unit_tag\" value=\"wpcf7-f7842-o1\" \/><input type=\"hidden\" name=\"_wpcf7_container_post\" value=\"0\" \/><input type=\"hidden\" name=\"_wpcf7_posted_data_hash\" value=\"\" \/>\n<\/fieldset>\n<p><label>Pr\u00e9nom *<br \/>\n<span class=\"wpcf7-form-control-wrap\" data-name=\"your-name\"><input size=\"40\" maxlength=\"400\" class=\"wpcf7-form-control wpcf7-text wpcf7-validates-as-required\" aria-required=\"true\" aria-invalid=\"false\" value=\"\" type=\"text\" name=\"your-name\" \/><\/span> <\/label>\n<\/p>\n<p><label>Noms de famille *<br \/>\n<span class=\"wpcf7-form-control-wrap\" data-name=\"your-surnames\"><input size=\"40\" maxlength=\"400\" class=\"wpcf7-form-control wpcf7-text wpcf7-validates-as-required\" aria-required=\"true\" aria-invalid=\"false\" value=\"\" type=\"text\" name=\"your-surnames\" \/><\/span> <\/label>\n<\/p>\n<p><label>Courrier \u00e9lectronique *<br \/>\n<span class=\"wpcf7-form-control-wrap\" data-name=\"your-email\"><input size=\"40\" maxlength=\"400\" class=\"wpcf7-form-control wpcf7-email wpcf7-validates-as-required wpcf7-text wpcf7-validates-as-email\" aria-required=\"true\" aria-invalid=\"false\" value=\"\" type=\"email\" name=\"your-email\" \/><\/span> <\/label>\n<\/p>\n<p><label>T\u00e9l\u00e9phone *<br \/>\n<span class=\"wpcf7-form-control-wrap\" data-name=\"tel-669\"><input size=\"40\" maxlength=\"400\" class=\"wpcf7-form-control wpcf7-tel wpcf7-validates-as-required wpcf7-text wpcf7-validates-as-tel\" aria-required=\"true\" aria-invalid=\"false\" value=\"\" type=\"tel\" name=\"tel-669\" \/><\/span> <\/label>\n<\/p>\n<p><label>Lieu de r\u00e9sidence habituelle *<br \/>\n<span class=\"wpcf7-form-control-wrap\" data-name=\"text-590\"><input size=\"40\" maxlength=\"400\" class=\"wpcf7-form-control wpcf7-text wpcf7-validates-as-required\" aria-required=\"true\" aria-invalid=\"false\" value=\"\" type=\"text\" name=\"text-590\" \/><\/span> <\/label>\n<\/p>\n<p><label>Comment pouvons-nous vous aider ? *<br \/>\n<span class=\"wpcf7-form-control-wrap\" data-name=\"services\"><select class=\"wpcf7-form-control wpcf7-select wpcf7-validates-as-required\" aria-required=\"true\" aria-invalid=\"false\" name=\"services\"><option value=\"Golf\">Golf<\/option><option value=\"Bien-\u00eatre\">Bien-\u00eatre<\/option><option value=\"Padel &amp; Tennis\">Padel &amp; Tennis<\/option><option value=\"Voyage\">Voyage<\/option><option value=\"Sponsorisations\">Sponsorisations<\/option><option value=\"Autres\">Autres<\/option><\/select><\/span><\/label>\n<\/p>\n<p><label>Message*<br \/>\n<span class=\"wpcf7-form-control-wrap\" data-name=\"your-message\"><textarea cols=\"40\" rows=\"10\" maxlength=\"2000\" class=\"wpcf7-form-control wpcf7-textarea wpcf7-validates-as-required\" aria-required=\"true\" aria-invalid=\"false\" name=\"your-message\"><\/textarea><\/span> <\/label>\n<\/p>\n<p><span class=\"wpcf7-form-control-wrap\" data-name=\"acceptance-41\"><span class=\"wpcf7-form-control wpcf7-acceptance\"><span class=\"wpcf7-list-item\"><input type=\"checkbox\" name=\"acceptance-41\" value=\"1\" aria-invalid=\"false\" \/><\/span><\/span><\/span> J'ai lu et j'accepte <a href=\"https:\/\/fontanalsgolfclub.com\/fr\/reglement-general-sur-la-protection-des-donnees\/\" target=\"_blank\">les informations de base sur la protection des donn\u00e9es<\/a>\n<\/p>\n<p><input class=\"wpcf7-form-control wpcf7-submit has-spinner\" type=\"submit\" value=\"Envoyer\" \/>\n<\/p><div class=\"wpcf7-response-output\" aria-hidden=\"true\"><\/div>\n<\/form>\n<\/div>\n[\/vc_column][\/vc_row][vc_row type=\u00a0\u00bbfull_width_background\u00a0\u00bb full_screen_row_position=\u00a0\u00bbmiddle\u00a0\u00bb column_margin=\u00a0\u00bbdefault\u00a0\u00bb column_direction=\u00a0\u00bbdefault\u00a0\u00bb column_direction_tablet=\u00a0\u00bbdefault\u00a0\u00bb column_direction_phone=\u00a0\u00bbdefault\u00a0\u00bb bg_color=\u00a0\u00bb#b28d56&Prime; bg_image=\u00a0\u00bb1061&Prime; bg_position=\u00a0\u00bbcenter center\u00a0\u00bb bg_repeat=\u00a0\u00bbno-repeat\u00a0\u00bb scene_position=\u00a0\u00bbcenter\u00a0\u00bb text_color=\u00a0\u00bbcustom\u00a0\u00bb custom_text_color=\u00a0\u00bb#30323b\u00a0\u00bb text_align=\u00a0\u00bbleft\u00a0\u00bb row_border_radius=\u00a0\u00bbnone\u00a0\u00bb row_border_radius_applies=\u00a0\u00bbbg\u00a0\u00bb overlay_strength=\u00a0\u00bb0.8&Prime; gradient_direction=\u00a0\u00bbleft_to_right\u00a0\u00bb shape_divider_position=\u00a0\u00bbbottom\u00a0\u00bb bg_image_animation=\u00a0\u00bbfade-in\u00a0\u00bb shape_type=\u00a0\u00bb\u00a0\u00bb][vc_column column_padding=\u00a0\u00bbno-extra-padding\u00a0\u00bb column_padding_tablet=\u00a0\u00bbinherit\u00a0\u00bb column_padding_phone=\u00a0\u00bbinherit\u00a0\u00bb column_padding_position=\u00a0\u00bball\u00a0\u00bb centered_text=\u00a0\u00bbtrue\u00a0\u00bb background_color_opacity=\u00a0\u00bb1&Prime; background_hover_color_opacity=\u00a0\u00bb1&Prime; column_shadow=\u00a0\u00bbnone\u00a0\u00bb column_border_radius=\u00a0\u00bbnone\u00a0\u00bb column_link_target=\u00a0\u00bb_self\u00a0\u00bb gradient_direction=\u00a0\u00bbleft_to_right\u00a0\u00bb overlay_strength=\u00a0\u00bb0.3&Prime; width=\u00a0\u00bb1\/4&Prime; tablet_width_inherit=\u00a0\u00bbdefault\u00a0\u00bb tablet_text_alignment=\u00a0\u00bbdefault\u00a0\u00bb phone_text_alignment=\u00a0\u00bbdefault\u00a0\u00bb column_border_width=\u00a0\u00bbnone\u00a0\u00bb column_border_style=\u00a0\u00bbsolid\u00a0\u00bb bg_image_animation=\u00a0\u00bbnone\u00a0\u00bb enable_animation=\u00a0\u00bbtrue\u00a0\u00bb animation=\u00a0\u00bbfade-in-from-bottom\u00a0\u00bb][\/vc_column][vc_column column_padding=\u00a0\u00bbpadding-7-percent\u00a0\u00bb column_padding_tablet=\u00a0\u00bbinherit\u00a0\u00bb column_padding_phone=\u00a0\u00bbinherit\u00a0\u00bb column_padding_position=\u00a0\u00bbtop-bottom\u00a0\u00bb centered_text=\u00a0\u00bbtrue\u00a0\u00bb background_color_opacity=\u00a0\u00bb1&Prime; background_hover_color_opacity=\u00a0\u00bb1&Prime; font_color=\u00a0\u00bb#ffffff\u00a0\u00bb column_shadow=\u00a0\u00bbnone\u00a0\u00bb column_border_radius=\u00a0\u00bbnone\u00a0\u00bb column_link_target=\u00a0\u00bb_self\u00a0\u00bb gradient_direction=\u00a0\u00bbleft_to_right\u00a0\u00bb overlay_strength=\u00a0\u00bb0.3&Prime; width=\u00a0\u00bb1\/2&Prime; tablet_width_inherit=\u00a0\u00bbdefault\u00a0\u00bb tablet_text_alignment=\u00a0\u00bbdefault\u00a0\u00bb phone_text_alignment=\u00a0\u00bbdefault\u00a0\u00bb column_border_width=\u00a0\u00bbnone\u00a0\u00bb column_border_style=\u00a0\u00bbsolid\u00a0\u00bb bg_image_animation=\u00a0\u00bbnone\u00a0\u00bb enable_animation=\u00a0\u00bbtrue\u00a0\u00bb animation=\u00a0\u00bbfade-in-from-bottom\u00a0\u00bb][vc_column_text]\n<h1>Devenez membre de Fontanals Golf Club<\/h1>\n[\/vc_column_text][divider line_type=\u00a0\u00bbNo Line\u00a0\u00bb custom_height=\u00a0\u00bb10&Prime;][vc_column_text]\n<p style=\"color: #30323b; font-size: 20px; line-height: 26px;\">D\u00e9couvrez ce que Fontanals Golf Club et la vall\u00e9e la plus vaste et la plus ensoleill\u00e9e d&rsquo;Europe ont \u00e0 vous offrir<\/p>\n[\/vc_column_text][divider line_type=\u00a0\u00bbNo Line\u00a0\u00bb custom_height=\u00a0\u00bb20&Prime;][nectar_btn size=\u00a0\u00bblarge\u00a0\u00bb button_style=\u00a0\u00bbregular\u00a0\u00bb button_color_2=\u00a0\u00bbExtra-Color-1&Prime; solid_text_color_override=\u00a0\u00bb#ffffff\u00a0\u00bb icon_family=\u00a0\u00bbnone\u00a0\u00bb el_class=\u00a0\u00bbbtn-mobile\u00a0\u00bb url=\u00a0\u00bbT\u00e9l. : +34972144374&Prime; text=\u00a0\u00bbAppelez-nous et d\u00e9couvrez le Club\u00a0\u00bb][nectar_btn size=\u00a0\u00bblarge\u00a0\u00bb button_style=\u00a0\u00bbregular\u00a0\u00bb button_color_2=\u00a0\u00bbExtra-Color-1&Prime; solid_text_color_override=\u00a0\u00bb#ffffff\u00a0\u00bb icon_family=\u00a0\u00bbnone\u00a0\u00bb el_class=\u00a0\u00bbbtn-desktop\u00a0\u00bb url=\u00a0\u00bbhttps:\/\/fontanalsgolfclub.com\/fr\/le-club-social-et-familial-de-reference-dans-la-cerdagne\/\u00a0\u00bb text=\u00a0\u00bbD\u00e9couvrez le Club\u00a0\u00bb][\/vc_column][vc_column column_padding=\u00a0\u00bbno-extra-padding\u00a0\u00bb column_padding_tablet=\u00a0\u00bbinherit\u00a0\u00bb column_padding_phone=\u00a0\u00bbinherit\u00a0\u00bb column_padding_position=\u00a0\u00bball\u00a0\u00bb background_color_opacity=\u00a0\u00bb1&Prime; background_hover_color_opacity=\u00a0\u00bb1&Prime; column_shadow=\u00a0\u00bbnone\u00a0\u00bb column_border_radius=\u00a0\u00bbnone\u00a0\u00bb column_link_target=\u00a0\u00bb_self\u00a0\u00bb gradient_direction=\u00a0\u00bbleft_to_right\u00a0\u00bb overlay_strength=\u00a0\u00bb0.3&Prime; width=\u00a0\u00bb1\/4&Prime; tablet_width_inherit=\u00a0\u00bbdefault\u00a0\u00bb tablet_text_alignment=\u00a0\u00bbdefault\u00a0\u00bb phone_text_alignment=\u00a0\u00bbdefault\u00a0\u00bb column_border_width=\u00a0\u00bbnone\u00a0\u00bb column_border_style=\u00a0\u00bbsolid\u00a0\u00bb bg_image_animation=\u00a0\u00bbnone\u00a0\u00bb][\/vc_column][\/vc_row]\n","protected":false},"excerpt":{"rendered":"<p>[vc_row type=\u00a0\u00bbfull_width_background\u00a0\u00bb full_screen_row_position=\u00a0\u00bbmiddle\u00a0\u00bb column_margin=\u00a0\u00bbdefault\u00a0\u00bb equal_height=\u00a0\u00bbyes\u00a0\u00bb content_placement=\u00a0\u00bbtop\u00a0\u00bb column_direction=\u00a0\u00bbdefault\u00a0\u00bb column_direction_tablet=\u00a0\u00bbdefault\u00a0\u00bb column_direction_phone=\u00a0\u00bbdefault\u00a0\u00bb scene_position=\u00a0\u00bbcenter\u00a0\u00bb top_padding=\u00a0\u00bb50&Prime; bottom_padding=\u00a0\u00bb100&Prime; text_color=\u00a0\u00bbcustom\u00a0\u00bb custom_text_color=\u00a0\u00bb#30323b\u00a0\u00bb text_align=\u00a0\u00bbleft\u00a0\u00bb row_border_radius=\u00a0\u00bbnone\u00a0\u00bb row_border_radius_applies=\u00a0\u00bbbg\u00a0\u00bb overlay_strength=\u00a0\u00bb0.3&Prime; gradient_direction=\u00a0\u00bbleft_to_right\u00a0\u00bb shape_divider_position=\u00a0\u00bbbottom\u00a0\u00bb bg_image_animation=\u00a0\u00bbnone\u00a0\u00bb shape_type=\u00a0\u00bb\u00a0\u00bb][vc_column column_padding=\u00a0\u00bbno-extra-padding\u00a0\u00bb column_padding_tablet=\u00a0\u00bbinherit\u00a0\u00bb column_padding_phone=\u00a0\u00bbinherit\u00a0\u00bb column_padding_position=\u00a0\u00bbleft-right\u00a0\u00bb background_color_opacity=\u00a0\u00bb1&Prime; background_hover_color_opacity=\u00a0\u00bb1&Prime; column_shadow=\u00a0\u00bbnone\u00a0\u00bb column_border_radius=\u00a0\u00bbnone\u00a0\u00bb&#8230;<\/p>\n","protected":false},"author":1,"featured_media":0,"parent":7492,"menu_order":0,"comment_status":"closed","ping_status":"closed","template":"","meta":{"footnotes":""},"class_list":["post-7269","page","type-page","status-publish"],"yoast_head":"<!-- This site is optimized with the Yoast SEO plugin v27.5 - https:\/\/yoast.com\/product\/yoast-seo-wordpress\/ -->\n<title>R\u00e9servez une visite pour d\u00e9couvrir le club - Fontanals Golf Club<\/title>\n<meta name=\"description\" content=\"Si vous souhaitez nous rencontrer et vivre l\u2019exp\u00e9rience Fontanals vous-m\u00eame, n\u2019h\u00e9sitez pas \u00e0 nous \u00e9crire pour organiser une visite. Vous ne le regretterez pas\u00a0!\" \/>\n<meta name=\"robots\" content=\"index, follow, max-snippet:-1, max-image-preview:large, max-video-preview:-1\" \/>\n<link rel=\"canonical\" href=\"https:\/\/fontanalsgolfclub.com\/fr\/le-club-social-et-familial-de-reference-dans-la-cerdagne\/reservez-une-visite-pour-decouvrir-le-club\/\" \/>\n<meta property=\"og:locale\" content=\"fr_FR\" \/>\n<meta property=\"og:type\" content=\"article\" \/>\n<meta property=\"og:title\" content=\"R\u00e9servez une visite pour d\u00e9couvrir le club - Fontanals Golf Club\" \/>\n<meta property=\"og:description\" content=\"Si vous souhaitez nous rencontrer et vivre l\u2019exp\u00e9rience Fontanals vous-m\u00eame, n\u2019h\u00e9sitez pas \u00e0 nous \u00e9crire pour organiser une visite. Vous ne le regretterez pas\u00a0!\" \/>\n<meta property=\"og:url\" content=\"https:\/\/fontanalsgolfclub.com\/fr\/le-club-social-et-familial-de-reference-dans-la-cerdagne\/reservez-une-visite-pour-decouvrir-le-club\/\" \/>\n<meta property=\"og:site_name\" content=\"Fontanals Golf Club\" \/>\n<meta property=\"article:publisher\" content=\"https:\/\/www.facebook.com\/fontanalsgolfclub\/\" \/>\n<meta property=\"article:modified_time\" content=\"2022-08-08T18:57:51+00:00\" \/>\n<meta name=\"twitter:card\" content=\"summary_large_image\" \/>\n<meta name=\"twitter:site\" content=\"@FontanalsGolf\" \/>\n<meta name=\"twitter:label1\" content=\"Dur\u00e9e de lecture estim\u00e9e\" \/>\n\t<meta name=\"twitter:data1\" content=\"4 minutes\" \/>\n<script type=\"application\/ld+json\" class=\"yoast-schema-graph\">{\"@context\":\"https:\\\/\\\/schema.org\",\"@graph\":[{\"@type\":\"WebPage\",\"@id\":\"https:\\\/\\\/fontanalsgolfclub.com\\\/fr\\\/le-club-social-et-familial-de-reference-dans-la-cerdagne\\\/reservez-une-visite-pour-decouvrir-le-club\\\/\",\"url\":\"https:\\\/\\\/fontanalsgolfclub.com\\\/fr\\\/le-club-social-et-familial-de-reference-dans-la-cerdagne\\\/reservez-une-visite-pour-decouvrir-le-club\\\/\",\"name\":\"R\u00e9servez une visite pour d\u00e9couvrir le club - Fontanals Golf Club\",\"isPartOf\":{\"@id\":\"https:\\\/\\\/fontanalsgolfclub.com\\\/fr\\\/#website\"},\"datePublished\":\"2022-08-05T13:45:19+00:00\",\"dateModified\":\"2022-08-08T18:57:51+00:00\",\"description\":\"Si vous souhaitez nous rencontrer et vivre l\u2019exp\u00e9rience Fontanals vous-m\u00eame, n\u2019h\u00e9sitez pas \u00e0 nous \u00e9crire pour organiser une visite. Vous ne le regretterez pas\u00a0!\",\"breadcrumb\":{\"@id\":\"https:\\\/\\\/fontanalsgolfclub.com\\\/fr\\\/le-club-social-et-familial-de-reference-dans-la-cerdagne\\\/reservez-une-visite-pour-decouvrir-le-club\\\/#breadcrumb\"},\"inLanguage\":\"fr-FR\",\"potentialAction\":[{\"@type\":\"ReadAction\",\"target\":[\"https:\\\/\\\/fontanalsgolfclub.com\\\/fr\\\/le-club-social-et-familial-de-reference-dans-la-cerdagne\\\/reservez-une-visite-pour-decouvrir-le-club\\\/\"]}]},{\"@type\":\"BreadcrumbList\",\"@id\":\"https:\\\/\\\/fontanalsgolfclub.com\\\/fr\\\/le-club-social-et-familial-de-reference-dans-la-cerdagne\\\/reservez-une-visite-pour-decouvrir-le-club\\\/#breadcrumb\",\"itemListElement\":[{\"@type\":\"ListItem\",\"position\":1,\"name\":\"Portada\",\"item\":\"https:\\\/\\\/fontanalsgolfclub.com\\\/fr\\\/\"},{\"@type\":\"ListItem\",\"position\":2,\"name\":\"Le club social et familial de r\u00e9f\u00e9rence dans La Cerdagne\",\"item\":\"https:\\\/\\\/fontanalsgolfclub.com\\\/fr\\\/le-club-social-et-familial-de-reference-dans-la-cerdagne\\\/\"},{\"@type\":\"ListItem\",\"position\":3,\"name\":\"R\u00e9servez une visite pour d\u00e9couvrir le club\"}]},{\"@type\":\"WebSite\",\"@id\":\"https:\\\/\\\/fontanalsgolfclub.com\\\/fr\\\/#website\",\"url\":\"https:\\\/\\\/fontanalsgolfclub.com\\\/fr\\\/\",\"name\":\"Fontanals Golf Club\",\"description\":\"Uno de los mejores campos de golf de Espa\u00f1a\",\"publisher\":{\"@id\":\"https:\\\/\\\/fontanalsgolfclub.com\\\/fr\\\/#organization\"},\"potentialAction\":[{\"@type\":\"SearchAction\",\"target\":{\"@type\":\"EntryPoint\",\"urlTemplate\":\"https:\\\/\\\/fontanalsgolfclub.com\\\/fr\\\/?s={search_term_string}\"},\"query-input\":{\"@type\":\"PropertyValueSpecification\",\"valueRequired\":true,\"valueName\":\"search_term_string\"}}],\"inLanguage\":\"fr-FR\"},{\"@type\":\"Organization\",\"@id\":\"https:\\\/\\\/fontanalsgolfclub.com\\\/fr\\\/#organization\",\"name\":\"Fontanals Golf Club\",\"url\":\"https:\\\/\\\/fontanalsgolfclub.com\\\/fr\\\/\",\"logo\":{\"@type\":\"ImageObject\",\"inLanguage\":\"fr-FR\",\"@id\":\"https:\\\/\\\/fontanalsgolfclub.com\\\/fr\\\/#\\\/schema\\\/logo\\\/image\\\/\",\"url\":\"https:\\\/\\\/fontanalsgolfclub.com\\\/wp-content\\\/uploads\\\/2019\\\/05\\\/logo_fontanals_fosc@2x.png\",\"contentUrl\":\"https:\\\/\\\/fontanalsgolfclub.com\\\/wp-content\\\/uploads\\\/2019\\\/05\\\/logo_fontanals_fosc@2x.png\",\"width\":320,\"height\":208,\"caption\":\"Fontanals Golf Club\"},\"image\":{\"@id\":\"https:\\\/\\\/fontanalsgolfclub.com\\\/fr\\\/#\\\/schema\\\/logo\\\/image\\\/\"},\"sameAs\":[\"https:\\\/\\\/www.facebook.com\\\/fontanalsgolfclub\\\/\",\"https:\\\/\\\/x.com\\\/FontanalsGolf\",\"https:\\\/\\\/www.instagram.com\\\/fontanalsgolfclub\\\/\"]}]}<\/script>\n<!-- \/ Yoast SEO plugin. -->","yoast_head_json":{"title":"R\u00e9servez une visite pour d\u00e9couvrir le club - Fontanals Golf Club","description":"Si vous souhaitez nous rencontrer et vivre l\u2019exp\u00e9rience Fontanals vous-m\u00eame, n\u2019h\u00e9sitez pas \u00e0 nous \u00e9crire pour organiser une visite. Vous ne le regretterez pas\u00a0!","robots":{"index":"index","follow":"follow","max-snippet":"max-snippet:-1","max-image-preview":"max-image-preview:large","max-video-preview":"max-video-preview:-1"},"canonical":"https:\/\/fontanalsgolfclub.com\/fr\/le-club-social-et-familial-de-reference-dans-la-cerdagne\/reservez-une-visite-pour-decouvrir-le-club\/","og_locale":"fr_FR","og_type":"article","og_title":"R\u00e9servez une visite pour d\u00e9couvrir le club - Fontanals Golf Club","og_description":"Si vous souhaitez nous rencontrer et vivre l\u2019exp\u00e9rience Fontanals vous-m\u00eame, n\u2019h\u00e9sitez pas \u00e0 nous \u00e9crire pour organiser une visite. Vous ne le regretterez pas\u00a0!","og_url":"https:\/\/fontanalsgolfclub.com\/fr\/le-club-social-et-familial-de-reference-dans-la-cerdagne\/reservez-une-visite-pour-decouvrir-le-club\/","og_site_name":"Fontanals Golf Club","article_publisher":"https:\/\/www.facebook.com\/fontanalsgolfclub\/","article_modified_time":"2022-08-08T18:57:51+00:00","twitter_card":"summary_large_image","twitter_site":"@FontanalsGolf","twitter_misc":{"Dur\u00e9e de lecture estim\u00e9e":"4 minutes"},"schema":{"@context":"https:\/\/schema.org","@graph":[{"@type":"WebPage","@id":"https:\/\/fontanalsgolfclub.com\/fr\/le-club-social-et-familial-de-reference-dans-la-cerdagne\/reservez-une-visite-pour-decouvrir-le-club\/","url":"https:\/\/fontanalsgolfclub.com\/fr\/le-club-social-et-familial-de-reference-dans-la-cerdagne\/reservez-une-visite-pour-decouvrir-le-club\/","name":"R\u00e9servez une visite pour d\u00e9couvrir le club - Fontanals Golf Club","isPartOf":{"@id":"https:\/\/fontanalsgolfclub.com\/fr\/#website"},"datePublished":"2022-08-05T13:45:19+00:00","dateModified":"2022-08-08T18:57:51+00:00","description":"Si vous souhaitez nous rencontrer et vivre l\u2019exp\u00e9rience Fontanals vous-m\u00eame, n\u2019h\u00e9sitez pas \u00e0 nous \u00e9crire pour organiser une visite. Vous ne le regretterez pas\u00a0!","breadcrumb":{"@id":"https:\/\/fontanalsgolfclub.com\/fr\/le-club-social-et-familial-de-reference-dans-la-cerdagne\/reservez-une-visite-pour-decouvrir-le-club\/#breadcrumb"},"inLanguage":"fr-FR","potentialAction":[{"@type":"ReadAction","target":["https:\/\/fontanalsgolfclub.com\/fr\/le-club-social-et-familial-de-reference-dans-la-cerdagne\/reservez-une-visite-pour-decouvrir-le-club\/"]}]},{"@type":"BreadcrumbList","@id":"https:\/\/fontanalsgolfclub.com\/fr\/le-club-social-et-familial-de-reference-dans-la-cerdagne\/reservez-une-visite-pour-decouvrir-le-club\/#breadcrumb","itemListElement":[{"@type":"ListItem","position":1,"name":"Portada","item":"https:\/\/fontanalsgolfclub.com\/fr\/"},{"@type":"ListItem","position":2,"name":"Le club social et familial de r\u00e9f\u00e9rence dans La Cerdagne","item":"https:\/\/fontanalsgolfclub.com\/fr\/le-club-social-et-familial-de-reference-dans-la-cerdagne\/"},{"@type":"ListItem","position":3,"name":"R\u00e9servez une visite pour d\u00e9couvrir le club"}]},{"@type":"WebSite","@id":"https:\/\/fontanalsgolfclub.com\/fr\/#website","url":"https:\/\/fontanalsgolfclub.com\/fr\/","name":"Fontanals Golf Club","description":"Uno de los mejores campos de golf de Espa\u00f1a","publisher":{"@id":"https:\/\/fontanalsgolfclub.com\/fr\/#organization"},"potentialAction":[{"@type":"SearchAction","target":{"@type":"EntryPoint","urlTemplate":"https:\/\/fontanalsgolfclub.com\/fr\/?s={search_term_string}"},"query-input":{"@type":"PropertyValueSpecification","valueRequired":true,"valueName":"search_term_string"}}],"inLanguage":"fr-FR"},{"@type":"Organization","@id":"https:\/\/fontanalsgolfclub.com\/fr\/#organization","name":"Fontanals Golf Club","url":"https:\/\/fontanalsgolfclub.com\/fr\/","logo":{"@type":"ImageObject","inLanguage":"fr-FR","@id":"https:\/\/fontanalsgolfclub.com\/fr\/#\/schema\/logo\/image\/","url":"https:\/\/fontanalsgolfclub.com\/wp-content\/uploads\/2019\/05\/logo_fontanals_fosc@2x.png","contentUrl":"https:\/\/fontanalsgolfclub.com\/wp-content\/uploads\/2019\/05\/logo_fontanals_fosc@2x.png","width":320,"height":208,"caption":"Fontanals Golf Club"},"image":{"@id":"https:\/\/fontanalsgolfclub.com\/fr\/#\/schema\/logo\/image\/"},"sameAs":["https:\/\/www.facebook.com\/fontanalsgolfclub\/","https:\/\/x.com\/FontanalsGolf","https:\/\/www.instagram.com\/fontanalsgolfclub\/"]}]}},"_links":{"self":[{"href":"https:\/\/fontanalsgolfclub.com\/fr\/wp-json\/wp\/v2\/pages\/7269","targetHints":{"allow":["GET"]}}],"collection":[{"href":"https:\/\/fontanalsgolfclub.com\/fr\/wp-json\/wp\/v2\/pages"}],"about":[{"href":"https:\/\/fontanalsgolfclub.com\/fr\/wp-json\/wp\/v2\/types\/page"}],"author":[{"embeddable":true,"href":"https:\/\/fontanalsgolfclub.com\/fr\/wp-json\/wp\/v2\/users\/1"}],"replies":[{"embeddable":true,"href":"https:\/\/fontanalsgolfclub.com\/fr\/wp-json\/wp\/v2\/comments?post=7269"}],"version-history":[{"count":9,"href":"https:\/\/fontanalsgolfclub.com\/fr\/wp-json\/wp\/v2\/pages\/7269\/revisions"}],"predecessor-version":[{"id":7843,"href":"https:\/\/fontanalsgolfclub.com\/fr\/wp-json\/wp\/v2\/pages\/7269\/revisions\/7843"}],"up":[{"embeddable":true,"href":"https:\/\/fontanalsgolfclub.com\/fr\/wp-json\/wp\/v2\/pages\/7492"}],"wp:attachment":[{"href":"https:\/\/fontanalsgolfclub.com\/fr\/wp-json\/wp\/v2\/media?parent=7269"}],"curies":[{"name":"wp","href":"https:\/\/api.w.org\/{rel}","templated":true}]}}