{"id":7498,"date":"2022-08-08T08:39:40","date_gmt":"2022-08-08T06:39:40","guid":{"rendered":"https:\/\/fontanalsgolfclub.com\/avis-juridique\/"},"modified":"2025-05-23T11:19:23","modified_gmt":"2025-05-23T09:19:23","slug":"avis-juridique","status":"publish","type":"page","link":"https:\/\/fontanalsgolfclub.com\/fr\/avis-juridique\/","title":{"rendered":"Avis juridique"},"content":{"rendered":"[vc_row type=\u00a0\u00bbfull_width_background\u00a0\u00bb full_screen_row_position=\u00a0\u00bbmiddle\u00a0\u00bb column_margin=\u00a0\u00bbdefault\u00a0\u00bb column_direction=\u00a0\u00bbdefault\u00a0\u00bb column_direction_tablet=\u00a0\u00bbdefault\u00a0\u00bb column_direction_phone=\u00a0\u00bbdefault\u00a0\u00bb scene_position=\u00a0\u00bbcenter\u00a0\u00bb top_padding=\u00a0\u00bb50&Prime; bottom_padding=\u00a0\u00bb100&Prime; text_color=\u00a0\u00bbcustom\u00a0\u00bb custom_text_color=\u00a0\u00bb#30323b\u00a0\u00bb text_align=\u00a0\u00bbleft\u00a0\u00bb row_border_radius=\u00a0\u00bbnone\u00a0\u00bb row_border_radius_applies=\u00a0\u00bbbg\u00a0\u00bb overlay_strength=\u00a0\u00bb0.3&Prime; gradient_direction=\u00a0\u00bbleft_to_right\u00a0\u00bb shape_divider_position=\u00a0\u00bbbottom\u00a0\u00bb bg_image_animation=\u00a0\u00bbnone\u00a0\u00bb shape_type=\u00a0\u00bb\u00a0\u00bb][vc_column column_padding=\u00a0\u00bbno-extra-padding\u00a0\u00bb column_padding_tablet=\u00a0\u00bbinherit\u00a0\u00bb column_padding_phone=\u00a0\u00bbinherit\u00a0\u00bb column_padding_position=\u00a0\u00bball\u00a0\u00bb background_color_opacity=\u00a0\u00bb1&Prime; background_hover_color_opacity=\u00a0\u00bb1&Prime; column_shadow=\u00a0\u00bbnone\u00a0\u00bb column_border_radius=\u00a0\u00bbnone\u00a0\u00bb column_link_target=\u00a0\u00bb_self\u00a0\u00bb gradient_direction=\u00a0\u00bbleft_to_right\u00a0\u00bb overlay_strength=\u00a0\u00bb0.3&Prime; width=\u00a0\u00bb1\/6&Prime; tablet_width_inherit=\u00a0\u00bbdefault\u00a0\u00bb tablet_text_alignment=\u00a0\u00bbdefault\u00a0\u00bb phone_text_alignment=\u00a0\u00bbdefault\u00a0\u00bb column_border_width=\u00a0\u00bbnone\u00a0\u00bb column_border_style=\u00a0\u00bbsolid\u00a0\u00bb bg_image_animation=\u00a0\u00bbnone\u00a0\u00bb enable_animation=\u00a0\u00bbtrue\u00a0\u00bb animation=\u00a0\u00bbfade-in\u00a0\u00bb][\/vc_column][vc_column column_padding=\u00a0\u00bbno-extra-padding\u00a0\u00bb column_padding_tablet=\u00a0\u00bbinherit\u00a0\u00bb column_padding_phone=\u00a0\u00bbinherit\u00a0\u00bb column_padding_position=\u00a0\u00bball\u00a0\u00bb background_color_opacity=\u00a0\u00bb1&Prime; background_hover_color_opacity=\u00a0\u00bb1&Prime; column_shadow=\u00a0\u00bbnone\u00a0\u00bb column_border_radius=\u00a0\u00bbnone\u00a0\u00bb column_link_target=\u00a0\u00bb_self\u00a0\u00bb gradient_direction=\u00a0\u00bbleft_to_right\u00a0\u00bb overlay_strength=\u00a0\u00bb0.3&Prime; width=\u00a0\u00bb2\/3&Prime; tablet_width_inherit=\u00a0\u00bbdefault\u00a0\u00bb tablet_text_alignment=\u00a0\u00bbdefault\u00a0\u00bb phone_text_alignment=\u00a0\u00bbdefault\u00a0\u00bb column_border_width=\u00a0\u00bbnone\u00a0\u00bb column_border_style=\u00a0\u00bbsolid\u00a0\u00bb bg_image_animation=\u00a0\u00bbnone\u00a0\u00bb][vc_column_text]\n<h1 style=\"color: #b28d56;\">Avis juridique<\/h1>\n[\/vc_column_text][vc_column_text]Conform\u00e9ment \u00e0 la loi 34\/2002, du 11 juillet, sur les services de la soci\u00e9t\u00e9 de l&rsquo;information et le commerce \u00e9lectronique (LSSI-CE), FONTANALS ESPORTIVA SA informe qu&rsquo;elle est la propri\u00e9taire du site Web. Conform\u00e9ment aux exigences de l&rsquo;article 10 de la loi susmentionn\u00e9e, FONTANALS ESPORTIVA SA informe des donn\u00e9es suivantes :<\/p>\n<p>RAISON SOCIALE : FONTANALS ESPORTIVA SA NUM\u00c9RO D\u2019IDENTIFICATION FISCAL (NIF) : A59985234 ADRESSE POSTALE : MALLORCA, 228 2n 1\u00aa 08008, BARCELONA<br \/>\nCOURRIEL : hola@fontanalsgolfclub.com<br \/>\nT\u00c9L\u00c9PHONES : +34 972144374<br \/>\nREGISTRE DU COMMERCE : tome 21806, folio 0033, feuille 27330 et inscription<br \/>\nOBJET PRINCIPAL : Club sportif de golf<\/p>\n<p><em> UTILISATEUR ET R\u00c9GIME DE RESPONSABILIT\u00c9<br \/>\n<\/em> La navigation, l&rsquo;acc\u00e8s et l&rsquo;utilisation du site Web de FONTANALS ESPORTIVA SA conf\u00e8re la condition d&rsquo;utilisateur, par laquelle sont accept\u00e9es toutes les conditions d&rsquo;utilisation \u00e9tablies ici, sans pr\u00e9judice de l&rsquo;application des normes correspondantes de conformit\u00e9 l\u00e9gale obligatoire, le cas \u00e9ch\u00e9ant, \u00e0 partir de la navigation sur le site Web de FONTANALS ESPORTIVA SA.<\/p>\n<p>Le site Web de FONTANALS ESPORTIVA SA fournit un large \u00e9ventail d&rsquo;informations, de services et de donn\u00e9es. L&rsquo;utilisateur assume la responsabilit\u00e9 de l&rsquo;utilisation correcte du site Web. Cette responsabilit\u00e9 s&rsquo;\u00e9tendra \u00e0 :<\/p>\n<ul>\n<li>La v\u00e9racit\u00e9 et la l\u00e9galit\u00e9 des informations fournies par l&rsquo;utilisateur dans les formulaires fournis par FONTANALS ESPORTIVA SA pour acc\u00e9der \u00e0 certains contenus ou services offerts par le site Web.<\/li>\n<li>L&rsquo;utilisation de l&rsquo;information, des services et des donn\u00e9es offerts par FONTANALS ESPORTIVA SA contraire aux dispositions des pr\u00e9sentes conditions, de la Loi, de la morale, des bonnes coutumes ou de l&rsquo;ordre public, ou qui, de toute autre mani\u00e8re, peut entra\u00eener des dommages aux droits de tiers ou au fonctionnement du site Web.<\/li>\n<\/ul>\n<p><em>POLITIQUE DE LIENS ET CLAUSES DE NON-RESPONSABILIT\u00c9<br \/>\n<\/em> FONTANALS ESPORTIVA SA n&rsquo;est pas responsable du contenu des sites Web auxquels l&rsquo;utilisateur peut acc\u00e9der \u00e0 travers les liens \u00e9tablis sur son site Web et d\u00e9clare qu&rsquo;en aucun cas elle n&rsquo;examinera ni n&rsquo;exercera un quelconque type de contr\u00f4le sur le contenu des autres sites Web. De m\u00eame, elle ne garantit pas la disponibilit\u00e9 technique, l&rsquo;exactitude, la v\u00e9racit\u00e9, la validit\u00e9 ou la l\u00e9galit\u00e9 des sites ext\u00e9rieurs \u00e0 sa propri\u00e9t\u00e9 auxquels on peut acc\u00e9der par les liens.<\/p>\n<p>FONTANALS ESPORTIVA SA d\u00e9clare avoir adopt\u00e9 toutes les mesures n\u00e9cessaires pour \u00e9viter tout dommage aux utilisateurs de son site Web, qui pourrait d\u00e9couler de la navigation sur ce dernier. Par cons\u00e9quent, FONTANALS ESPORTIVA SA n&rsquo;est en aucun cas responsable des \u00e9ventuels dommages que l&rsquo;utilisateur pourrait subir suite \u00e0 la navigation sur Internet.<\/p>\n<p><em>MODIFICATIONS<\/em><br \/>\nFONTANALS ESPORTIVA SA se r\u00e9serve le droit d&rsquo;apporter les modifications qu&rsquo;elle juge opportunes, sans pr\u00e9avis, au contenu de son site Web. Tant en ce qui concerne les contenus du site Web, que les conditions d&rsquo;utilisation de celui-ci, ou les conditions g\u00e9n\u00e9rales de contrat. Ces modifications peuvent \u00eatre effectu\u00e9es \u00e0 travers son site Web par tout moyen l\u00e9galement admissible et seront contraignantes tant qu&rsquo;elles seront publi\u00e9es sur le site Web et jusqu&rsquo;\u00e0 ce qu&rsquo;elles soient valablement modifi\u00e9es par des modifications ult\u00e9rieures.<\/p>\n<p><em>PROPRI\u00c9T\u00c9 INTELLECTUELLE ET INDUSTRIELLE<br \/>\n<\/em> FONTANALS ESPORTIVA SA, elle-m\u00eame ou en tant que cessionnaire, est propri\u00e9taire de tous les droits de propri\u00e9t\u00e9 intellectuelle et industrielle de son site Web, ainsi que des \u00e9l\u00e9ments qui y sont contenus (y compris, mais sans s&rsquo;y limiter, les images, le son, l&rsquo;audio, la vid\u00e9o, les logiciels ou les textes ; les marques ou les logos, les combinaisons de couleurs, la structure et le design, la s\u00e9lection des mat\u00e9riaux utilis\u00e9s, les programmes informatiques n\u00e9cessaires \u00e0 son fonctionnement, son acc\u00e8s et son utilisation, etc.). Il s&rsquo;agit donc d&rsquo;\u0153uvres prot\u00e9g\u00e9es en tant que propri\u00e9t\u00e9 intellectuelle par l&rsquo;ordre juridique espagnol, la r\u00e9glementation espagnole et communautaire en la mati\u00e8re leur \u00e9tant applicable, ainsi que les trait\u00e9s internationaux relatifs \u00e0 la mati\u00e8re et sign\u00e9s par l&rsquo;Espagne.<\/p>\n<p>Tous droits r\u00e9serv\u00e9s. En vertu des dispositions de la loi sur la propri\u00e9t\u00e9 intellectuelle, il est express\u00e9ment interdit de reproduire, distribuer et communiquer publiquement, y compris par la modalit\u00e9 de mise \u00e0 disposition, tout ou partie du contenu de ce site Web, \u00e0 des fins commerciales, sur tout support et par tout moyen technique, sans l&rsquo;autorisation de FONTANALS ESPORTIVA SA.<\/p>\n<p>L&rsquo;utilisateur s&rsquo;engage \u00e0 respecter les droits de propri\u00e9t\u00e9 intellectuelle et industrielle appartenant \u00e0 FONTANALS ESPORTIVA SA. Vous pouvez visualiser les \u00e9l\u00e9ments du portail et m\u00eame les imprimer, les copier et les stocker sur le disque dur de votre ordinateur ou sur tout autre support physique, \u00e0 condition que ce soit uniquement et exclusivement pour votre usage personnel et priv\u00e9. L&rsquo;utilisateur doit s&rsquo;abstenir de supprimer, alt\u00e9rer, \u00e9luder ou manipuler tout dispositif de protection ou syst\u00e8me de s\u00e9curit\u00e9 install\u00e9 sur les pages de FONTANALS ESPORTIVA SA.<\/p>\n<p><em>CERTIFICAT SSL (SECURE SOCKETS LAYER)<\/em><br \/>\nLe CERTIFICAT SSL assure l&rsquo;authentification, la confidentialit\u00e9 et la s\u00e9curit\u00e9 des informations entre FONTANALS ESPORTIVA SA et l&rsquo;utilisateur.<\/p>\n<p>FONTANALS ESPORTIVA SA poss\u00e8de un certificat de s\u00e9curit\u00e9 qui est utilis\u00e9 par CERTIFICAT SSL pour \u00e9tablir des connexions s\u00e9curis\u00e9es. Dans ce processus, plusieurs param\u00e8tres sont \u00e9tablis pour rendre la connexion s\u00fbre et elle est \u00e9tablie \u00e0 l&rsquo;aide de codes pr\u00e9\u00e9tablies, codant et d\u00e9codant toutes les donn\u00e9es envoy\u00e9es jusqu&rsquo;\u00e0 la fermeture de la connexion.<\/p>\n<p><em> ACTIONS EN JUSTICE, DROIT APPLICABLE ET JURIDICTION<br \/>\n<\/em> FONTANALS ESPORTIVA SA se r\u00e9serve \u00e9galement le droit d&rsquo;intenter toute action civile ou p\u00e9nale qu&rsquo;elle jugera opportune pour l&rsquo;utilisation inappropri\u00e9e de son site Web et de ses contenus, ou pour la violation de ces conditions.<\/p>\n<p>La relation entre l&rsquo;utilisateur et le fournisseur est r\u00e9gie par la r\u00e9glementation en vigueur et applicable sur le territoire espagnol. En cas de controverse, les parties peuvent soumettre leurs conflits \u00e0 l&rsquo;arbitrage ou \u00e0 la juridiction ordinaire, conform\u00e9ment aux r\u00e8glements sur la juridiction et la comp\u00e9tence en la mati\u00e8re. FONTANALS ESPORTIVA SA est domicili\u00e9e \u00e0 BARCELONE, en Espagne.<\/p>\n<p>Les contrats conclus par voie \u00e9lectronique auxquels un consommateur participe en tant que partie sont pr\u00e9sum\u00e9s avoir \u00e9t\u00e9 conclus au lieu o\u00f9 le consommateur a sa r\u00e9sidence habituelle.<br \/>\nLes contrats \u00e9lectroniques entre entrepreneurs ou professionnels, en l&rsquo;absence d&rsquo;accord entre les parties, sont pr\u00e9sum\u00e9s avoir \u00e9t\u00e9 conclus au lieu o\u00f9 le prestataire de services est \u00e9tabli.<\/p>\n<p><strong>DERNI\u00c8RE MISE \u00c0 JOUR : 19 mai 2021<\/strong>[\/vc_column_text][\/vc_column][vc_column column_padding=\u00a0\u00bbno-extra-padding\u00a0\u00bb column_padding_tablet=\u00a0\u00bbinherit\u00a0\u00bb column_padding_phone=\u00a0\u00bbinherit\u00a0\u00bb column_padding_position=\u00a0\u00bball\u00a0\u00bb background_color_opacity=\u00a0\u00bb1&Prime; background_hover_color_opacity=\u00a0\u00bb1&Prime; column_shadow=\u00a0\u00bbnone\u00a0\u00bb column_border_radius=\u00a0\u00bbnone\u00a0\u00bb column_link_target=\u00a0\u00bb_self\u00a0\u00bb gradient_direction=\u00a0\u00bbleft_to_right\u00a0\u00bb overlay_strength=\u00a0\u00bb0.3&Prime; width=\u00a0\u00bb1\/6&Prime; tablet_width_inherit=\u00a0\u00bbdefault\u00a0\u00bb tablet_text_alignment=\u00a0\u00bbdefault\u00a0\u00bb phone_text_alignment=\u00a0\u00bbdefault\u00a0\u00bb column_border_width=\u00a0\u00bbnone\u00a0\u00bb column_border_style=\u00a0\u00bbsolid\u00a0\u00bb bg_image_animation=\u00a0\u00bbnone\u00a0\u00bb][\/vc_column][\/vc_row]\n","protected":false},"excerpt":{"rendered":"<p>[vc_row type=\u00a0\u00bbfull_width_background\u00a0\u00bb full_screen_row_position=\u00a0\u00bbmiddle\u00a0\u00bb column_margin=\u00a0\u00bbdefault\u00a0\u00bb column_direction=\u00a0\u00bbdefault\u00a0\u00bb column_direction_tablet=\u00a0\u00bbdefault\u00a0\u00bb column_direction_phone=\u00a0\u00bbdefault\u00a0\u00bb scene_position=\u00a0\u00bbcenter\u00a0\u00bb top_padding=\u00a0\u00bb50&Prime; bottom_padding=\u00a0\u00bb100&Prime; text_color=\u00a0\u00bbcustom\u00a0\u00bb custom_text_color=\u00a0\u00bb#30323b\u00a0\u00bb text_align=\u00a0\u00bbleft\u00a0\u00bb row_border_radius=\u00a0\u00bbnone\u00a0\u00bb row_border_radius_applies=\u00a0\u00bbbg\u00a0\u00bb overlay_strength=\u00a0\u00bb0.3&Prime; gradient_direction=\u00a0\u00bbleft_to_right\u00a0\u00bb shape_divider_position=\u00a0\u00bbbottom\u00a0\u00bb bg_image_animation=\u00a0\u00bbnone\u00a0\u00bb shape_type=\u00a0\u00bb\u00a0\u00bb][vc_column column_padding=\u00a0\u00bbno-extra-padding\u00a0\u00bb column_padding_tablet=\u00a0\u00bbinherit\u00a0\u00bb column_padding_phone=\u00a0\u00bbinherit\u00a0\u00bb column_padding_position=\u00a0\u00bball\u00a0\u00bb background_color_opacity=\u00a0\u00bb1&Prime; background_hover_color_opacity=\u00a0\u00bb1&Prime; column_shadow=\u00a0\u00bbnone\u00a0\u00bb column_border_radius=\u00a0\u00bbnone\u00a0\u00bb column_link_target=\u00a0\u00bb_self\u00a0\u00bb gradient_direction=\u00a0\u00bbleft_to_right\u00a0\u00bb&#8230;<\/p>\n","protected":false},"author":1,"featured_media":0,"parent":0,"menu_order":0,"comment_status":"closed","ping_status":"closed","template":"","meta":{"footnotes":""},"class_list":["post-7498","page","type-page","status-publish"],"yoast_head":"<!-- This site is optimized with the Yoast SEO plugin v27.5 - https:\/\/yoast.com\/product\/yoast-seo-wordpress\/ -->\n<title>Avis juridique - Fontanals Golf Club<\/title>\n<meta name=\"description\" content=\"Avis juridique et politique de confidentialit\u00e9 du site Web de Fontanals Golf Club. Si vous avez des questions, n\u2019h\u00e9sitez pas \u00e0 nous contacter.\" \/>\n<meta name=\"robots\" content=\"index, follow, max-snippet:-1, max-image-preview:large, max-video-preview:-1\" \/>\n<link rel=\"canonical\" href=\"https:\/\/fontanalsgolfclub.com\/fr\/avis-juridique\/\" \/>\n<meta property=\"og:locale\" content=\"fr_FR\" \/>\n<meta property=\"og:type\" content=\"article\" \/>\n<meta property=\"og:title\" content=\"Avis juridique - Fontanals Golf Club\" \/>\n<meta property=\"og:description\" content=\"Avis juridique et politique de confidentialit\u00e9 du site Web de Fontanals Golf Club. Si vous avez des questions, n\u2019h\u00e9sitez pas \u00e0 nous contacter.\" \/>\n<meta property=\"og:url\" content=\"https:\/\/fontanalsgolfclub.com\/fr\/avis-juridique\/\" \/>\n<meta property=\"og:site_name\" content=\"Fontanals Golf Club\" \/>\n<meta property=\"article:publisher\" content=\"https:\/\/www.facebook.com\/fontanalsgolfclub\/\" \/>\n<meta property=\"article:modified_time\" content=\"2025-05-23T09:19:23+00:00\" \/>\n<meta name=\"twitter:card\" content=\"summary_large_image\" \/>\n<meta name=\"twitter:site\" content=\"@FontanalsGolf\" \/>\n<meta name=\"twitter:label1\" content=\"Dur\u00e9e de lecture estim\u00e9e\" \/>\n\t<meta name=\"twitter:data1\" content=\"5 minutes\" \/>\n<script type=\"application\/ld+json\" class=\"yoast-schema-graph\">{\"@context\":\"https:\\\/\\\/schema.org\",\"@graph\":[{\"@type\":\"WebPage\",\"@id\":\"https:\\\/\\\/fontanalsgolfclub.com\\\/fr\\\/avis-juridique\\\/\",\"url\":\"https:\\\/\\\/fontanalsgolfclub.com\\\/fr\\\/avis-juridique\\\/\",\"name\":\"Avis juridique - Fontanals Golf Club\",\"isPartOf\":{\"@id\":\"https:\\\/\\\/fontanalsgolfclub.com\\\/fr\\\/#website\"},\"datePublished\":\"2022-08-08T06:39:40+00:00\",\"dateModified\":\"2025-05-23T09:19:23+00:00\",\"description\":\"Avis juridique et politique de confidentialit\u00e9 du site Web de Fontanals Golf Club. Si vous avez des questions, n\u2019h\u00e9sitez pas \u00e0 nous contacter.\",\"breadcrumb\":{\"@id\":\"https:\\\/\\\/fontanalsgolfclub.com\\\/fr\\\/avis-juridique\\\/#breadcrumb\"},\"inLanguage\":\"fr-FR\",\"potentialAction\":[{\"@type\":\"ReadAction\",\"target\":[\"https:\\\/\\\/fontanalsgolfclub.com\\\/fr\\\/avis-juridique\\\/\"]}]},{\"@type\":\"BreadcrumbList\",\"@id\":\"https:\\\/\\\/fontanalsgolfclub.com\\\/fr\\\/avis-juridique\\\/#breadcrumb\",\"itemListElement\":[{\"@type\":\"ListItem\",\"position\":1,\"name\":\"Portada\",\"item\":\"https:\\\/\\\/fontanalsgolfclub.com\\\/fr\\\/\"},{\"@type\":\"ListItem\",\"position\":2,\"name\":\"Avis juridique\"}]},{\"@type\":\"WebSite\",\"@id\":\"https:\\\/\\\/fontanalsgolfclub.com\\\/fr\\\/#website\",\"url\":\"https:\\\/\\\/fontanalsgolfclub.com\\\/fr\\\/\",\"name\":\"Fontanals Golf Club\",\"description\":\"Uno de los mejores campos de golf de Espa\u00f1a\",\"publisher\":{\"@id\":\"https:\\\/\\\/fontanalsgolfclub.com\\\/fr\\\/#organization\"},\"potentialAction\":[{\"@type\":\"SearchAction\",\"target\":{\"@type\":\"EntryPoint\",\"urlTemplate\":\"https:\\\/\\\/fontanalsgolfclub.com\\\/fr\\\/?s={search_term_string}\"},\"query-input\":{\"@type\":\"PropertyValueSpecification\",\"valueRequired\":true,\"valueName\":\"search_term_string\"}}],\"inLanguage\":\"fr-FR\"},{\"@type\":\"Organization\",\"@id\":\"https:\\\/\\\/fontanalsgolfclub.com\\\/fr\\\/#organization\",\"name\":\"Fontanals Golf Club\",\"url\":\"https:\\\/\\\/fontanalsgolfclub.com\\\/fr\\\/\",\"logo\":{\"@type\":\"ImageObject\",\"inLanguage\":\"fr-FR\",\"@id\":\"https:\\\/\\\/fontanalsgolfclub.com\\\/fr\\\/#\\\/schema\\\/logo\\\/image\\\/\",\"url\":\"https:\\\/\\\/fontanalsgolfclub.com\\\/wp-content\\\/uploads\\\/2019\\\/05\\\/logo_fontanals_fosc@2x.png\",\"contentUrl\":\"https:\\\/\\\/fontanalsgolfclub.com\\\/wp-content\\\/uploads\\\/2019\\\/05\\\/logo_fontanals_fosc@2x.png\",\"width\":320,\"height\":208,\"caption\":\"Fontanals Golf Club\"},\"image\":{\"@id\":\"https:\\\/\\\/fontanalsgolfclub.com\\\/fr\\\/#\\\/schema\\\/logo\\\/image\\\/\"},\"sameAs\":[\"https:\\\/\\\/www.facebook.com\\\/fontanalsgolfclub\\\/\",\"https:\\\/\\\/x.com\\\/FontanalsGolf\",\"https:\\\/\\\/www.instagram.com\\\/fontanalsgolfclub\\\/\"]}]}<\/script>\n<!-- \/ Yoast SEO plugin. -->","yoast_head_json":{"title":"Avis juridique - Fontanals Golf Club","description":"Avis juridique et politique de confidentialit\u00e9 du site Web de Fontanals Golf Club. Si vous avez des questions, n\u2019h\u00e9sitez pas \u00e0 nous contacter.","robots":{"index":"index","follow":"follow","max-snippet":"max-snippet:-1","max-image-preview":"max-image-preview:large","max-video-preview":"max-video-preview:-1"},"canonical":"https:\/\/fontanalsgolfclub.com\/fr\/avis-juridique\/","og_locale":"fr_FR","og_type":"article","og_title":"Avis juridique - Fontanals Golf Club","og_description":"Avis juridique et politique de confidentialit\u00e9 du site Web de Fontanals Golf Club. Si vous avez des questions, n\u2019h\u00e9sitez pas \u00e0 nous contacter.","og_url":"https:\/\/fontanalsgolfclub.com\/fr\/avis-juridique\/","og_site_name":"Fontanals Golf Club","article_publisher":"https:\/\/www.facebook.com\/fontanalsgolfclub\/","article_modified_time":"2025-05-23T09:19:23+00:00","twitter_card":"summary_large_image","twitter_site":"@FontanalsGolf","twitter_misc":{"Dur\u00e9e de lecture estim\u00e9e":"5 minutes"},"schema":{"@context":"https:\/\/schema.org","@graph":[{"@type":"WebPage","@id":"https:\/\/fontanalsgolfclub.com\/fr\/avis-juridique\/","url":"https:\/\/fontanalsgolfclub.com\/fr\/avis-juridique\/","name":"Avis juridique - Fontanals Golf Club","isPartOf":{"@id":"https:\/\/fontanalsgolfclub.com\/fr\/#website"},"datePublished":"2022-08-08T06:39:40+00:00","dateModified":"2025-05-23T09:19:23+00:00","description":"Avis juridique et politique de confidentialit\u00e9 du site Web de Fontanals Golf Club. Si vous avez des questions, n\u2019h\u00e9sitez pas \u00e0 nous contacter.","breadcrumb":{"@id":"https:\/\/fontanalsgolfclub.com\/fr\/avis-juridique\/#breadcrumb"},"inLanguage":"fr-FR","potentialAction":[{"@type":"ReadAction","target":["https:\/\/fontanalsgolfclub.com\/fr\/avis-juridique\/"]}]},{"@type":"BreadcrumbList","@id":"https:\/\/fontanalsgolfclub.com\/fr\/avis-juridique\/#breadcrumb","itemListElement":[{"@type":"ListItem","position":1,"name":"Portada","item":"https:\/\/fontanalsgolfclub.com\/fr\/"},{"@type":"ListItem","position":2,"name":"Avis juridique"}]},{"@type":"WebSite","@id":"https:\/\/fontanalsgolfclub.com\/fr\/#website","url":"https:\/\/fontanalsgolfclub.com\/fr\/","name":"Fontanals Golf Club","description":"Uno de los mejores campos de golf de Espa\u00f1a","publisher":{"@id":"https:\/\/fontanalsgolfclub.com\/fr\/#organization"},"potentialAction":[{"@type":"SearchAction","target":{"@type":"EntryPoint","urlTemplate":"https:\/\/fontanalsgolfclub.com\/fr\/?s={search_term_string}"},"query-input":{"@type":"PropertyValueSpecification","valueRequired":true,"valueName":"search_term_string"}}],"inLanguage":"fr-FR"},{"@type":"Organization","@id":"https:\/\/fontanalsgolfclub.com\/fr\/#organization","name":"Fontanals Golf Club","url":"https:\/\/fontanalsgolfclub.com\/fr\/","logo":{"@type":"ImageObject","inLanguage":"fr-FR","@id":"https:\/\/fontanalsgolfclub.com\/fr\/#\/schema\/logo\/image\/","url":"https:\/\/fontanalsgolfclub.com\/wp-content\/uploads\/2019\/05\/logo_fontanals_fosc@2x.png","contentUrl":"https:\/\/fontanalsgolfclub.com\/wp-content\/uploads\/2019\/05\/logo_fontanals_fosc@2x.png","width":320,"height":208,"caption":"Fontanals Golf Club"},"image":{"@id":"https:\/\/fontanalsgolfclub.com\/fr\/#\/schema\/logo\/image\/"},"sameAs":["https:\/\/www.facebook.com\/fontanalsgolfclub\/","https:\/\/x.com\/FontanalsGolf","https:\/\/www.instagram.com\/fontanalsgolfclub\/"]}]}},"_links":{"self":[{"href":"https:\/\/fontanalsgolfclub.com\/fr\/wp-json\/wp\/v2\/pages\/7498","targetHints":{"allow":["GET"]}}],"collection":[{"href":"https:\/\/fontanalsgolfclub.com\/fr\/wp-json\/wp\/v2\/pages"}],"about":[{"href":"https:\/\/fontanalsgolfclub.com\/fr\/wp-json\/wp\/v2\/types\/page"}],"author":[{"embeddable":true,"href":"https:\/\/fontanalsgolfclub.com\/fr\/wp-json\/wp\/v2\/users\/1"}],"replies":[{"embeddable":true,"href":"https:\/\/fontanalsgolfclub.com\/fr\/wp-json\/wp\/v2\/comments?post=7498"}],"version-history":[{"count":6,"href":"https:\/\/fontanalsgolfclub.com\/fr\/wp-json\/wp\/v2\/pages\/7498\/revisions"}],"predecessor-version":[{"id":9439,"href":"https:\/\/fontanalsgolfclub.com\/fr\/wp-json\/wp\/v2\/pages\/7498\/revisions\/9439"}],"wp:attachment":[{"href":"https:\/\/fontanalsgolfclub.com\/fr\/wp-json\/wp\/v2\/media?parent=7498"}],"curies":[{"name":"wp","href":"https:\/\/api.w.org\/{rel}","templated":true}]}}