{"id":7522,"date":"2022-08-08T09:22:10","date_gmt":"2022-08-08T07:22:10","guid":{"rendered":"https:\/\/fontanalsgolfclub.com\/politique-de-confidentialite\/"},"modified":"2025-11-28T10:28:54","modified_gmt":"2025-11-28T09:28:54","slug":"politique-de-confidentialite","status":"publish","type":"page","link":"https:\/\/fontanalsgolfclub.com\/fr\/politique-de-confidentialite\/","title":{"rendered":"Politique de confidentialit\u00e9"},"content":{"rendered":"[vc_row type=\u00a0\u00bbfull_width_background\u00a0\u00bb full_screen_row_position=\u00a0\u00bbmiddle\u00a0\u00bb column_margin=\u00a0\u00bbdefault\u00a0\u00bb column_direction=\u00a0\u00bbdefault\u00a0\u00bb column_direction_tablet=\u00a0\u00bbdefault\u00a0\u00bb column_direction_phone=\u00a0\u00bbdefault\u00a0\u00bb scene_position=\u00a0\u00bbcenter\u00a0\u00bb top_padding=\u00a0\u00bb50&Prime; bottom_padding=\u00a0\u00bb100&Prime; text_color=\u00a0\u00bbdark\u00a0\u00bb text_align=\u00a0\u00bbleft\u00a0\u00bb row_border_radius=\u00a0\u00bbnone\u00a0\u00bb row_border_radius_applies=\u00a0\u00bbbg\u00a0\u00bb overlay_strength=\u00a0\u00bb0.3&Prime; gradient_direction=\u00a0\u00bbleft_to_right\u00a0\u00bb shape_divider_position=\u00a0\u00bbbottom\u00a0\u00bb bg_image_animation=\u00a0\u00bbnone\u00a0\u00bb shape_type=\u00a0\u00bb\u00a0\u00bb][vc_column column_padding=\u00a0\u00bbno-extra-padding\u00a0\u00bb column_padding_tablet=\u00a0\u00bbinherit\u00a0\u00bb column_padding_phone=\u00a0\u00bbinherit\u00a0\u00bb column_padding_position=\u00a0\u00bball\u00a0\u00bb background_color_opacity=\u00a0\u00bb1&Prime; background_hover_color_opacity=\u00a0\u00bb1&Prime; column_shadow=\u00a0\u00bbnone\u00a0\u00bb column_border_radius=\u00a0\u00bbnone\u00a0\u00bb column_link_target=\u00a0\u00bb_self\u00a0\u00bb gradient_direction=\u00a0\u00bbleft_to_right\u00a0\u00bb overlay_strength=\u00a0\u00bb0.3&Prime; width=\u00a0\u00bb1\/6&Prime; tablet_width_inherit=\u00a0\u00bbdefault\u00a0\u00bb tablet_text_alignment=\u00a0\u00bbdefault\u00a0\u00bb phone_text_alignment=\u00a0\u00bbdefault\u00a0\u00bb column_border_width=\u00a0\u00bbnone\u00a0\u00bb column_border_style=\u00a0\u00bbsolid\u00a0\u00bb bg_image_animation=\u00a0\u00bbnone\u00a0\u00bb][\/vc_column][vc_column column_padding=\u00a0\u00bbno-extra-padding\u00a0\u00bb column_padding_tablet=\u00a0\u00bbinherit\u00a0\u00bb column_padding_phone=\u00a0\u00bbinherit\u00a0\u00bb column_padding_position=\u00a0\u00bball\u00a0\u00bb background_color_opacity=\u00a0\u00bb1&Prime; background_hover_color_opacity=\u00a0\u00bb1&Prime; column_shadow=\u00a0\u00bbnone\u00a0\u00bb column_border_radius=\u00a0\u00bbnone\u00a0\u00bb column_link_target=\u00a0\u00bb_self\u00a0\u00bb gradient_direction=\u00a0\u00bbleft_to_right\u00a0\u00bb overlay_strength=\u00a0\u00bb0.3&Prime; width=\u00a0\u00bb2\/3&Prime; tablet_width_inherit=\u00a0\u00bbdefault\u00a0\u00bb tablet_text_alignment=\u00a0\u00bbdefault\u00a0\u00bb phone_text_alignment=\u00a0\u00bbdefault\u00a0\u00bb column_border_width=\u00a0\u00bbnone\u00a0\u00bb column_border_style=\u00a0\u00bbsolid\u00a0\u00bb bg_image_animation=\u00a0\u00bbnone\u00a0\u00bb][vc_column_text]\n<h1 style=\"color: #b28d56;\">Politique de confidentialit\u00e9<\/h1>\n[\/vc_column_text][vc_column_text]Donn\u00e9es du propri\u00e9taire du site Web :<\/p>\n<p>RAISON SOCIALE : FONTANALS ESPORTIVA SA<br \/>\nNIF: A59985234<br \/>\nADRESSE POSTALE : MALLORCA, 228 2\u00ba1\u00aa 08008, BARCELONA<br \/>\nCOURRIEL : hola@fontanalsgolfclub.com<br \/>\nT\u00c9L\u00c9PHONES : 972144374<br \/>\nREGISTRE DU COMMERCE : tome 21806, folio 0033, feuille 27330 et inscription<br \/>\nOBJET PRINCIPAL : Club sportif de golf<\/p>\n<p><em>PROTECTION DES DONN\u00c9ES<\/em><br \/>\nConform\u00e9ment \u00e0 la l\u00e9gislation en vigueur et applicable en mati\u00e8re de protection des donn\u00e9es \u00e0 caract\u00e8re personnel, nous vous informons que vos donn\u00e9es seront incorpor\u00e9es au syst\u00e8me de traitement appartenant \u00e0 FONTANALS ESPORTIVA SA pourvue du Num\u00e9ro d\u2019Identification Fiscal (NIF) A59985234, dont le si\u00e8ge social se situe \u00e0 MALLORCA, 228 2\u00ba1\u00aa 08008, BARCELONE, et que les finalit\u00e9s, les d\u00e9lais de conservation et les bases l\u00e9gitimes respectives sont \u00e9num\u00e9r\u00e9es ci-dessous. Pour les traitements qui le requi\u00e8rent, nous vous informons \u00e9galement de la possible \u00e9laboration de profils et de d\u00e9cisions automatis\u00e9es, ainsi que des \u00e9ventuelles cessions et transferts internationaux que FONTANALS ESPORTIVA SA envisage d\u2019effectuer :<\/p>\n<div class=\"\u00bbpage\" title=\"\u00bbPage\">\n<div class=\"\u00bblayoutArea\">\n<div class=\"\u00bbcolumn\"><em>TRAITEMENTS R\u00c9ALIS\u00c9S<br \/>\n<\/em><strong>Gestion du site Web<br \/>\n<\/strong>Objectif : Traitement et gestion des donn\u00e9es n\u00e9cessaires \u00e0 la fonctionnalit\u00e9 du site Web<br \/>\nD\u00e9lais de conservation : Pour la dur\u00e9e du consentement donn\u00e9<br \/>\nBase l\u00e9gitime : Le consentement de la personne concern\u00e9e<br \/>\nType de donn\u00e9es : Donn\u00e9es purement identifiantes<br \/>\nCessions : Non pr\u00e9vus<br \/>\nTransferts internationaux : Non pr\u00e9vus<br \/>\nProfilage : Non pr\u00e9vu<\/div>\n<\/div>\n<\/div>\n<div><\/div>\n<div class=\"\u00bbpage\" title=\"\u00bbPage\">\n<div class=\"\u00bblayoutArea\">\n<div class=\"\u00bbcolumn\"><strong>Formulaire Web<br \/>\n<\/strong>Objectif : Traiter vos questions et\/ou demandes<br \/>\nD\u00e9lais de conservation : Pour la dur\u00e9e du consentement donn\u00e9.<br \/>\nBase l\u00e9gitime : Le consentement de la personne concern\u00e9e<br \/>\nType de donn\u00e9es : Donn\u00e9es purement identifiantes<br \/>\nCessions : Aucune<br \/>\nTransferts internationaux : Non pr\u00e9vus<br \/>\nProfilage : Non pr\u00e9vu<\/div>\n<\/div>\n<\/div>\n<div><\/div>\n<div class=\"\u00bbpage\" title=\"\u00bbPage\">\n<div class=\"\u00bblayoutArea\">\n<div class=\"\u00bbcolumn\"><strong>Gestion du respect de la norme<br \/>\n<\/strong>Objectif : Gestion et traitement des obligations et devoirs d\u00e9coulant du respect de la r\u00e9glementation \u00e0 laquelle l\u2019entit\u00e9 est soumise<br \/>\nD\u00e9lais de conservation : Conservation des copies des documents jusqu\u2019\u00e0 l\u2019expiration du d\u00e9lai de prescription pour faire valoir une \u00e9ventuelle responsabilit\u00e9<br \/>\nBase l\u00e9gitime : Respect d\u2019une loi<br \/>\nType de donn\u00e9es : Donn\u00e9es purement identifiantes<br \/>\nTransferts : vos donn\u00e9es seront communiqu\u00e9es, si n\u00e9cessaire, aux organismes et\/ou administrations publiques comp\u00e9tents en la mati\u00e8re afin de respecter les obligations \u00e9tablies dans la r\u00e9glementation applicable. En outre, nous vous informons que le fondement l\u00e9gitime du transfert est le respect des obligations \u00e9tablies dans la r\u00e9glementation applicable<br \/>\nTransferts internationaux : Non pr\u00e9vus<br \/>\nProfilage : Non pr\u00e9vu<\/div>\n<\/div>\n<\/div>\n<div><\/div>\n<div class=\"\u00bbpage\" title=\"\u00bbPage\">\n<div class=\"\u00bblayoutArea\">\n<div class=\"\u00bbcolumn\"><strong>Actions commerciales<\/strong><br \/>\nObjectif : Collecte, enregistrement et traitement des donn\u00e9es \u00e0 des fins de publicit\u00e9 et de prospection commerciale de nos produits et\/ou services<br \/>\nD\u00e9lais de conservation : Pour la dur\u00e9e du consentement donn\u00e9<br \/>\nBase l\u00e9gitime : Le consentement de la personne concern\u00e9e.<br \/>\nType de donn\u00e9es : Donn\u00e9es purement identifiantes<br \/>\nCessions : Aucune<br \/>\nTransferts internationaux : Non pr\u00e9vu<br \/>\nProfilage : Non pr\u00e9vu<\/div>\n<\/div>\n<\/div>\n<p>&nbsp;<\/p>\n<p><em>DROITS DES INT\u00c9RESS\u00c9S <\/em><\/p>\n<p>FONTANALS ESPORTIVA SA informe les Utilisateurs qu\u2019ils peuvent exercer leurs droits d\u2019acc\u00e8s, de rectification, de limitation, de suppression, de portabilit\u00e9 et d\u2019opposition au traitement de leurs donn\u00e9es personnelles aupr\u00e8s du Responsable du traitement, ainsi que le retrait du consentement donn\u00e9.<\/p>\n<div class=\"\u00bbpage\" title=\"\u00bbPage\">\n<div class=\"\u00bblayoutArea\">\n<div class=\"\u00bbcolumn\">\n<div class=\"\u00bbpage\" title=\"\u00bbPage\">\n<div class=\"\u00bblayoutArea\">\n<div class=\"\u00bbcolumn\">\n<div class=\"\u00bbpage\" title=\"\u00bbPage\">\n<div class=\"\u00bblayoutArea\">\n<div class=\"\u00bbcolumn\">\n<ul>\n<li>Droit d\u2019acc\u00e8s : il s\u2019agit du droit de l\u2019utilisateur d\u2019obtenir des informations sur ses donn\u00e9es personnelles sp\u00e9cifiques et sur le traitement qui a \u00e9t\u00e9 ou est effectu\u00e9, ainsi que les informations disponibles sur l\u2019origine de ces donn\u00e9es et les communications effectu\u00e9es ou pr\u00e9vues pour ces donn\u00e9es.<\/li>\n<li>Droit de rectification : il s\u2019agit du droit de la partie concern\u00e9e de faire modifier des donn\u00e9es inexactes ou incompl\u00e8tes. Ceci ne peut \u00eatre satisfait que par rapport aux informations qui sont sous le contr\u00f4le de FONTANALS ESPORTIVA SA, par exemple, la suppression des commentaires publi\u00e9s sur la page elle-m\u00eame, des images ou des contenus Web contenant les donn\u00e9es personnelles de l\u2019utilisateur.<\/li>\n<li>Droit \u00e0 la limitation du traitement : il s\u2019agit du droit de faire limiter les objectifs du traitement initialement pr\u00e9vus par le responsable du traitement.<\/li>\n<li>Droit de suppression : il s\u2019agit du droit de supprimer les donn\u00e9es personnelles de l\u2019utilisateur, \u00e0 l\u2019exception des dispositions du RGPD lui-m\u00eame ou d\u2019autres r\u00e9glementations applicables qui d\u00e9terminent le caract\u00e8re obligatoire de la conservation de celles-ci, en bonne et due forme.<\/li>\n<li>Droit \u00e0 la portabilit\u00e9 : le droit de recevoir les donn\u00e9es personnelles fournies par l\u2019utilisateur dans un format structur\u00e9, couramment utilis\u00e9 et lisible par machine et de les transmettre \u00e0 un autre responsable du traitement des donn\u00e9es.<\/li>\n<li>Droit d\u2019opposition : il s\u2019agit du droit de l\u2019utilisateur de ne pas faire traiter ses donn\u00e9es personnelles ou de faire cesser le traitement de ces donn\u00e9es par FONTANALS ESPORTIVA SA.<\/li>\n<\/ul>\n<\/div>\n<\/div>\n<\/div>\n<div class=\"\u00bbpage\" title=\"\u00bbPage\">\n<div class=\"\u00bblayoutArea\">\n<div class=\"\u00bbcolumn\">\n<div class=\"\u00bbpage\" title=\"\u00bbPage\">\n<div class=\"\u00bblayoutArea\">\n<div class=\"\u00bbcolumn\">\n<p>Afin d\u2019exercer l\u2019un des droits d\u00e9crits ci-dessus, vous devez vous conformer aux exigences suivantes :<\/p>\n<div class=\"\u00bbpage\" title=\"\u00bbPage\">\n<div class=\"\u00bblayoutArea\">\n<div class=\"\u00bbcolumn\">\n<ul>\n<li>En envoyant une lettre \u00e0 l\u2019adresse MALLORCA, 228 2\u00ba1\u00aa 08008, BARCELONE (\u00e0 l\u2019attention de FONTANALS ESPORTIVA SA) ou par courrier \u00e9lectronique \u00e0 hola@fontanalsgolfclub.com.<\/li>\n<li>La lettre envoy\u00e9e par la personne concern\u00e9e demandant l\u2019exercice doit r\u00e9pondre aux exigences l\u00e9gales suivantes :<\/li>\n<\/ul>\n<ol>\n<li>Nom, pr\u00e9nom(s) de l\u2019int\u00e9ress\u00e9 et copie du DNI\/NIE ou de tout autre document d\u2019identification. Dans les cas exceptionnels o\u00f9 la repr\u00e9sentation est admise, il sera \u00e9galement n\u00e9cessaire d\u2019identifier la personne repr\u00e9sentant l\u2019int\u00e9ress\u00e9 par les m\u00eames moyens, ainsi que le document accr\u00e9ditant la repr\u00e9sentation. La photocopie du DNI peut \u00eatre substitu\u00e9e \u00e0 condition que l\u2019identit\u00e9 soit accr\u00e9dit\u00e9e par tout autre moyen l\u00e9galement valable.<\/li>\n<li>Demande dans laquelle la demande est faite (l\u2019ann\u00e9e durant laquelle les informations auxquelles vous souhaitez avoir acc\u00e8s sont demand\u00e9es). Si vous ne vous r\u00e9f\u00e9rez pas \u00e0 un dossier sp\u00e9cifique, vous obtiendrez toutes les informations dont nous disposons sur vos donn\u00e9es personnelles. Si vous demandez des informations sur un dossier sp\u00e9cifique, seules les informations relatives \u00e0 ce dossier seront prises en compte. Si vous demandez des informations relatives \u00e0 un tiers, elles ne seront jamais fournies. Si vous en faites la demande par t\u00e9l\u00e9phone, il vous sera demand\u00e9 de le faire par \u00e9crit et vous serez inform\u00e9 de la mani\u00e8re de le faire et de l\u2019adresse \u00e0 laquelle vous devez l\u2019envoyer. Aucun information ne sera donn\u00e9e par t\u00e9l\u00e9phone.<\/li>\n<li>Domicile choisi pour les notifications.<\/li>\n<li>Date et signature du demandeur.<\/li>\n<li>Documents \u00e0 l\u2019appui de la demande que vous formulez.<\/li>\n<li>L\u2019int\u00e9ress\u00e9 doit utiliser tout moyen de preuve de l\u2019envoi et de la r\u00e9ception de la demande.<\/li>\n<\/ol>\n<\/div>\n<\/div>\n<p>Enfin, nous vous informons que vous avez le droit de d\u00e9poser une plainte aupr\u00e8s de l\u2019Agence espagnole de protection des donn\u00e9es dans le cas o\u00f9 vous avez connaissance ou consid\u00e9rez qu\u2019un \u00e9v\u00e9nement peut impliquer une violation de la r\u00e9glementation applicable en mati\u00e8re de protection des donn\u00e9es. FONTANALS ESPORTIVA SA s\u2019engage \u00e0 adopter les mesures techniques et organisationnelles n\u00e9cessaires, en fonction du niveau de risque li\u00e9 au traitement qu\u2019elle effectue et indiqu\u00e9 dans la section sur les conditions d\u2019utilisation, de mani\u00e8re \u00e0 garantir leur int\u00e9grit\u00e9, leur confidentialit\u00e9 et leur disponibilit\u00e9.<\/p>\n<p><strong>DERNI\u00c8RE MISE \u00c0 JOUR : 19 mai 2021<\/strong><\/p>\n<\/div>\n<\/div>\n<\/div>\n<\/div>\n<\/div>\n<\/div>\n<\/div>\n<\/div>\n<\/div>\n<\/div>\n<\/div>\n<\/div>\n<\/div>\n[\/vc_column_text][\/vc_column][vc_column column_padding=\u00a0\u00bbno-extra-padding\u00a0\u00bb column_padding_tablet=\u00a0\u00bbinherit\u00a0\u00bb column_padding_phone=\u00a0\u00bbinherit\u00a0\u00bb column_padding_position=\u00a0\u00bball\u00a0\u00bb background_color_opacity=\u00a0\u00bb1&Prime; background_hover_color_opacity=\u00a0\u00bb1&Prime; column_shadow=\u00a0\u00bbnone\u00a0\u00bb column_border_radius=\u00a0\u00bbnone\u00a0\u00bb column_link_target=\u00a0\u00bb_self\u00a0\u00bb gradient_direction=\u00a0\u00bbleft_to_right\u00a0\u00bb overlay_strength=\u00a0\u00bb0.3&Prime; width=\u00a0\u00bb1\/6&Prime; tablet_width_inherit=\u00a0\u00bbdefault\u00a0\u00bb tablet_text_alignment=\u00a0\u00bbdefault\u00a0\u00bb phone_text_alignment=\u00a0\u00bbdefault\u00a0\u00bb column_border_width=\u00a0\u00bbnone\u00a0\u00bb column_border_style=\u00a0\u00bbsolid\u00a0\u00bb bg_image_animation=\u00a0\u00bbnone\u00a0\u00bb][\/vc_column][\/vc_row]\n","protected":false},"excerpt":{"rendered":"<p>[vc_row type=\u00a0\u00bbfull_width_background\u00a0\u00bb full_screen_row_position=\u00a0\u00bbmiddle\u00a0\u00bb column_margin=\u00a0\u00bbdefault\u00a0\u00bb column_direction=\u00a0\u00bbdefault\u00a0\u00bb column_direction_tablet=\u00a0\u00bbdefault\u00a0\u00bb column_direction_phone=\u00a0\u00bbdefault\u00a0\u00bb scene_position=\u00a0\u00bbcenter\u00a0\u00bb top_padding=\u00a0\u00bb50&Prime; bottom_padding=\u00a0\u00bb100&Prime; text_color=\u00a0\u00bbdark\u00a0\u00bb text_align=\u00a0\u00bbleft\u00a0\u00bb row_border_radius=\u00a0\u00bbnone\u00a0\u00bb row_border_radius_applies=\u00a0\u00bbbg\u00a0\u00bb overlay_strength=\u00a0\u00bb0.3&Prime; gradient_direction=\u00a0\u00bbleft_to_right\u00a0\u00bb shape_divider_position=\u00a0\u00bbbottom\u00a0\u00bb bg_image_animation=\u00a0\u00bbnone\u00a0\u00bb shape_type=\u00a0\u00bb\u00a0\u00bb][vc_column column_padding=\u00a0\u00bbno-extra-padding\u00a0\u00bb column_padding_tablet=\u00a0\u00bbinherit\u00a0\u00bb column_padding_phone=\u00a0\u00bbinherit\u00a0\u00bb column_padding_position=\u00a0\u00bball\u00a0\u00bb background_color_opacity=\u00a0\u00bb1&Prime; background_hover_color_opacity=\u00a0\u00bb1&Prime; column_shadow=\u00a0\u00bbnone\u00a0\u00bb column_border_radius=\u00a0\u00bbnone\u00a0\u00bb column_link_target=\u00a0\u00bb_self\u00a0\u00bb gradient_direction=\u00a0\u00bbleft_to_right\u00a0\u00bb overlay_strength=\u00a0\u00bb0.3&Prime;&#8230;<\/p>\n","protected":false},"author":1,"featured_media":0,"parent":0,"menu_order":0,"comment_status":"closed","ping_status":"closed","template":"","meta":{"footnotes":""},"class_list":["post-7522","page","type-page","status-publish"],"yoast_head":"<!-- This site is optimized with the Yoast SEO plugin v27.5 - https:\/\/yoast.com\/product\/yoast-seo-wordpress\/ -->\n<title>Politique de confidentialit\u00e9 - Fontanals Golf Club<\/title>\n<meta name=\"robots\" content=\"index, follow, max-snippet:-1, max-image-preview:large, max-video-preview:-1\" \/>\n<link rel=\"canonical\" href=\"https:\/\/fontanalsgolfclub.com\/fr\/politique-de-confidentialite\/\" \/>\n<meta property=\"og:locale\" content=\"fr_FR\" \/>\n<meta property=\"og:type\" content=\"article\" \/>\n<meta property=\"og:title\" content=\"Politique de confidentialit\u00e9 - Fontanals Golf Club\" \/>\n<meta property=\"og:description\" content=\"[vc_row type=\u00a0\u00bbfull_width_background\u00a0\u00bb full_screen_row_position=\u00a0\u00bbmiddle\u00a0\u00bb column_margin=\u00a0\u00bbdefault\u00a0\u00bb column_direction=\u00a0\u00bbdefault\u00a0\u00bb column_direction_tablet=\u00a0\u00bbdefault\u00a0\u00bb column_direction_phone=\u00a0\u00bbdefault\u00a0\u00bb scene_position=\u00a0\u00bbcenter\u00a0\u00bb top_padding=\u00a0\u00bb50&Prime; bottom_padding=\u00a0\u00bb100&Prime; text_color=\u00a0\u00bbdark\u00a0\u00bb text_align=\u00a0\u00bbleft\u00a0\u00bb row_border_radius=\u00a0\u00bbnone\u00a0\u00bb row_border_radius_applies=\u00a0\u00bbbg\u00a0\u00bb overlay_strength=\u00a0\u00bb0.3&Prime; gradient_direction=\u00a0\u00bbleft_to_right\u00a0\u00bb shape_divider_position=\u00a0\u00bbbottom\u00a0\u00bb bg_image_animation=\u00a0\u00bbnone\u00a0\u00bb shape_type=\u00a0\u00bb\u00a0\u00bb][vc_column column_padding=\u00a0\u00bbno-extra-padding\u00a0\u00bb column_padding_tablet=\u00a0\u00bbinherit\u00a0\u00bb column_padding_phone=\u00a0\u00bbinherit\u00a0\u00bb column_padding_position=\u00a0\u00bball\u00a0\u00bb background_color_opacity=\u00a0\u00bb1&Prime; background_hover_color_opacity=\u00a0\u00bb1&Prime; column_shadow=\u00a0\u00bbnone\u00a0\u00bb column_border_radius=\u00a0\u00bbnone\u00a0\u00bb column_link_target=\u00a0\u00bb_self\u00a0\u00bb gradient_direction=\u00a0\u00bbleft_to_right\u00a0\u00bb overlay_strength=\u00a0\u00bb0.3&Prime;...\" \/>\n<meta property=\"og:url\" content=\"https:\/\/fontanalsgolfclub.com\/fr\/politique-de-confidentialite\/\" \/>\n<meta property=\"og:site_name\" content=\"Fontanals Golf Club\" \/>\n<meta property=\"article:publisher\" content=\"https:\/\/www.facebook.com\/fontanalsgolfclub\/\" \/>\n<meta property=\"article:modified_time\" content=\"2025-11-28T09:28:54+00:00\" \/>\n<meta name=\"twitter:card\" content=\"summary_large_image\" \/>\n<meta name=\"twitter:site\" content=\"@FontanalsGolf\" \/>\n<meta name=\"twitter:label1\" content=\"Dur\u00e9e de lecture estim\u00e9e\" \/>\n\t<meta name=\"twitter:data1\" content=\"6 minutes\" \/>\n<script type=\"application\/ld+json\" class=\"yoast-schema-graph\">{\"@context\":\"https:\\\/\\\/schema.org\",\"@graph\":[{\"@type\":\"WebPage\",\"@id\":\"https:\\\/\\\/fontanalsgolfclub.com\\\/fr\\\/politique-de-confidentialite\\\/\",\"url\":\"https:\\\/\\\/fontanalsgolfclub.com\\\/fr\\\/politique-de-confidentialite\\\/\",\"name\":\"Politique de confidentialit\u00e9 - Fontanals Golf Club\",\"isPartOf\":{\"@id\":\"https:\\\/\\\/fontanalsgolfclub.com\\\/fr\\\/#website\"},\"datePublished\":\"2022-08-08T07:22:10+00:00\",\"dateModified\":\"2025-11-28T09:28:54+00:00\",\"breadcrumb\":{\"@id\":\"https:\\\/\\\/fontanalsgolfclub.com\\\/fr\\\/politique-de-confidentialite\\\/#breadcrumb\"},\"inLanguage\":\"fr-FR\",\"potentialAction\":[{\"@type\":\"ReadAction\",\"target\":[\"https:\\\/\\\/fontanalsgolfclub.com\\\/fr\\\/politique-de-confidentialite\\\/\"]}]},{\"@type\":\"BreadcrumbList\",\"@id\":\"https:\\\/\\\/fontanalsgolfclub.com\\\/fr\\\/politique-de-confidentialite\\\/#breadcrumb\",\"itemListElement\":[{\"@type\":\"ListItem\",\"position\":1,\"name\":\"Portada\",\"item\":\"https:\\\/\\\/fontanalsgolfclub.com\\\/fr\\\/\"},{\"@type\":\"ListItem\",\"position\":2,\"name\":\"Politique de confidentialit\u00e9\"}]},{\"@type\":\"WebSite\",\"@id\":\"https:\\\/\\\/fontanalsgolfclub.com\\\/fr\\\/#website\",\"url\":\"https:\\\/\\\/fontanalsgolfclub.com\\\/fr\\\/\",\"name\":\"Fontanals Golf Club\",\"description\":\"Uno de los mejores campos de golf de Espa\u00f1a\",\"publisher\":{\"@id\":\"https:\\\/\\\/fontanalsgolfclub.com\\\/fr\\\/#organization\"},\"potentialAction\":[{\"@type\":\"SearchAction\",\"target\":{\"@type\":\"EntryPoint\",\"urlTemplate\":\"https:\\\/\\\/fontanalsgolfclub.com\\\/fr\\\/?s={search_term_string}\"},\"query-input\":{\"@type\":\"PropertyValueSpecification\",\"valueRequired\":true,\"valueName\":\"search_term_string\"}}],\"inLanguage\":\"fr-FR\"},{\"@type\":\"Organization\",\"@id\":\"https:\\\/\\\/fontanalsgolfclub.com\\\/fr\\\/#organization\",\"name\":\"Fontanals Golf Club\",\"url\":\"https:\\\/\\\/fontanalsgolfclub.com\\\/fr\\\/\",\"logo\":{\"@type\":\"ImageObject\",\"inLanguage\":\"fr-FR\",\"@id\":\"https:\\\/\\\/fontanalsgolfclub.com\\\/fr\\\/#\\\/schema\\\/logo\\\/image\\\/\",\"url\":\"https:\\\/\\\/fontanalsgolfclub.com\\\/wp-content\\\/uploads\\\/2019\\\/05\\\/logo_fontanals_fosc@2x.png\",\"contentUrl\":\"https:\\\/\\\/fontanalsgolfclub.com\\\/wp-content\\\/uploads\\\/2019\\\/05\\\/logo_fontanals_fosc@2x.png\",\"width\":320,\"height\":208,\"caption\":\"Fontanals Golf Club\"},\"image\":{\"@id\":\"https:\\\/\\\/fontanalsgolfclub.com\\\/fr\\\/#\\\/schema\\\/logo\\\/image\\\/\"},\"sameAs\":[\"https:\\\/\\\/www.facebook.com\\\/fontanalsgolfclub\\\/\",\"https:\\\/\\\/x.com\\\/FontanalsGolf\",\"https:\\\/\\\/www.instagram.com\\\/fontanalsgolfclub\\\/\"]}]}<\/script>\n<!-- \/ Yoast SEO plugin. -->","yoast_head_json":{"title":"Politique de confidentialit\u00e9 - Fontanals Golf Club","robots":{"index":"index","follow":"follow","max-snippet":"max-snippet:-1","max-image-preview":"max-image-preview:large","max-video-preview":"max-video-preview:-1"},"canonical":"https:\/\/fontanalsgolfclub.com\/fr\/politique-de-confidentialite\/","og_locale":"fr_FR","og_type":"article","og_title":"Politique de confidentialit\u00e9 - Fontanals Golf Club","og_description":"[vc_row type=\u00a0\u00bbfull_width_background\u00a0\u00bb full_screen_row_position=\u00a0\u00bbmiddle\u00a0\u00bb column_margin=\u00a0\u00bbdefault\u00a0\u00bb column_direction=\u00a0\u00bbdefault\u00a0\u00bb column_direction_tablet=\u00a0\u00bbdefault\u00a0\u00bb column_direction_phone=\u00a0\u00bbdefault\u00a0\u00bb scene_position=\u00a0\u00bbcenter\u00a0\u00bb top_padding=\u00a0\u00bb50&Prime; bottom_padding=\u00a0\u00bb100&Prime; text_color=\u00a0\u00bbdark\u00a0\u00bb text_align=\u00a0\u00bbleft\u00a0\u00bb row_border_radius=\u00a0\u00bbnone\u00a0\u00bb row_border_radius_applies=\u00a0\u00bbbg\u00a0\u00bb overlay_strength=\u00a0\u00bb0.3&Prime; gradient_direction=\u00a0\u00bbleft_to_right\u00a0\u00bb shape_divider_position=\u00a0\u00bbbottom\u00a0\u00bb bg_image_animation=\u00a0\u00bbnone\u00a0\u00bb shape_type=\u00a0\u00bb\u00a0\u00bb][vc_column column_padding=\u00a0\u00bbno-extra-padding\u00a0\u00bb column_padding_tablet=\u00a0\u00bbinherit\u00a0\u00bb column_padding_phone=\u00a0\u00bbinherit\u00a0\u00bb column_padding_position=\u00a0\u00bball\u00a0\u00bb background_color_opacity=\u00a0\u00bb1&Prime; background_hover_color_opacity=\u00a0\u00bb1&Prime; column_shadow=\u00a0\u00bbnone\u00a0\u00bb column_border_radius=\u00a0\u00bbnone\u00a0\u00bb column_link_target=\u00a0\u00bb_self\u00a0\u00bb gradient_direction=\u00a0\u00bbleft_to_right\u00a0\u00bb overlay_strength=\u00a0\u00bb0.3&Prime;...","og_url":"https:\/\/fontanalsgolfclub.com\/fr\/politique-de-confidentialite\/","og_site_name":"Fontanals Golf Club","article_publisher":"https:\/\/www.facebook.com\/fontanalsgolfclub\/","article_modified_time":"2025-11-28T09:28:54+00:00","twitter_card":"summary_large_image","twitter_site":"@FontanalsGolf","twitter_misc":{"Dur\u00e9e de lecture estim\u00e9e":"6 minutes"},"schema":{"@context":"https:\/\/schema.org","@graph":[{"@type":"WebPage","@id":"https:\/\/fontanalsgolfclub.com\/fr\/politique-de-confidentialite\/","url":"https:\/\/fontanalsgolfclub.com\/fr\/politique-de-confidentialite\/","name":"Politique de confidentialit\u00e9 - Fontanals Golf Club","isPartOf":{"@id":"https:\/\/fontanalsgolfclub.com\/fr\/#website"},"datePublished":"2022-08-08T07:22:10+00:00","dateModified":"2025-11-28T09:28:54+00:00","breadcrumb":{"@id":"https:\/\/fontanalsgolfclub.com\/fr\/politique-de-confidentialite\/#breadcrumb"},"inLanguage":"fr-FR","potentialAction":[{"@type":"ReadAction","target":["https:\/\/fontanalsgolfclub.com\/fr\/politique-de-confidentialite\/"]}]},{"@type":"BreadcrumbList","@id":"https:\/\/fontanalsgolfclub.com\/fr\/politique-de-confidentialite\/#breadcrumb","itemListElement":[{"@type":"ListItem","position":1,"name":"Portada","item":"https:\/\/fontanalsgolfclub.com\/fr\/"},{"@type":"ListItem","position":2,"name":"Politique de confidentialit\u00e9"}]},{"@type":"WebSite","@id":"https:\/\/fontanalsgolfclub.com\/fr\/#website","url":"https:\/\/fontanalsgolfclub.com\/fr\/","name":"Fontanals Golf Club","description":"Uno de los mejores campos de golf de Espa\u00f1a","publisher":{"@id":"https:\/\/fontanalsgolfclub.com\/fr\/#organization"},"potentialAction":[{"@type":"SearchAction","target":{"@type":"EntryPoint","urlTemplate":"https:\/\/fontanalsgolfclub.com\/fr\/?s={search_term_string}"},"query-input":{"@type":"PropertyValueSpecification","valueRequired":true,"valueName":"search_term_string"}}],"inLanguage":"fr-FR"},{"@type":"Organization","@id":"https:\/\/fontanalsgolfclub.com\/fr\/#organization","name":"Fontanals Golf Club","url":"https:\/\/fontanalsgolfclub.com\/fr\/","logo":{"@type":"ImageObject","inLanguage":"fr-FR","@id":"https:\/\/fontanalsgolfclub.com\/fr\/#\/schema\/logo\/image\/","url":"https:\/\/fontanalsgolfclub.com\/wp-content\/uploads\/2019\/05\/logo_fontanals_fosc@2x.png","contentUrl":"https:\/\/fontanalsgolfclub.com\/wp-content\/uploads\/2019\/05\/logo_fontanals_fosc@2x.png","width":320,"height":208,"caption":"Fontanals Golf Club"},"image":{"@id":"https:\/\/fontanalsgolfclub.com\/fr\/#\/schema\/logo\/image\/"},"sameAs":["https:\/\/www.facebook.com\/fontanalsgolfclub\/","https:\/\/x.com\/FontanalsGolf","https:\/\/www.instagram.com\/fontanalsgolfclub\/"]}]}},"_links":{"self":[{"href":"https:\/\/fontanalsgolfclub.com\/fr\/wp-json\/wp\/v2\/pages\/7522","targetHints":{"allow":["GET"]}}],"collection":[{"href":"https:\/\/fontanalsgolfclub.com\/fr\/wp-json\/wp\/v2\/pages"}],"about":[{"href":"https:\/\/fontanalsgolfclub.com\/fr\/wp-json\/wp\/v2\/types\/page"}],"author":[{"embeddable":true,"href":"https:\/\/fontanalsgolfclub.com\/fr\/wp-json\/wp\/v2\/users\/1"}],"replies":[{"embeddable":true,"href":"https:\/\/fontanalsgolfclub.com\/fr\/wp-json\/wp\/v2\/comments?post=7522"}],"version-history":[{"count":42,"href":"https:\/\/fontanalsgolfclub.com\/fr\/wp-json\/wp\/v2\/pages\/7522\/revisions"}],"predecessor-version":[{"id":9572,"href":"https:\/\/fontanalsgolfclub.com\/fr\/wp-json\/wp\/v2\/pages\/7522\/revisions\/9572"}],"wp:attachment":[{"href":"https:\/\/fontanalsgolfclub.com\/fr\/wp-json\/wp\/v2\/media?parent=7522"}],"curies":[{"name":"wp","href":"https:\/\/api.w.org\/{rel}","templated":true}]}}