{"id":7528,"date":"2022-08-08T09:26:35","date_gmt":"2022-08-08T07:26:35","guid":{"rendered":"https:\/\/fontanalsgolfclub.com\/politique-de-confidentialite-reseaux-sociaux\/"},"modified":"2022-08-08T09:29:52","modified_gmt":"2022-08-08T07:29:52","slug":"politique-de-confidentialite-reseaux-sociaux","status":"publish","type":"page","link":"https:\/\/fontanalsgolfclub.com\/fr\/politique-de-confidentialite-reseaux-sociaux\/","title":{"rendered":"Politique de confidentialit\u00e9 R\u00e9seaux Sociaux"},"content":{"rendered":"[vc_row type=\u00a0\u00bbfull_width_background\u00a0\u00bb full_screen_row_position=\u00a0\u00bbmiddle\u00a0\u00bb column_margin=\u00a0\u00bbdefault\u00a0\u00bb column_direction=\u00a0\u00bbdefault\u00a0\u00bb column_direction_tablet=\u00a0\u00bbdefault\u00a0\u00bb column_direction_phone=\u00a0\u00bbdefault\u00a0\u00bb scene_position=\u00a0\u00bbcenter\u00a0\u00bb top_padding=\u00a0\u00bb50&Prime; bottom_padding=\u00a0\u00bb100&Prime; text_color=\u00a0\u00bbdark\u00a0\u00bb text_align=\u00a0\u00bbleft\u00a0\u00bb row_border_radius=\u00a0\u00bbnone\u00a0\u00bb row_border_radius_applies=\u00a0\u00bbbg\u00a0\u00bb overlay_strength=\u00a0\u00bb0.3&Prime; gradient_direction=\u00a0\u00bbleft_to_right\u00a0\u00bb shape_divider_position=\u00a0\u00bbbottom\u00a0\u00bb bg_image_animation=\u00a0\u00bbnone\u00a0\u00bb shape_type=\u00a0\u00bb\u00a0\u00bb][vc_column column_padding=\u00a0\u00bbno-extra-padding\u00a0\u00bb column_padding_tablet=\u00a0\u00bbinherit\u00a0\u00bb column_padding_phone=\u00a0\u00bbinherit\u00a0\u00bb column_padding_position=\u00a0\u00bball\u00a0\u00bb background_color_opacity=\u00a0\u00bb1&Prime; background_hover_color_opacity=\u00a0\u00bb1&Prime; column_shadow=\u00a0\u00bbnone\u00a0\u00bb column_border_radius=\u00a0\u00bbnone\u00a0\u00bb column_link_target=\u00a0\u00bb_self\u00a0\u00bb gradient_direction=\u00a0\u00bbleft_to_right\u00a0\u00bb overlay_strength=\u00a0\u00bb0.3&Prime; width=\u00a0\u00bb1\/6&Prime; tablet_width_inherit=\u00a0\u00bbdefault\u00a0\u00bb tablet_text_alignment=\u00a0\u00bbdefault\u00a0\u00bb phone_text_alignment=\u00a0\u00bbdefault\u00a0\u00bb column_border_width=\u00a0\u00bbnone\u00a0\u00bb column_border_style=\u00a0\u00bbsolid\u00a0\u00bb bg_image_animation=\u00a0\u00bbnone\u00a0\u00bb][\/vc_column][vc_column column_padding=\u00a0\u00bbno-extra-padding\u00a0\u00bb column_padding_tablet=\u00a0\u00bbinherit\u00a0\u00bb column_padding_phone=\u00a0\u00bbinherit\u00a0\u00bb column_padding_position=\u00a0\u00bball\u00a0\u00bb background_color_opacity=\u00a0\u00bb1&Prime; background_hover_color_opacity=\u00a0\u00bb1&Prime; column_shadow=\u00a0\u00bbnone\u00a0\u00bb column_border_radius=\u00a0\u00bbnone\u00a0\u00bb column_link_target=\u00a0\u00bb_self\u00a0\u00bb gradient_direction=\u00a0\u00bbleft_to_right\u00a0\u00bb overlay_strength=\u00a0\u00bb0.3&Prime; width=\u00a0\u00bb2\/3&Prime; tablet_width_inherit=\u00a0\u00bbdefault\u00a0\u00bb tablet_text_alignment=\u00a0\u00bbdefault\u00a0\u00bb phone_text_alignment=\u00a0\u00bbdefault\u00a0\u00bb column_border_width=\u00a0\u00bbnone\u00a0\u00bb column_border_style=\u00a0\u00bbsolid\u00a0\u00bb bg_image_animation=\u00a0\u00bbnone\u00a0\u00bb][vc_column_text]\n<h1 style=\"color: #b28d56\">Politique de confidentialit\u00e9 R\u00e9seaux Sociaux<\/h1>\n[\/vc_column_text][vc_column_text]Conform\u00e9ment aux dispositions de la l\u00e9gislation en vigueur et applicable en mati\u00e8re de protection des donn\u00e9es personnelles et de la loi 34\/2002, du 11 juillet, sur les services de la soci\u00e9t\u00e9 de l&rsquo;information et le commerce \u00e9lectronique (LSSI-CE), FONTANALS ESPORTIVA SA informe les utilisateurs qu&rsquo;elle a proc\u00e9d\u00e9 \u00e0 la cr\u00e9ation d&rsquo;un profil sur le(s) r\u00e9seau(x) social(aux) Facebook, Twitter, Instagram, dans le but principal de faire la publicit\u00e9 de ses produits et services.<\/p>\n<p>Donn\u00e9es de FONTANALS ESPORTIVA SA :<\/p>\n<p>Num\u00e9ro d\u2019Identification Fiscal (NIF) : A59985234<br \/>\nADRESSE : CASANOVA 211 ENTLO 2a 08021, BARCELONA<br \/>\nCOURRIEL : hola@fontanalsgolfclub.com<br \/>\nDOMAINE WEB : www.fontanalsgolfclub.com<\/p>\n<p>L&rsquo;utilisateur poss\u00e8de un profil sur le m\u00eame R\u00e9seau social et a d\u00e9cid\u00e9 de rejoindre la page cr\u00e9\u00e9e par FONTANALS ESPORTIVA SA, manifestant ainsi son int\u00e9r\u00eat pour les informations publi\u00e9es sur le R\u00e9seau. En rejoignant notre page, vous nous donnez votre accord pour traiter les donn\u00e9es personnelles publi\u00e9es dans votre profil.<\/p>\n<p>L&rsquo;utilisateur peut acc\u00e9der \u00e0 tout moment aux politiques de confidentialit\u00e9 du R\u00e9seau social lui-m\u00eame, ainsi que configurer son profil pour garantir sa vie priv\u00e9e.<\/p>\n<p>FONTANALS ESPORTIVA SA a acc\u00e8s et traite les informations publiques de l&rsquo;utilisateur, notamment son nom de contact. Ces donn\u00e9es ne sont utilis\u00e9es qu&rsquo;au sein du r\u00e9seau social lui-m\u00eame. Ils ne sont pas incorpor\u00e9s dans un syst\u00e8me de traitement.<\/p>\n<p><em>Droits des int\u00e9ress\u00e9s<\/em><\/p>\n<p>En ce qui concerne les droits d&rsquo;acc\u00e8s, de rectification, de limitation du traitement, de suppression, de portabilit\u00e9 et d&rsquo;opposition au traitement de vos donn\u00e9es personnelles, dont vous disposez et que vous pouvez exercer aupr\u00e8s de FONTANALS ESPORTIVA SA, conform\u00e9ment au RGPD, vous devez tenir compte des aspects suivants :<\/p>\n<div class=\"page\" title=\"Page 25\">\n<div class=\"layoutArea\">\n<div class=\"column\">\n<ul>\n<li>Droit d&rsquo;acc\u00e8s : il s&rsquo;agit du droit de l&rsquo;utilisateur d&rsquo;obtenir des informations sur ses donn\u00e9es personnelles sp\u00e9cifiques et sur le traitement qui a \u00e9t\u00e9 ou est effectu\u00e9, ainsi que les informations disponibles sur l&rsquo;origine de ces donn\u00e9es et les communications effectu\u00e9es ou pr\u00e9vues pour ces donn\u00e9es.<\/li>\n<li>Droit de rectification : il s&rsquo;agit du droit de la partie concern\u00e9e de modifier les donn\u00e9es qui sont inexactes ou incompl\u00e8tes. Ceci ne peut \u00eatre satisfait que par rapport aux informations qui sont sous le contr\u00f4le de FONTANALS ESPORTIVA SA, par exemple, la suppression des commentaires publi\u00e9s sur la page elle-m\u00eame, des images ou des contenus Web contenant les donn\u00e9es personnelles de l&rsquo;utilisateur.<\/li>\n<li>Droit \u00e0 la limitation du traitement : il s&rsquo;agit du droit de faire limiter les objectifs du traitement initialement pr\u00e9vus par le responsable du traitement.<\/li>\n<li>Droit de suppression : il s&rsquo;agit du droit de supprimer les donn\u00e9es personnelles de l&rsquo;utilisateur, \u00e0 l&rsquo;exception des dispositions du RGPD lui-m\u00eame ou d&rsquo;autres r\u00e9glementations applicables qui d\u00e9terminent le caract\u00e8re obligatoire de la conservation de celles-ci, en bonne et due forme.<\/li>\n<li>Droit \u00e0 la portabilit\u00e9 : le droit de recevoir les donn\u00e9es personnelles fournies par l&rsquo;utilisateur dans un format structur\u00e9, couramment utilis\u00e9 et lisible par machine et de les transmettre \u00e0 un autre responsable du traitement des donn\u00e9es.<\/li>\n<li>Droit d&rsquo;opposition : il s&rsquo;agit du droit de l&rsquo;utilisateur de ne pas faire traiter ses donn\u00e9es personnelles ou de faire cesser le traitement de ces donn\u00e9es par FONTANALS ESPORTIVA SA.<\/li>\n<\/ul>\n<p>FONTANALS ESPORTIVA SA r\u00e9alisera les actions suivantes :<\/p>\n<ul>\n<li>Acc\u00e8s aux informations publiques du profil.<\/li>\n<li>Publication dans le profil de l&rsquo;utilisateur de toutes les informations d\u00e9j\u00e0 publi\u00e9es sur le site de FONTANALS ESPORTIVA SA.<\/li>\n<li>Envoyer des messages personnels et individuels via les canaux des R\u00e9seaux sociaux.<\/li>\n<li>Mise \u00e0 jour du statut de la page \u00e0 publier sur le profil de l&rsquo;utilisateur.<\/li>\n<\/ul>\n<p>Vous pouvez toujours contr\u00f4ler vos connexions, supprimer les contenus qui ne vous int\u00e9ressent plus et limiter les personnes avec lesquelles vous partagez vos connexions en acc\u00e9dant \u00e0 vos param\u00e8tres de confidentialit\u00e9.<\/p>\n<p><em>Publications<\/em><\/p>\n<\/div>\n<\/div>\n<div class=\"page\" title=\"Page 26\">\n<div class=\"layoutArea\">\n<div class=\"column\">L&rsquo;utilisateur, une fois li\u00e9 \u00e0 la page de FONTANALS ESPORTIVA SA, pourra publier sur cette derni\u00e8re des commentaires, des liens, des images ou des photographies ou tout autre type de contenu multim\u00e9dia pris en charge par le R\u00e9seau social. L&rsquo;utilisateur, dans tous les cas, doit en \u00eatre le propri\u00e9taire, d\u00e9tenir les droits d&rsquo;auteur et de propri\u00e9t\u00e9 intellectuelle ou avoir le consentement des tiers concern\u00e9s. Toute publication sur la page, qu&rsquo;il s&rsquo;agisse de textes, de graphiques, de photographies, de vid\u00e9os, etc., qui porte ou est susceptible de porter atteinte \u00e0 la morale, \u00e0 l&rsquo;\u00e9thique, au bon go\u00fbt ou \u00e0 la biens\u00e9ance, et\/ou qui porte atteinte, viole ou enfreint les droits de propri\u00e9t\u00e9 intellectuelle ou industrielle, le droit \u00e0 l&rsquo;image ou la Loi, est express\u00e9ment interdite. Dans ces cas, FONTANALS ESPORTIVA SA se r\u00e9serve le droit de supprimer imm\u00e9diatement le contenu, et peut demander le blocage permanent de l&rsquo;utilisateur.<\/div>\n<div><\/div>\n<div class=\"column\">FONTANALS ESPORTIVA SA ne sera pas tenue responsable des contenus publi\u00e9s librement par un utilisateur. L&rsquo;utilisateur doit garder \u00e0 l&rsquo;esprit que ses publications seront connues des autres utilisateurs, il est donc le principal responsable de sa vie priv\u00e9e. Les images qui peuvent \u00eatre publi\u00e9es sur la page ne seront stock\u00e9es dans aucun syst\u00e8me de traitement par FONTANALS ESPORTIVA SA, mais elles resteront sur le R\u00e9seau social.<\/div>\n<div><\/div>\n<\/div>\n<\/div>\n<\/div>\n<div><em>Concours et promotions<\/em><\/div>\n<div>FONTANALS ESPORTIVA SA se r\u00e9serve le droit de r\u00e9aliser des concours et des promotions, auxquels l&rsquo;utilisateur li\u00e9 \u00e0 sa page pourra participer. Les bases de chacune d&rsquo;entre elles, lorsque la plateforme du r\u00e9seau social est utilis\u00e9e \u00e0 cette fin, seront publi\u00e9es sur cette derni\u00e8re. En respectant toujours la LSSI-CE et toute autre r\u00e9glementation applicable. Le R\u00e9seau social ne sponsorise, n&rsquo;approuve ni n&rsquo;administre, de quelque mani\u00e8re que ce soit, aucune de nos promotions, et n&rsquo;est associ\u00e9 \u00e0 aucune d&rsquo;entre elles.<\/div>\n<div><\/div>\n<div><em>Publicit\u00e9<\/em><\/div>\n<div>FONTANALS ESPORTIVA SA utilisera le R\u00e9seau social pour faire de la publicit\u00e9 pour ses produits et services, dans tous les cas, si elle d\u00e9cide d&rsquo;utiliser vos coordonn\u00e9es pour r\u00e9aliser des actions de prospection commerciale directe, ce sera toujours dans le respect des exigences l\u00e9gales du RGPD et de la LSSI-CE.<\/div>\n<div>Recommander le site Web de FONTANALS ESPORTIVA SA \u00e0 d&rsquo;autres utilisateurs afin qu&rsquo;ils puissent \u00e9galement b\u00e9n\u00e9ficier de promotions ou \u00eatre inform\u00e9s de son activit\u00e9 ne sera pas consid\u00e9r\u00e9 comme de la publicit\u00e9.<\/div>\n<div>\n<div class=\"page\" title=\"Page 27\">\n<div class=\"layoutArea\">\n<div class=\"column\">\n<p>Vous trouverez ci-dessous le lien vers la politique de confidentialit\u00e9 du R\u00e9seau social :<\/p>\n<ul>\n<li>Facebook: <a href=\"https:\/\/www.facebook.com\/help\/323540651073243\/\">https:\/\/www.facebook.com\/help\/323540651073243\/<\/a><\/li>\n<li>Twitter: <a href=\"https:\/\/twitter.com\/privacy\">https:\/\/twitter.com\/privacy<\/a><\/li>\n<li>Instagram: <a href=\"http:\/\/instagram.com\/about\/legal\/privacy\/\">http:\/\/instagram.com\/about\/legal\/privacy\/<\/a><\/li>\n<\/ul>\n<p><strong>DERNI\u00c8RE MISE \u00c0 JOUR : 19 mai 2021<\/strong><\/p>\n<\/div>\n<\/div>\n<\/div>\n<\/div>\n[\/vc_column_text][\/vc_column][vc_column column_padding=\u00a0\u00bbno-extra-padding\u00a0\u00bb column_padding_tablet=\u00a0\u00bbinherit\u00a0\u00bb column_padding_phone=\u00a0\u00bbinherit\u00a0\u00bb column_padding_position=\u00a0\u00bball\u00a0\u00bb background_color_opacity=\u00a0\u00bb1&Prime; background_hover_color_opacity=\u00a0\u00bb1&Prime; column_shadow=\u00a0\u00bbnone\u00a0\u00bb column_border_radius=\u00a0\u00bbnone\u00a0\u00bb column_link_target=\u00a0\u00bb_self\u00a0\u00bb gradient_direction=\u00a0\u00bbleft_to_right\u00a0\u00bb overlay_strength=\u00a0\u00bb0.3&Prime; width=\u00a0\u00bb1\/6&Prime; tablet_width_inherit=\u00a0\u00bbdefault\u00a0\u00bb tablet_text_alignment=\u00a0\u00bbdefault\u00a0\u00bb phone_text_alignment=\u00a0\u00bbdefault\u00a0\u00bb column_border_width=\u00a0\u00bbnone\u00a0\u00bb column_border_style=\u00a0\u00bbsolid\u00a0\u00bb bg_image_animation=\u00a0\u00bbnone\u00a0\u00bb][\/vc_column][\/vc_row]\n","protected":false},"excerpt":{"rendered":"<p>[vc_row type=\u00a0\u00bbfull_width_background\u00a0\u00bb full_screen_row_position=\u00a0\u00bbmiddle\u00a0\u00bb column_margin=\u00a0\u00bbdefault\u00a0\u00bb column_direction=\u00a0\u00bbdefault\u00a0\u00bb column_direction_tablet=\u00a0\u00bbdefault\u00a0\u00bb column_direction_phone=\u00a0\u00bbdefault\u00a0\u00bb scene_position=\u00a0\u00bbcenter\u00a0\u00bb top_padding=\u00a0\u00bb50&Prime; bottom_padding=\u00a0\u00bb100&Prime; text_color=\u00a0\u00bbdark\u00a0\u00bb text_align=\u00a0\u00bbleft\u00a0\u00bb row_border_radius=\u00a0\u00bbnone\u00a0\u00bb row_border_radius_applies=\u00a0\u00bbbg\u00a0\u00bb overlay_strength=\u00a0\u00bb0.3&Prime; gradient_direction=\u00a0\u00bbleft_to_right\u00a0\u00bb shape_divider_position=\u00a0\u00bbbottom\u00a0\u00bb bg_image_animation=\u00a0\u00bbnone\u00a0\u00bb shape_type=\u00a0\u00bb\u00a0\u00bb][vc_column column_padding=\u00a0\u00bbno-extra-padding\u00a0\u00bb column_padding_tablet=\u00a0\u00bbinherit\u00a0\u00bb column_padding_phone=\u00a0\u00bbinherit\u00a0\u00bb column_padding_position=\u00a0\u00bball\u00a0\u00bb background_color_opacity=\u00a0\u00bb1&Prime; background_hover_color_opacity=\u00a0\u00bb1&Prime; column_shadow=\u00a0\u00bbnone\u00a0\u00bb column_border_radius=\u00a0\u00bbnone\u00a0\u00bb column_link_target=\u00a0\u00bb_self\u00a0\u00bb gradient_direction=\u00a0\u00bbleft_to_right\u00a0\u00bb overlay_strength=\u00a0\u00bb0.3&Prime;&#8230;<\/p>\n","protected":false},"author":1,"featured_media":0,"parent":0,"menu_order":0,"comment_status":"closed","ping_status":"closed","template":"","meta":{"footnotes":""},"class_list":["post-7528","page","type-page","status-publish"],"yoast_head":"<!-- This site is optimized with the Yoast SEO plugin v27.5 - https:\/\/yoast.com\/product\/yoast-seo-wordpress\/ -->\n<title>Politique de confidentialit\u00e9 R\u00e9seaux Sociaux - Fontanals Golf Club<\/title>\n<meta name=\"robots\" content=\"index, follow, max-snippet:-1, max-image-preview:large, max-video-preview:-1\" \/>\n<link rel=\"canonical\" href=\"https:\/\/fontanalsgolfclub.com\/fr\/politique-de-confidentialite-reseaux-sociaux\/\" \/>\n<meta property=\"og:locale\" content=\"fr_FR\" \/>\n<meta property=\"og:type\" content=\"article\" \/>\n<meta property=\"og:title\" content=\"Politique de confidentialit\u00e9 R\u00e9seaux Sociaux - Fontanals Golf Club\" \/>\n<meta property=\"og:description\" content=\"[vc_row type=\u00a0\u00bbfull_width_background\u00a0\u00bb full_screen_row_position=\u00a0\u00bbmiddle\u00a0\u00bb column_margin=\u00a0\u00bbdefault\u00a0\u00bb column_direction=\u00a0\u00bbdefault\u00a0\u00bb column_direction_tablet=\u00a0\u00bbdefault\u00a0\u00bb column_direction_phone=\u00a0\u00bbdefault\u00a0\u00bb scene_position=\u00a0\u00bbcenter\u00a0\u00bb top_padding=\u00a0\u00bb50&Prime; bottom_padding=\u00a0\u00bb100&Prime; text_color=\u00a0\u00bbdark\u00a0\u00bb text_align=\u00a0\u00bbleft\u00a0\u00bb row_border_radius=\u00a0\u00bbnone\u00a0\u00bb row_border_radius_applies=\u00a0\u00bbbg\u00a0\u00bb overlay_strength=\u00a0\u00bb0.3&Prime; gradient_direction=\u00a0\u00bbleft_to_right\u00a0\u00bb shape_divider_position=\u00a0\u00bbbottom\u00a0\u00bb bg_image_animation=\u00a0\u00bbnone\u00a0\u00bb shape_type=\u00a0\u00bb\u00a0\u00bb][vc_column column_padding=\u00a0\u00bbno-extra-padding\u00a0\u00bb column_padding_tablet=\u00a0\u00bbinherit\u00a0\u00bb column_padding_phone=\u00a0\u00bbinherit\u00a0\u00bb column_padding_position=\u00a0\u00bball\u00a0\u00bb background_color_opacity=\u00a0\u00bb1&Prime; background_hover_color_opacity=\u00a0\u00bb1&Prime; column_shadow=\u00a0\u00bbnone\u00a0\u00bb column_border_radius=\u00a0\u00bbnone\u00a0\u00bb column_link_target=\u00a0\u00bb_self\u00a0\u00bb gradient_direction=\u00a0\u00bbleft_to_right\u00a0\u00bb overlay_strength=\u00a0\u00bb0.3&Prime;...\" \/>\n<meta property=\"og:url\" content=\"https:\/\/fontanalsgolfclub.com\/fr\/politique-de-confidentialite-reseaux-sociaux\/\" \/>\n<meta property=\"og:site_name\" content=\"Fontanals Golf Club\" \/>\n<meta property=\"article:publisher\" content=\"https:\/\/www.facebook.com\/fontanalsgolfclub\/\" \/>\n<meta property=\"article:modified_time\" content=\"2022-08-08T07:29:52+00:00\" \/>\n<meta name=\"twitter:card\" content=\"summary_large_image\" \/>\n<meta name=\"twitter:site\" content=\"@FontanalsGolf\" \/>\n<meta name=\"twitter:label1\" content=\"Dur\u00e9e de lecture estim\u00e9e\" \/>\n\t<meta name=\"twitter:data1\" content=\"7 minutes\" \/>\n<script type=\"application\/ld+json\" class=\"yoast-schema-graph\">{\"@context\":\"https:\\\/\\\/schema.org\",\"@graph\":[{\"@type\":\"WebPage\",\"@id\":\"https:\\\/\\\/fontanalsgolfclub.com\\\/fr\\\/politique-de-confidentialite-reseaux-sociaux\\\/\",\"url\":\"https:\\\/\\\/fontanalsgolfclub.com\\\/fr\\\/politique-de-confidentialite-reseaux-sociaux\\\/\",\"name\":\"Politique de confidentialit\u00e9 R\u00e9seaux Sociaux - Fontanals Golf Club\",\"isPartOf\":{\"@id\":\"https:\\\/\\\/fontanalsgolfclub.com\\\/fr\\\/#website\"},\"datePublished\":\"2022-08-08T07:26:35+00:00\",\"dateModified\":\"2022-08-08T07:29:52+00:00\",\"breadcrumb\":{\"@id\":\"https:\\\/\\\/fontanalsgolfclub.com\\\/fr\\\/politique-de-confidentialite-reseaux-sociaux\\\/#breadcrumb\"},\"inLanguage\":\"fr-FR\",\"potentialAction\":[{\"@type\":\"ReadAction\",\"target\":[\"https:\\\/\\\/fontanalsgolfclub.com\\\/fr\\\/politique-de-confidentialite-reseaux-sociaux\\\/\"]}]},{\"@type\":\"BreadcrumbList\",\"@id\":\"https:\\\/\\\/fontanalsgolfclub.com\\\/fr\\\/politique-de-confidentialite-reseaux-sociaux\\\/#breadcrumb\",\"itemListElement\":[{\"@type\":\"ListItem\",\"position\":1,\"name\":\"Portada\",\"item\":\"https:\\\/\\\/fontanalsgolfclub.com\\\/fr\\\/\"},{\"@type\":\"ListItem\",\"position\":2,\"name\":\"Politique de confidentialit\u00e9 R\u00e9seaux Sociaux\"}]},{\"@type\":\"WebSite\",\"@id\":\"https:\\\/\\\/fontanalsgolfclub.com\\\/fr\\\/#website\",\"url\":\"https:\\\/\\\/fontanalsgolfclub.com\\\/fr\\\/\",\"name\":\"Fontanals Golf Club\",\"description\":\"Uno de los mejores campos de golf de Espa\u00f1a\",\"publisher\":{\"@id\":\"https:\\\/\\\/fontanalsgolfclub.com\\\/fr\\\/#organization\"},\"potentialAction\":[{\"@type\":\"SearchAction\",\"target\":{\"@type\":\"EntryPoint\",\"urlTemplate\":\"https:\\\/\\\/fontanalsgolfclub.com\\\/fr\\\/?s={search_term_string}\"},\"query-input\":{\"@type\":\"PropertyValueSpecification\",\"valueRequired\":true,\"valueName\":\"search_term_string\"}}],\"inLanguage\":\"fr-FR\"},{\"@type\":\"Organization\",\"@id\":\"https:\\\/\\\/fontanalsgolfclub.com\\\/fr\\\/#organization\",\"name\":\"Fontanals Golf Club\",\"url\":\"https:\\\/\\\/fontanalsgolfclub.com\\\/fr\\\/\",\"logo\":{\"@type\":\"ImageObject\",\"inLanguage\":\"fr-FR\",\"@id\":\"https:\\\/\\\/fontanalsgolfclub.com\\\/fr\\\/#\\\/schema\\\/logo\\\/image\\\/\",\"url\":\"https:\\\/\\\/fontanalsgolfclub.com\\\/wp-content\\\/uploads\\\/2019\\\/05\\\/logo_fontanals_fosc@2x.png\",\"contentUrl\":\"https:\\\/\\\/fontanalsgolfclub.com\\\/wp-content\\\/uploads\\\/2019\\\/05\\\/logo_fontanals_fosc@2x.png\",\"width\":320,\"height\":208,\"caption\":\"Fontanals Golf Club\"},\"image\":{\"@id\":\"https:\\\/\\\/fontanalsgolfclub.com\\\/fr\\\/#\\\/schema\\\/logo\\\/image\\\/\"},\"sameAs\":[\"https:\\\/\\\/www.facebook.com\\\/fontanalsgolfclub\\\/\",\"https:\\\/\\\/x.com\\\/FontanalsGolf\",\"https:\\\/\\\/www.instagram.com\\\/fontanalsgolfclub\\\/\"]}]}<\/script>\n<!-- \/ Yoast SEO plugin. -->","yoast_head_json":{"title":"Politique de confidentialit\u00e9 R\u00e9seaux Sociaux - Fontanals Golf Club","robots":{"index":"index","follow":"follow","max-snippet":"max-snippet:-1","max-image-preview":"max-image-preview:large","max-video-preview":"max-video-preview:-1"},"canonical":"https:\/\/fontanalsgolfclub.com\/fr\/politique-de-confidentialite-reseaux-sociaux\/","og_locale":"fr_FR","og_type":"article","og_title":"Politique de confidentialit\u00e9 R\u00e9seaux Sociaux - Fontanals Golf Club","og_description":"[vc_row type=\u00a0\u00bbfull_width_background\u00a0\u00bb full_screen_row_position=\u00a0\u00bbmiddle\u00a0\u00bb column_margin=\u00a0\u00bbdefault\u00a0\u00bb column_direction=\u00a0\u00bbdefault\u00a0\u00bb column_direction_tablet=\u00a0\u00bbdefault\u00a0\u00bb column_direction_phone=\u00a0\u00bbdefault\u00a0\u00bb scene_position=\u00a0\u00bbcenter\u00a0\u00bb top_padding=\u00a0\u00bb50&Prime; bottom_padding=\u00a0\u00bb100&Prime; text_color=\u00a0\u00bbdark\u00a0\u00bb text_align=\u00a0\u00bbleft\u00a0\u00bb row_border_radius=\u00a0\u00bbnone\u00a0\u00bb row_border_radius_applies=\u00a0\u00bbbg\u00a0\u00bb overlay_strength=\u00a0\u00bb0.3&Prime; gradient_direction=\u00a0\u00bbleft_to_right\u00a0\u00bb shape_divider_position=\u00a0\u00bbbottom\u00a0\u00bb bg_image_animation=\u00a0\u00bbnone\u00a0\u00bb shape_type=\u00a0\u00bb\u00a0\u00bb][vc_column column_padding=\u00a0\u00bbno-extra-padding\u00a0\u00bb column_padding_tablet=\u00a0\u00bbinherit\u00a0\u00bb column_padding_phone=\u00a0\u00bbinherit\u00a0\u00bb column_padding_position=\u00a0\u00bball\u00a0\u00bb background_color_opacity=\u00a0\u00bb1&Prime; background_hover_color_opacity=\u00a0\u00bb1&Prime; column_shadow=\u00a0\u00bbnone\u00a0\u00bb column_border_radius=\u00a0\u00bbnone\u00a0\u00bb column_link_target=\u00a0\u00bb_self\u00a0\u00bb gradient_direction=\u00a0\u00bbleft_to_right\u00a0\u00bb overlay_strength=\u00a0\u00bb0.3&Prime;...","og_url":"https:\/\/fontanalsgolfclub.com\/fr\/politique-de-confidentialite-reseaux-sociaux\/","og_site_name":"Fontanals Golf Club","article_publisher":"https:\/\/www.facebook.com\/fontanalsgolfclub\/","article_modified_time":"2022-08-08T07:29:52+00:00","twitter_card":"summary_large_image","twitter_site":"@FontanalsGolf","twitter_misc":{"Dur\u00e9e de lecture estim\u00e9e":"7 minutes"},"schema":{"@context":"https:\/\/schema.org","@graph":[{"@type":"WebPage","@id":"https:\/\/fontanalsgolfclub.com\/fr\/politique-de-confidentialite-reseaux-sociaux\/","url":"https:\/\/fontanalsgolfclub.com\/fr\/politique-de-confidentialite-reseaux-sociaux\/","name":"Politique de confidentialit\u00e9 R\u00e9seaux Sociaux - Fontanals Golf Club","isPartOf":{"@id":"https:\/\/fontanalsgolfclub.com\/fr\/#website"},"datePublished":"2022-08-08T07:26:35+00:00","dateModified":"2022-08-08T07:29:52+00:00","breadcrumb":{"@id":"https:\/\/fontanalsgolfclub.com\/fr\/politique-de-confidentialite-reseaux-sociaux\/#breadcrumb"},"inLanguage":"fr-FR","potentialAction":[{"@type":"ReadAction","target":["https:\/\/fontanalsgolfclub.com\/fr\/politique-de-confidentialite-reseaux-sociaux\/"]}]},{"@type":"BreadcrumbList","@id":"https:\/\/fontanalsgolfclub.com\/fr\/politique-de-confidentialite-reseaux-sociaux\/#breadcrumb","itemListElement":[{"@type":"ListItem","position":1,"name":"Portada","item":"https:\/\/fontanalsgolfclub.com\/fr\/"},{"@type":"ListItem","position":2,"name":"Politique de confidentialit\u00e9 R\u00e9seaux Sociaux"}]},{"@type":"WebSite","@id":"https:\/\/fontanalsgolfclub.com\/fr\/#website","url":"https:\/\/fontanalsgolfclub.com\/fr\/","name":"Fontanals Golf Club","description":"Uno de los mejores campos de golf de Espa\u00f1a","publisher":{"@id":"https:\/\/fontanalsgolfclub.com\/fr\/#organization"},"potentialAction":[{"@type":"SearchAction","target":{"@type":"EntryPoint","urlTemplate":"https:\/\/fontanalsgolfclub.com\/fr\/?s={search_term_string}"},"query-input":{"@type":"PropertyValueSpecification","valueRequired":true,"valueName":"search_term_string"}}],"inLanguage":"fr-FR"},{"@type":"Organization","@id":"https:\/\/fontanalsgolfclub.com\/fr\/#organization","name":"Fontanals Golf Club","url":"https:\/\/fontanalsgolfclub.com\/fr\/","logo":{"@type":"ImageObject","inLanguage":"fr-FR","@id":"https:\/\/fontanalsgolfclub.com\/fr\/#\/schema\/logo\/image\/","url":"https:\/\/fontanalsgolfclub.com\/wp-content\/uploads\/2019\/05\/logo_fontanals_fosc@2x.png","contentUrl":"https:\/\/fontanalsgolfclub.com\/wp-content\/uploads\/2019\/05\/logo_fontanals_fosc@2x.png","width":320,"height":208,"caption":"Fontanals Golf Club"},"image":{"@id":"https:\/\/fontanalsgolfclub.com\/fr\/#\/schema\/logo\/image\/"},"sameAs":["https:\/\/www.facebook.com\/fontanalsgolfclub\/","https:\/\/x.com\/FontanalsGolf","https:\/\/www.instagram.com\/fontanalsgolfclub\/"]}]}},"_links":{"self":[{"href":"https:\/\/fontanalsgolfclub.com\/fr\/wp-json\/wp\/v2\/pages\/7528","targetHints":{"allow":["GET"]}}],"collection":[{"href":"https:\/\/fontanalsgolfclub.com\/fr\/wp-json\/wp\/v2\/pages"}],"about":[{"href":"https:\/\/fontanalsgolfclub.com\/fr\/wp-json\/wp\/v2\/types\/page"}],"author":[{"embeddable":true,"href":"https:\/\/fontanalsgolfclub.com\/fr\/wp-json\/wp\/v2\/users\/1"}],"replies":[{"embeddable":true,"href":"https:\/\/fontanalsgolfclub.com\/fr\/wp-json\/wp\/v2\/comments?post=7528"}],"version-history":[{"count":5,"href":"https:\/\/fontanalsgolfclub.com\/fr\/wp-json\/wp\/v2\/pages\/7528\/revisions"}],"predecessor-version":[{"id":7533,"href":"https:\/\/fontanalsgolfclub.com\/fr\/wp-json\/wp\/v2\/pages\/7528\/revisions\/7533"}],"wp:attachment":[{"href":"https:\/\/fontanalsgolfclub.com\/fr\/wp-json\/wp\/v2\/media?parent=7528"}],"curies":[{"name":"wp","href":"https:\/\/api.w.org\/{rel}","templated":true}]}}